{"id":5222,"date":"2026-04-28T18:53:47","date_gmt":"2026-04-28T16:53:47","guid":{"rendered":"https:\/\/payra-monvillage.fr\/?page_id=5222"},"modified":"2026-04-28T18:53:47","modified_gmt":"2026-04-28T16:53:47","slug":"budget-2026-commune-payra","status":"publish","type":"page","link":"https:\/\/payra-monvillage.fr\/index.php\/budget-2026-commune-payra\/","title":{"rendered":"BUDGET 2026 commune Payra"},"content":{"rendered":"\n<h1 class=\"wp-block-heading\">Note de pr\u00e9sentation br\u00e8ve et synth\u00e9tique budget 2026<\/h1>\n\n\n<div class=\"wp-block-image\">\n<figure class=\"alignleft\"><a href=\"https:\/\/www.payrasurlhers.fr\/wp-content\/uploads\/2026\/04\/BP-2026-Note-de-presentation-breve-et-synthetique-1.png\"><img decoding=\"async\" src=\"https:\/\/www.payrasurlhers.fr\/wp-content\/uploads\/2026\/04\/BP-2026-Note-de-presentation-breve-et-synthetique-1-724x1024.png\" alt=\"\" class=\"wp-image-9370\"\/><\/a><\/figure>\n<\/div>\n\n<div class=\"wp-block-image\">\n<figure class=\"alignleft\"><a href=\"https:\/\/www.payrasurlhers.fr\/wp-content\/uploads\/2026\/04\/BP-2026-Note-de-presentation-breve-et-synthetique-2.png\"><img decoding=\"async\" src=\"https:\/\/www.payrasurlhers.fr\/wp-content\/uploads\/2026\/04\/BP-2026-Note-de-presentation-breve-et-synthetique-2-724x1024.png\" alt=\"\" class=\"wp-image-9371\"\/><\/a><\/figure>\n<\/div>","protected":false},"excerpt":{"rendered":"<p>Note de pr\u00e9sentation br\u00e8ve et synth\u00e9tique budget 2026<\/p>\n","protected":false},"author":1,"featured_media":0,"parent":0,"menu_order":0,"comment_status":"closed","ping_status":"closed","template":"","meta":{"footnotes":""},"class_list":["post-5222","page","type-page","status-publish","hentry"],"_links":{"self":[{"href":"https:\/\/payra-monvillage.fr\/index.php\/wp-json\/wp\/v2\/pages\/5222","targetHints":{"allow":["GET"]}}],"collection":[{"href":"https:\/\/payra-monvillage.fr\/index.php\/wp-json\/wp\/v2\/pages"}],"about":[{"href":"https:\/\/payra-monvillage.fr\/index.php\/wp-json\/wp\/v2\/types\/page"}],"author":[{"embeddable":true,"href":"https:\/\/payra-monvillage.fr\/index.php\/wp-json\/wp\/v2\/users\/1"}],"replies":[{"embeddable":true,"href":"https:\/\/payra-monvillage.fr\/index.php\/wp-json\/wp\/v2\/comments?post=5222"}],"version-history":[{"count":2,"href":"https:\/\/payra-monvillage.fr\/index.php\/wp-json\/wp\/v2\/pages\/5222\/revisions"}],"predecessor-version":[{"id":5224,"href":"https:\/\/payra-monvillage.fr\/index.php\/wp-json\/wp\/v2\/pages\/5222\/revisions\/5224"}],"wp:attachment":[{"href":"https:\/\/payra-monvillage.fr\/index.php\/wp-json\/wp\/v2\/media?parent=5222"}],"curies":[{"name":"wp","href":"https:\/\/api.w.org\/{rel}","templated":true}]}}