{"id":5107,"date":"2026-03-01T11:48:37","date_gmt":"2026-03-01T10:48:37","guid":{"rendered":"https:\/\/payra-monvillage.fr\/?page_id=5107"},"modified":"2026-03-01T11:48:37","modified_gmt":"2026-03-01T10:48:37","slug":"pv-de-lag-des-chemins-retrouves-21-fevrier-2026","status":"publish","type":"page","link":"https:\/\/payra-monvillage.fr\/index.php\/pv-de-lag-des-chemins-retrouves-21-fevrier-2026\/","title":{"rendered":"PV de l&rsquo;AG DES CHEMINS RETROUVES 21 FEVRIER 2026"},"content":{"rendered":"\n<p>Bonsoir \u00e0 tous les adh\u00e9rents,<\/p>\n\n\n\n<p>Vous trouverez ci-joint le PV de AG des CHEMINS RETROUVES du 21 f\u00e9vrier 2026.<\/p>\n\n\n\n<p>Pour ceux qui ne sont pas \u00e0 jour de leur cotisation (10&nbsp;<em>\u20ac<\/em>), vous pouvez la donner directement \u00e0 Monique AMIEL, la tr\u00e9sori\u00e8re ou \u00e0 une autre personne du bureau ou bien envoyer un ch\u00e8que ou un virement aux Chemins Retrouv\u00e9s.<\/p>\n\n\n\n<p>Bonne soir\u00e9e \u00e0 tous,<\/p>\n\n\n\n<p>B\u00e9atrice pour les Chemins Retrouv\u00e9s<\/p>\n\n\n\n<p>Participants<br>Voir liste en annexe.<br>Excus\u00e9s Bernard et Patricia PECH. Tony et Mich\u00e8le. Louis et Mariesol AVELINE. Colete et Ren\u00e9. Camille.<br>El\u00e9ments partag\u00e9s<br>1) Rapport moral du Pr\u00e9sident. Remerciements et retour sur l\u2019ann\u00e9e \u00e9coul\u00e9e. Voir d\u00e9tail en annexe. &#8211;<br>Vot\u00e9 \u00e0 l\u2019unanimit\u00e9.<br>2) Bilan financier. Voir tableau r\u00e9capitulatif au 31\/12\/2025 ci-dessous. Situation saine, m\u00eame si<br>l\u2019association ne dispose que de moyens modestes. Merci \u00e0 Monique notre tr\u00e9sori\u00e8re et \u00e0 la mairie pour<br>son soutien sans faille &#8211; Vot\u00e9 \u00e0 l\u2019unanimit\u00e9.<\/p>\n\n\n\n<figure class=\"wp-block-image size-large\"><img loading=\"lazy\" decoding=\"async\" width=\"1024\" height=\"418\" src=\"https:\/\/payra-monvillage.fr\/wp-content\/uploads\/2026\/03\/image-1024x418.png\" alt=\"\" class=\"wp-image-5109\" srcset=\"https:\/\/payra-monvillage.fr\/wp-content\/uploads\/2026\/03\/image-1024x418.png 1024w, https:\/\/payra-monvillage.fr\/wp-content\/uploads\/2026\/03\/image-300x122.png 300w, https:\/\/payra-monvillage.fr\/wp-content\/uploads\/2026\/03\/image-768x314.png 768w, https:\/\/payra-monvillage.fr\/wp-content\/uploads\/2026\/03\/image-1536x627.png 1536w, https:\/\/payra-monvillage.fr\/wp-content\/uploads\/2026\/03\/image.png 1969w\" sizes=\"auto, (max-width: 767px) 89vw, (max-width: 1000px) 54vw, (max-width: 1071px) 543px, 580px\" \/><\/figure>\n\n\n\n<p><br>3) Participa\u019fon au projet \u00ab \u00e9cho du temps \u00bb. Intervention Emeline DURAND de association Lauragais<br>Nature \u00e0 Salles sur l\u2019Hers. La parole des anciens sera recueillie \u00e0 l\u2019occasion de balades autour du village<br>avec s\u00e9ance de sophrologie, puis partag\u00e9e avec les enfants de l\u2019\u00e9cole de Payra. Voir en annexe. Les<br>personnes int\u00e9ress\u00e9es sont invit\u00e9es \u00e0 s\u2019inscrire (notre v\u00e9t\u00e9rante Jojo est d\u2019ores et d\u00e9j\u00e0 pressente\u2026).<br>D\u00e9part salle du conseil. Objectif 7 participants. h\u01a9ps:\/\/lauragaisnature.wixsite.com\/lauragaisnature<br>4) Maintenance du patrimoine de chemins et sentiers existants (d\u00e9broussaillements et balisage) : A<br>relancer d\u00e9s que possible (trop mouill\u00e9 pour l\u2019instant). Nombreuses reprises de panneaux \u00e0 pr\u00e9voir. La<br>Piboulete s\u2019est dot\u00e9e d\u2019un broyeur vertical qui pourra \u00eatre test\u00e9 pour d\u00e9gager le cot\u00e9 des chemins qui<br>ont tendance \u00e0 s\u2019embroussailler.<br>5) Retours d\u2019information de la part sur les probl\u00e8mes rencontr\u00e9s. Les personnes empruntant les<br>itin\u00e9raires mis en place par les chemins retrouv\u00e9s sont invit\u00e9es \u00e0 faire remonter les \u00e9ventuels<br>dysfonctionnements (panneaux cass\u00e9s, marquage peu visibles, arbres tomb\u00e9s\u2026). Pensez \u00e0 bien<br>localiser et id\u00e9alement \u00e0 joindre une photo. Retour possible via le groupe WhatsApp, par mel<br>joseaveline@gmail.com ou aupr\u00e8s d\u2019un des membres de association. Pour rappel les cartes des<br>diff\u00e9rents itin\u00e9raires sont disponibles sur le site de la mairie &#8211; h\u01a9ps:\/\/www.payrasurlhers.fr\/vivre-apayra-sur-l-hers\/tourisme\/randonnees\/<br>6) Achat de nouveau mat\u00e9riel. En fonction des besoins, un taille haie portatif sur batterie pourra \u00eatre<br>acquis en compl\u00e9ment de ceux pr\u00eat\u00e9s et utilis\u00e9s par les adh\u00e9rents<br>7) Organisation rando de association le lundi de P\u00e2ques (6 avril). R\u00e9serv\u00e9 aux adh\u00e9rents et \u00e0 leur famille.<br>Itin\u00e9raire \u00e0 d\u00e9finir. Est pr\u00e9vu un Piquenique partag\u00e9 au parc communal, ou Piboulete si mauvais temps.<br>8) Organisation de la rando estivale. Ouverte \u00e0 tous, cette randonn\u00e9e autour du village (parcours \u00e0<br>pr\u00e9ciser en fonction de la m\u00e9t\u00e9o) est traditionnellement suivie d\u2019une grillade offerte par association<br>dans le parc communal (repli au pr\u00e9au de l\u2019\u00e9cole en cas de mauvais temps). La date habituelle ( 14<br>ao\u00fbt) \u00e9tant mobilis\u00e9e par le comit\u00e9 des f\u00eates pour une soir\u00e9e pr\u00e9alable \u00e0 la f\u00eate vo\u019fve, la nouvelle date<br>choisie (sur proposition Alix) est le 1er samedi de juillet (d\u00e9but des grandes vacances) soit le 4 juillet<br>pour l\u2019ann\u00e9e 2026. Pensez \u00e0 r\u00e9server votre soir\u00e9e !<br>9) Inscription des chemins retrouv\u00e9s sur l\u2019annuaire \u00ab Hello asso \u00bb dans la cat\u00e9gorie \u00ab randonn\u00e9es \u00bb (\u00e0 ce<br>jour, 9 associations recens\u00e9es sur ce th\u00e8me dans l\u2019Aude). Sera fait par Jos\u00e9, en pr\u00e9cisant bien l\u2019objet<br>prioritaire de notre association (r\u00e9tablir, entretenir et baliser les chemins communaux ou autoris\u00e9s par<br>les propri\u00e9taires en vue de cr\u00e9er des i\u019fn\u00e9raires de promenade et randonn\u00e9e sur la commune de Payra).<br>10) Finalisa\u019fon de l\u2019inscrip\u019fon des i\u019fn\u00e9raires existants sur les sites de rando, sachant qu\u2019Alix \u2013 merci \u00e0<br>elle avait r\u00e9alis\u00e9 ce travail en 2025 sur le site IGN rando qui n\u2019est malheureusement plus maintenu. Site<br>le plus populaire a priori : Viso rando. Alix regardera la faisabilit\u00e9 d\u2019inscrire nos i\u019fn\u00e9raires, l\u2019enjeu \u00e9tant<br>de les partager au maximum afin d\u2019en augmenter la fr\u00e9quenta\u019fon<br>11) Cr\u00e9a\u019fon d\u2019un chemin des mares depuis les chemins existants. Il s\u2019agit d\u2019une nouvelle boucle (sur des<br>chemins d\u00e9j\u00e0 entretenus) qui passerait par Ponteris, la Piboule\u01a9e et Barth\u00e8s. Enjeu observa\u019fon de la<br>faune et de la flore aqua\u019fque. Deux variantes possibles (courte par Versailles et longue via le plateau).<br>Modalit\u00e9s de balisage et de cr\u00e9a\u019fon d\u2019une plaque\u01a9e \u00e0 voir d\u00e9s que possible.<br>12) Recherche des synergies possibles avec les associa\u019fons rando de communes voisines, et notamment<br>Villeneuve la Comptal et Fendeille pour interrelier les i\u019fn\u00e9raires existants. Jos\u00e9 prendra contact avec<br>Thierry BLANDINIERE pour voir la faisabilit\u00e9 et l\u2019organisa\u019fon d\u2019un \u00e9ventuel maillage, d\u00e9j\u00e0 exp\u00e9riment\u00e9<br>par Olivier qui conna\u00eet bien le secteur.<br>13) Projet table d\u2019orienta\u019fon \u00ab Pyr\u00e9n\u00e9es \u00bb. Pourrait \u00eatre posi\u019fonn\u00e9e au droit du ch\u00e2teau d\u2019eau communal<br>(\u00e0 c\u00f4t\u00e9 de la table de pique-nique). Un montage photographique r\u00e9alis\u00e9 par Bruno WALLEME<br>photographe de nature est en cours (photo panoramique de la chaine de montagne) et pourrait servir<br>de base. Alix a fait une recherche sur les modalit\u00e9s de cr\u00e9a\u019fon d\u2019un tel disposi\u019ff (co\u00fbt es\u019fm\u00e9 entre<br>5000 et 15 000 \u20ac, pouvant \u00eatre r\u00e9duit si nous prenons en charge la concep\u019fon graphique et le g\u00e9nie<br>civil). Suite \u00e0 voir : R\u00e9aliser une maque\u01a9e \u00e0 par\u019fr des \u00e9l\u00e9ments disponibles (dont le relev\u00e9 des sommets<br>visibles r\u00e9alis\u00e9 par Alix) et la pr\u00e9senter \u00e0 la commune pour discuter faisabilit\u00e9, maitrise d\u2019ouvrage et<br>financement.<br>14) Promo\u019fon des i\u019fn\u00e9raires \u00ab chemins retrouv\u00e9s). L\u2019objet des chemins retrouv\u00e9s ainsi que les diff\u00e9rents<br>i\u019fn\u00e9raires ont \u00e9t\u00e9 partag\u00e9s aupr\u00e8s d\u2019associa\u019fons de course \u00e0 pied (trail ou courses d\u2019orienta\u019fon) afin<br>de promouvoir la fr\u00e9quenta\u019fon des sen\u019fers.<br>15) Sor\u019fe scolaire. Suite \u00e0 contact avec une des maitresses (Stephanie) \u00e0 voir la possibilit\u00e9 d\u2019accompagner<br>les enfants de l\u2019\u00e9cole pour une sor\u019fe randonn\u00e9e. I\u019fn\u00e9raire pressen\u019f \u00e0 ce stade : Chemin du calvaire<br>pour les pe\u019fts, et passerelle bleu \/ Gafalot \/ Calvaire pour les plus grands.<br>16) Demande de subven\u019fon \u00ab chemins retrouv\u00e9s \u00bb pour 2026. Courrier \u00e0 la mairie \u00e0 pr\u00e9voir.<br>17) Rando de la Pi\u00e8ge. Organis\u00e9e par Energie de la Pi\u00e8ge. Pr\u00e9vue le 14 juin au d\u00e9part de Fajac avec<br>d\u00e9gusta\u019fon au niveau de la Louvi\u00e8re. Toutes les bonnes volont\u00e9s sont les bienvenues.<br>18) Sor\u019fe Espaces Naturels sensibles avec Lauragais Nature le 21 avril 2026 \u00ab d\u00e9couvrir la vie nocturne<br>des mares \u00bb. RDV \u00e0 la Piboule\u01a9e \u00e0 20 H.<br>Jos\u00e9 AVELINE le 21\/02\/2026<br>AG \u00ab les chemins retrouv\u00e9s \u00bb le samedi 21 f\u00e9vrier \u00e0 Payra sur l\u2019Hers.<br>Rapport moral du pr\u00e9sident<br>Je souhaite en premier lieu remercier le bureau et l\u2019ensemble des b\u00e9n\u00e9voles qui \u0153uvrent pour la<br>conserva\u019fon des chemins ruraux et sen\u019fers de Payra sur l\u2019Hers.<br>Remercier la commune, le maire et le conseil municipal pour leur sou\u019fen, tant financier que moral et<br>ins\u019ftu\u019fonnel.<br>Dire notre bonheur et notre fiert\u00e9 de voir les chemins et sen\u019fers r\u00e9guli\u00e8rement emprunt\u00e9s par les<br>randonneurs de tous horizons, contribuant ainsi \u00e0 l\u2019a\u01a9achement et \u00e0 la notori\u00e9t\u00e9 de notre beau village.<br>Saluer enfin la m\u00e9moire de Max, notre ancien pr\u00e9sident, si cher \u00e0 nos c\u0153urs, disparu beaucoup trop vite<br>mais qui nous accompagne en pens\u00e9e et lors de nos randonn\u00e9es et chan\u019fers.<br>Pe\u019ft bilan de l\u2019ann\u00e9e 2025 : Nous sommes 21 adh\u00e9rents au sein de l\u2019associa\u019fon \u00ab les chemins retrouv\u00e9s \u00bb<br>fond\u00e9e par mon papa Louis AVELINE en 2003.<br>Nous entretenons, avec l\u2019aide de la commune (dans le cadre d\u2019une conven\u019fon sign\u00e9e en 2025 qui concerne<br>les chemins les plus accessibles en tracteur), 52 km de parcours.<br>8 i\u019fn\u00e9raires dis\u019fnct ont \u00e9t\u00e9 cr\u00e9\u00e9s depuis et font l\u2019objet de balisages et de plaque\u01a9es de pr\u00e9senta\u019fon.<br>2 de ces i\u019fn\u00e9raires sont inscrits au plan d\u00e9partemental des I\u019fn\u00e9raires de Promenade et de randonn\u00e9e, ce<br>qui leur conf\u00e8re une visibilit\u00e9 accrue, mais \u00e9galement une exigence de main\u019fen importante.<br>2 sec\u019fons ont \u00e9t\u00e9 ouvertes en 2026 :<br>-entre Bernard Marty et le chemin communal passant sous Versailles avec l\u2019aide d\u2019une \u00e9quipe<br>f\u00e9minine de scouts. Le chemin descend \u00e0 travers bois, puis longe le bas fond de la Piboule\u01a9e et les<br>mares qui y ont \u00e9t\u00e9 creus\u00e9es.<br>-Entre la RD 15 (en face de l\u2019acc\u00e8s au Pech Donnadieu) et le chemin de la Piboule\u01a9e en contrebas du<br>ch\u00e2teau d\u2019eau, avec l\u2019accord de J\u00e9r\u00f4me et de la Margaude pour les par\u019fes en bordure de champs. A<br>voir la possibilit\u00e9 de signer une conven\u019fon avec les exploitants afin de p\u00e9renniser ce passage.<br>Le 18 mai a eu lieu une rando naturaliste entre la Piboule\u01a9e et la Jasse dans le cadre du programme Espace<br>Naturels sensibles ini\u019f\u00e9 par le conseil d\u00e9partemental, sur les sen\u019fers ouverts par notre associa\u019fon.<br>Nous avons accueilli le 15 juin dernier la rando de la Pi\u00e8ge, au d\u00e9part de Mayreville, avec Payra en point<br>d\u2019\u00e9tape et de ravitaillement, ici encore via les sen\u019fers des chemins retrouv\u00e9s et avec une large implica\u019fon<br>des b\u00e9n\u00e9voles.<br>Sans oublier la rando du 14 ao\u00fbt, veille de la f\u00eate du village, \u00e9court\u00e9e pour cause de canicule, mais suivie du<br>tradi\u019fonnel pique-nique \/ grillades offert par l\u2019associa\u019fon dans le pr\u00e9au de l\u2019\u00e9cole pour cause d\u2019orage. .<br>En terme de finance, l\u2019associa\u019fon est sobre mais la situa\u019fon est saine (voir le rapport financier en annexe,<br>et merci \u00e0 Monique notre tr\u00e9sori\u00e8re qui \u019fent serr\u00e9s les comptes).<br>John Muir, \u00e9crivain am\u00e9ricain n\u00e9 en \u00c9cosse en 1838 et mort en 1914, qui fut l&rsquo;un des<br>premiers naturalistes modernes et militant de la protec\u019fon de la nature, disait : \u00ab\u00a0Parmi tous les chemins que<br>vous prenez dans la vie, assurez-vous que certains soient en terre.\u00a0\u00bb .<br>Avec les chemins retrouv\u00e9s, nous nous inscrivons dans ses pas, pour faire en sorte que tous profitent des<br>bonheurs qu\u2019apporte la marche au c\u0153ur des paysages de notre beau village de Payra.<br>Jos\u00e9 AVELINE le 21\/02\/2026<br>AG \u00ab les chemins retrouv\u00e9s \u00bb le samedi 21 f\u00e9vrier \u00e0 Payra s<\/p>\n","protected":false},"excerpt":{"rendered":"<p>Bonsoir \u00e0 tous les adh\u00e9rents, Vous trouverez ci-joint le PV de AG des CHEMINS RETROUVES du 21 f\u00e9vrier 2026. Pour ceux qui ne sont pas \u00e0 jour de leur cotisation (10&nbsp;\u20ac), vous pouvez la donner directement \u00e0 Monique AMIEL, la tr\u00e9sori\u00e8re ou \u00e0 une autre personne du bureau ou bien envoyer un ch\u00e8que ou un &hellip; <\/p>\n<p class=\"link-more\"><a href=\"https:\/\/payra-monvillage.fr\/index.php\/pv-de-lag-des-chemins-retrouves-21-fevrier-2026\/\" class=\"more-link\">Continuer la lecture<span class=\"screen-reader-text\"> de &laquo;&nbsp;PV de l&rsquo;AG DES CHEMINS RETROUVES 21 FEVRIER 2026&nbsp;&raquo;<\/span><\/a><\/p>\n","protected":false},"author":1,"featured_media":0,"parent":0,"menu_order":0,"comment_status":"closed","ping_status":"closed","template":"","meta":{"footnotes":""},"class_list":["post-5107","page","type-page","status-publish","hentry"],"_links":{"self":[{"href":"https:\/\/payra-monvillage.fr\/index.php\/wp-json\/wp\/v2\/pages\/5107","targetHints":{"allow":["GET"]}}],"collection":[{"href":"https:\/\/payra-monvillage.fr\/index.php\/wp-json\/wp\/v2\/pages"}],"about":[{"href":"https:\/\/payra-monvillage.fr\/index.php\/wp-json\/wp\/v2\/types\/page"}],"author":[{"embeddable":true,"href":"https:\/\/payra-monvillage.fr\/index.php\/wp-json\/wp\/v2\/users\/1"}],"replies":[{"embeddable":true,"href":"https:\/\/payra-monvillage.fr\/index.php\/wp-json\/wp\/v2\/comments?post=5107"}],"version-history":[{"count":2,"href":"https:\/\/payra-monvillage.fr\/index.php\/wp-json\/wp\/v2\/pages\/5107\/revisions"}],"predecessor-version":[{"id":5110,"href":"https:\/\/payra-monvillage.fr\/index.php\/wp-json\/wp\/v2\/pages\/5107\/revisions\/5110"}],"wp:attachment":[{"href":"https:\/\/payra-monvillage.fr\/index.php\/wp-json\/wp\/v2\/media?parent=5107"}],"curies":[{"name":"wp","href":"https:\/\/api.w.org\/{rel}","templated":true}]}}