{"id":50,"date":"2023-10-31T19:12:06","date_gmt":"2023-10-31T18:12:06","guid":{"rendered":"http:\/\/payra-monvillage.fr\/?page_id=50"},"modified":"2023-10-31T19:12:06","modified_gmt":"2023-10-31T18:12:06","slug":"le-monument-aux-morts-de-payra","status":"publish","type":"page","link":"https:\/\/payra-monvillage.fr\/index.php\/le-monument-aux-morts-de-payra\/","title":{"rendered":"Le Monument aux Morts de Payra"},"content":{"rendered":"\n<p>En souvenir des personnes mortes pendant la guerre de 14\/18, le monument aux morts a \u00e9t\u00e9 cr\u00e9\u00e9 sur l&#8217;emplacement d&rsquo;un ancien cimeti\u00e8re de Payra. <\/p>\n\n\n\n<figure class=\"wp-block-gallery has-nested-images columns-default is-cropped wp-block-gallery-1 is-layout-flex wp-block-gallery-is-layout-flex\">\n<figure class=\"wp-block-image size-large\"><img loading=\"lazy\" decoding=\"async\" width=\"480\" height=\"640\" data-id=\"49\" src=\"http:\/\/payra-monvillage.fr\/wp-content\/uploads\/2023\/10\/monuments_aux_morts2.jpg\" alt=\"\" class=\"wp-image-49\" srcset=\"https:\/\/payra-monvillage.fr\/wp-content\/uploads\/2023\/10\/monuments_aux_morts2.jpg 480w, https:\/\/payra-monvillage.fr\/wp-content\/uploads\/2023\/10\/monuments_aux_morts2-225x300.jpg 225w\" sizes=\"auto, (max-width: 480px) 100vw, 480px\" \/><\/figure>\n\n\n\n<figure class=\"wp-block-image size-large\"><img loading=\"lazy\" decoding=\"async\" width=\"480\" height=\"640\" data-id=\"48\" src=\"http:\/\/payra-monvillage.fr\/wp-content\/uploads\/2023\/10\/monuments_aux_morts1.jpg\" alt=\"\" class=\"wp-image-48\" srcset=\"https:\/\/payra-monvillage.fr\/wp-content\/uploads\/2023\/10\/monuments_aux_morts1.jpg 480w, https:\/\/payra-monvillage.fr\/wp-content\/uploads\/2023\/10\/monuments_aux_morts1-225x300.jpg 225w\" sizes=\"auto, (max-width: 480px) 100vw, 480px\" \/><\/figure>\n<\/figure>\n\n\n\n<p>Au centre, une simple colonne orn\u00e9e d&rsquo;une palme et d&rsquo;un casque de poilu est entour\u00e9e de buis taill\u00e9s.<br>Sous un bandeau est inscrit 1914-1918. et \u00e0 la base, grav\u00e9 dans la pierre :\u00a0\u00bb Passant salue et souviens toi\u00a0\u00bb<\/p>\n\n\n\n<hr class=\"wp-block-separator has-alpha-channel-opacity\"\/>\n\n\n\n<p>Sur les murs ont \u00e9t\u00e9 scell\u00e9es et conserv\u00e9es certaines croix de la famille de Capriol, seigneur des lieux \u2026<\/p>\n\n\n\n<figure class=\"wp-block-image size-full\"><img loading=\"lazy\" decoding=\"async\" width=\"640\" height=\"480\" src=\"http:\/\/payra-monvillage.fr\/wp-content\/uploads\/2023\/10\/mur_monument_aux_morts.jpg\" alt=\"\" class=\"wp-image-56\" srcset=\"https:\/\/payra-monvillage.fr\/wp-content\/uploads\/2023\/10\/mur_monument_aux_morts.jpg 640w, https:\/\/payra-monvillage.fr\/wp-content\/uploads\/2023\/10\/mur_monument_aux_morts-300x225.jpg 300w\" sizes=\"auto, (max-width: 640px) 100vw, 640px\" \/><\/figure>\n\n\n\n<p>Certaines inscriptions sont lisibles Claire de Capriol, Lydie de Capriol, Berthe de Capriol,<br>et Justine de Capriol, 1921.<\/p>\n\n\n\n<figure class=\"wp-block-gallery has-nested-images columns-default is-cropped wp-block-gallery-2 is-layout-flex wp-block-gallery-is-layout-flex\">\n<figure class=\"wp-block-image size-large\"><img loading=\"lazy\" decoding=\"async\" width=\"480\" height=\"640\" data-id=\"53\" src=\"http:\/\/payra-monvillage.fr\/wp-content\/uploads\/2023\/10\/croix_claire_capriol.jpg\" alt=\"\" class=\"wp-image-53\" srcset=\"https:\/\/payra-monvillage.fr\/wp-content\/uploads\/2023\/10\/croix_claire_capriol.jpg 480w, https:\/\/payra-monvillage.fr\/wp-content\/uploads\/2023\/10\/croix_claire_capriol-225x300.jpg 225w\" sizes=\"auto, (max-width: 480px) 100vw, 480px\" \/><figcaption class=\"wp-element-caption\">Claire de Capriol<\/figcaption><\/figure>\n\n\n\n<figure class=\"wp-block-image size-large\"><img loading=\"lazy\" decoding=\"async\" width=\"480\" height=\"640\" data-id=\"55\" src=\"http:\/\/payra-monvillage.fr\/wp-content\/uploads\/2023\/10\/croix_lydie_capriol.jpg\" alt=\"\" class=\"wp-image-55\" srcset=\"https:\/\/payra-monvillage.fr\/wp-content\/uploads\/2023\/10\/croix_lydie_capriol.jpg 480w, https:\/\/payra-monvillage.fr\/wp-content\/uploads\/2023\/10\/croix_lydie_capriol-225x300.jpg 225w\" sizes=\"auto, (max-width: 480px) 100vw, 480px\" \/><figcaption class=\"wp-element-caption\">Lydie de Capriol<\/figcaption><\/figure>\n\n\n\n<figure class=\"wp-block-image size-large\"><img loading=\"lazy\" decoding=\"async\" width=\"480\" height=\"640\" data-id=\"52\" src=\"http:\/\/payra-monvillage.fr\/wp-content\/uploads\/2023\/10\/croix_berthe_capriol.jpg\" alt=\"\" class=\"wp-image-52\" srcset=\"https:\/\/payra-monvillage.fr\/wp-content\/uploads\/2023\/10\/croix_berthe_capriol.jpg 480w, https:\/\/payra-monvillage.fr\/wp-content\/uploads\/2023\/10\/croix_berthe_capriol-225x300.jpg 225w\" sizes=\"auto, (max-width: 480px) 100vw, 480px\" \/><figcaption class=\"wp-element-caption\">Berthe de Capriol<\/figcaption><\/figure>\n\n\n\n<figure class=\"wp-block-image size-large\"><img loading=\"lazy\" decoding=\"async\" width=\"480\" height=\"640\" data-id=\"54\" src=\"http:\/\/payra-monvillage.fr\/wp-content\/uploads\/2023\/10\/croix_justine_capriol.jpg\" alt=\"\" class=\"wp-image-54\" srcset=\"https:\/\/payra-monvillage.fr\/wp-content\/uploads\/2023\/10\/croix_justine_capriol.jpg 480w, https:\/\/payra-monvillage.fr\/wp-content\/uploads\/2023\/10\/croix_justine_capriol-225x300.jpg 225w\" sizes=\"auto, (max-width: 480px) 100vw, 480px\" \/><figcaption class=\"wp-element-caption\">Justine de Capriol<\/figcaption><\/figure>\n<\/figure>\n\n\n\n<p>D&rsquo;autres \u00e9l\u00e9ments de pierre sont \u00e9galement scell\u00e9s dont la signification nous \u00e9chappe.<\/p>\n\n\n\n<figure class=\"wp-block-gallery has-nested-images columns-default is-cropped wp-block-gallery-3 is-layout-flex wp-block-gallery-is-layout-flex\">\n<figure class=\"wp-block-image size-large\"><img loading=\"lazy\" decoding=\"async\" width=\"480\" height=\"640\" data-id=\"60\" src=\"http:\/\/payra-monvillage.fr\/wp-content\/uploads\/2023\/10\/element_de_pierre2.jpg\" alt=\"\" class=\"wp-image-60\" srcset=\"https:\/\/payra-monvillage.fr\/wp-content\/uploads\/2023\/10\/element_de_pierre2.jpg 480w, https:\/\/payra-monvillage.fr\/wp-content\/uploads\/2023\/10\/element_de_pierre2-225x300.jpg 225w\" sizes=\"auto, (max-width: 480px) 100vw, 480px\" \/><\/figure>\n\n\n\n<figure class=\"wp-block-image size-large\"><img loading=\"lazy\" decoding=\"async\" width=\"480\" height=\"640\" data-id=\"61\" src=\"http:\/\/payra-monvillage.fr\/wp-content\/uploads\/2023\/10\/element_de_pierre3.jpg\" alt=\"\" class=\"wp-image-61\" srcset=\"https:\/\/payra-monvillage.fr\/wp-content\/uploads\/2023\/10\/element_de_pierre3.jpg 480w, https:\/\/payra-monvillage.fr\/wp-content\/uploads\/2023\/10\/element_de_pierre3-225x300.jpg 225w\" sizes=\"auto, (max-width: 480px) 100vw, 480px\" \/><\/figure>\n\n\n\n<figure class=\"wp-block-image size-large\"><img loading=\"lazy\" decoding=\"async\" width=\"480\" height=\"640\" data-id=\"59\" src=\"http:\/\/payra-monvillage.fr\/wp-content\/uploads\/2023\/10\/element_de_pierre1.jpg\" alt=\"\" class=\"wp-image-59\" srcset=\"https:\/\/payra-monvillage.fr\/wp-content\/uploads\/2023\/10\/element_de_pierre1.jpg 480w, https:\/\/payra-monvillage.fr\/wp-content\/uploads\/2023\/10\/element_de_pierre1-225x300.jpg 225w\" sizes=\"auto, (max-width: 480px) 100vw, 480px\" \/><\/figure>\n<\/figure>\n","protected":false},"excerpt":{"rendered":"<p>En souvenir des personnes mortes pendant la guerre de 14\/18, le monument aux morts a \u00e9t\u00e9 cr\u00e9\u00e9 sur l&#8217;emplacement d&rsquo;un ancien cimeti\u00e8re de Payra. Au centre, une simple colonne orn\u00e9e d&rsquo;une palme et d&rsquo;un casque de poilu est entour\u00e9e de buis taill\u00e9s.Sous un bandeau est inscrit 1914-1918. et \u00e0 la base, grav\u00e9 dans la pierre &hellip; <\/p>\n<p class=\"link-more\"><a href=\"https:\/\/payra-monvillage.fr\/index.php\/le-monument-aux-morts-de-payra\/\" class=\"more-link\">Continuer la lecture<span class=\"screen-reader-text\"> de &laquo;&nbsp;Le Monument aux Morts de Payra&nbsp;&raquo;<\/span><\/a><\/p>\n","protected":false},"author":1,"featured_media":0,"parent":0,"menu_order":0,"comment_status":"closed","ping_status":"closed","template":"","meta":{"footnotes":""},"class_list":["post-50","page","type-page","status-publish","hentry"],"_links":{"self":[{"href":"https:\/\/payra-monvillage.fr\/index.php\/wp-json\/wp\/v2\/pages\/50","targetHints":{"allow":["GET"]}}],"collection":[{"href":"https:\/\/payra-monvillage.fr\/index.php\/wp-json\/wp\/v2\/pages"}],"about":[{"href":"https:\/\/payra-monvillage.fr\/index.php\/wp-json\/wp\/v2\/types\/page"}],"author":[{"embeddable":true,"href":"https:\/\/payra-monvillage.fr\/index.php\/wp-json\/wp\/v2\/users\/1"}],"replies":[{"embeddable":true,"href":"https:\/\/payra-monvillage.fr\/index.php\/wp-json\/wp\/v2\/comments?post=50"}],"version-history":[{"count":4,"href":"https:\/\/payra-monvillage.fr\/index.php\/wp-json\/wp\/v2\/pages\/50\/revisions"}],"predecessor-version":[{"id":63,"href":"https:\/\/payra-monvillage.fr\/index.php\/wp-json\/wp\/v2\/pages\/50\/revisions\/63"}],"wp:attachment":[{"href":"https:\/\/payra-monvillage.fr\/index.php\/wp-json\/wp\/v2\/media?parent=50"}],"curies":[{"name":"wp","href":"https:\/\/api.w.org\/{rel}","templated":true}]}}