{"id":4992,"date":"2026-01-21T11:21:37","date_gmt":"2026-01-21T10:21:37","guid":{"rendered":"https:\/\/payra-monvillage.fr\/?page_id=4992"},"modified":"2026-01-21T11:21:37","modified_gmt":"2026-01-21T10:21:37","slug":"soiree-cabaret-choucroute","status":"publish","type":"page","link":"https:\/\/payra-monvillage.fr\/index.php\/soiree-cabaret-choucroute\/","title":{"rendered":"SOIREE CABARET CHOUCROUTE"},"content":{"rendered":"\n<figure class=\"wp-block-table\"><table class=\"has-fixed-layout\"><tbody><tr><th class=\"has-text-align-left\" data-align=\"left\">Nouvel \u00e9v\u00e8nement<img loading=\"lazy\" decoding=\"async\" src=\"https:\/\/ecp.yusercontent.com\/mail?url=https%3A%2F%2Fwww.payrasurlhers.fr%2Fwp-content%2Fuploads%2F2024%2F02%2FNouveau-Logo.gif&amp;t=1768990446&amp;ymreqid=dcf734fc-5f04-5cdd-1cd0-610002019100&amp;sig=AiuM9c7lfVuUaecvOUNAZQ--~D\" alt=\"logo_acymailing_step_email.png\" height=\"151\" width=\"151\"><\/th><\/tr><\/tbody><\/table><\/figure>\n\n\n\n<figure class=\"wp-block-table\"><table class=\"has-fixed-layout\"><tbody><tr><th class=\"has-text-align-left\" data-align=\"left\"><img loading=\"lazy\" decoding=\"async\" src=\"https:\/\/ecp.yusercontent.com\/mail?url=https%3A%2F%2Fwww.payrasurlhers.fr%2Fwp-content%2Fuploads%2F2026%2F01%2FComite-7-fevrier-300x225.png&amp;t=1768990446&amp;ymreqid=dcf734fc-5f04-5cdd-1cd0-610002019100&amp;sig=Ko7Igo8M8JR6r9d0wl6e3Q--~D\" alt=\"\" height=\"300\" width=\"400\">Soir\u00e9e cabaret repas choucroute Comit\u00e9 des F\u00eates<a rel=\"noreferrer noopener\" target=\"_blank\" href=\"https:\/\/www.payrasurlhers.fr\/index.php?page=acymailing_front&amp;ctrl=fronturl&amp;task=click&amp;urlid=29&amp;userid=43&amp;mailid=37&amp;noheader=1\">\u200dEn savoir plus\ufeff<\/a><\/th><\/tr><\/tbody><\/table><\/figure>\n\n\n\n<figure class=\"wp-block-table\"><table class=\"has-fixed-layout\"><tbody><tr><th class=\"has-text-align-left\" data-align=\"left\">&nbsp;<br>&nbsp;<br>\u200dMairie de Payra sur l\u2019Hers2 rue de la Mairie, 11410 Payra sur l\u2019Hers<a>04 68 60 31 42<\/a><br><a rel=\"noreferrer noopener\" target=\"_blank\" href=\"mailto:mairie@payrasurlhers.fr\">mairie@payrasurlhers.fr<\/a>Horaires d\u2019ouverture :<\/th><\/tr><\/tbody><\/table><\/figure>\n","protected":false},"excerpt":{"rendered":"<p>Nouvel \u00e9v\u00e8nement Soir\u00e9e cabaret repas choucroute Comit\u00e9 des F\u00eates\u200dEn savoir plus\ufeff &nbsp;&nbsp;\u200dMairie de Payra sur l\u2019Hers2 rue de la Mairie, 11410 Payra sur l\u2019Hers04 68 60 31 42mairie@payrasurlhers.frHoraires d\u2019ouverture :<\/p>\n","protected":false},"author":1,"featured_media":0,"parent":0,"menu_order":0,"comment_status":"closed","ping_status":"closed","template":"","meta":{"footnotes":""},"class_list":["post-4992","page","type-page","status-publish","hentry"],"_links":{"self":[{"href":"https:\/\/payra-monvillage.fr\/index.php\/wp-json\/wp\/v2\/pages\/4992","targetHints":{"allow":["GET"]}}],"collection":[{"href":"https:\/\/payra-monvillage.fr\/index.php\/wp-json\/wp\/v2\/pages"}],"about":[{"href":"https:\/\/payra-monvillage.fr\/index.php\/wp-json\/wp\/v2\/types\/page"}],"author":[{"embeddable":true,"href":"https:\/\/payra-monvillage.fr\/index.php\/wp-json\/wp\/v2\/users\/1"}],"replies":[{"embeddable":true,"href":"https:\/\/payra-monvillage.fr\/index.php\/wp-json\/wp\/v2\/comments?post=4992"}],"version-history":[{"count":1,"href":"https:\/\/payra-monvillage.fr\/index.php\/wp-json\/wp\/v2\/pages\/4992\/revisions"}],"predecessor-version":[{"id":4993,"href":"https:\/\/payra-monvillage.fr\/index.php\/wp-json\/wp\/v2\/pages\/4992\/revisions\/4993"}],"wp:attachment":[{"href":"https:\/\/payra-monvillage.fr\/index.php\/wp-json\/wp\/v2\/media?parent=4992"}],"curies":[{"name":"wp","href":"https:\/\/api.w.org\/{rel}","templated":true}]}}