{"id":4793,"date":"2025-10-10T11:42:46","date_gmt":"2025-10-10T09:42:46","guid":{"rendered":"https:\/\/payra-monvillage.fr\/?page_id=4793"},"modified":"2025-10-10T11:42:46","modified_gmt":"2025-10-10T09:42:46","slug":"information-comite-des-fetes","status":"publish","type":"page","link":"https:\/\/payra-monvillage.fr\/index.php\/information-comite-des-fetes\/","title":{"rendered":"INFORMATION COMITE DES FETES"},"content":{"rendered":"\n<p>i<strong><u>nformation Comit\u00e9 des F\u00eates<\/u><\/strong><\/p>\n\n\n\n<p>Bonjour,<\/p>\n\n\n\n<p>Le comit\u00e9 des f\u00eates de Payra-sur-l&rsquo;hers va se r\u00e9unir le vendredi 10 Octobre 2025 \u00e0 19h30 \u00e0 la salle des f\u00eates.&nbsp;<\/p>\n\n\n\n<p>Seront vu, les points suivants :<br>&#8211; le bilan de la f\u00eate locale<\/p>\n\n\n\n<p>&#8211; le renouvellement du bureau<\/p>\n\n\n\n<p>&#8211; projets \u00e0 venir<\/p>\n\n\n\n<p>Nous comptons sur la pr\u00e9sence de tous ceux qui d\u00e9sirent nous aider.<\/p>\n\n\n\n<p>Ga\u00eblle Naudinat&nbsp;<\/p>\n\n\n\n<p>Pr\u00e9sidente du comit\u00e9 des f\u00eates&nbsp;<\/p>\n","protected":false},"excerpt":{"rendered":"<p>information Comit\u00e9 des F\u00eates Bonjour, Le comit\u00e9 des f\u00eates de Payra-sur-l&rsquo;hers va se r\u00e9unir le vendredi 10 Octobre 2025 \u00e0 19h30 \u00e0 la salle des f\u00eates.&nbsp; Seront vu, les points suivants :&#8211; le bilan de la f\u00eate locale &#8211; le renouvellement du bureau &#8211; projets \u00e0 venir Nous comptons sur la pr\u00e9sence de tous ceux &hellip; <\/p>\n<p class=\"link-more\"><a href=\"https:\/\/payra-monvillage.fr\/index.php\/information-comite-des-fetes\/\" class=\"more-link\">Continuer la lecture<span class=\"screen-reader-text\"> de &laquo;&nbsp;INFORMATION COMITE DES FETES&nbsp;&raquo;<\/span><\/a><\/p>\n","protected":false},"author":1,"featured_media":0,"parent":0,"menu_order":0,"comment_status":"closed","ping_status":"closed","template":"","meta":{"footnotes":""},"class_list":["post-4793","page","type-page","status-publish","hentry"],"_links":{"self":[{"href":"https:\/\/payra-monvillage.fr\/index.php\/wp-json\/wp\/v2\/pages\/4793","targetHints":{"allow":["GET"]}}],"collection":[{"href":"https:\/\/payra-monvillage.fr\/index.php\/wp-json\/wp\/v2\/pages"}],"about":[{"href":"https:\/\/payra-monvillage.fr\/index.php\/wp-json\/wp\/v2\/types\/page"}],"author":[{"embeddable":true,"href":"https:\/\/payra-monvillage.fr\/index.php\/wp-json\/wp\/v2\/users\/1"}],"replies":[{"embeddable":true,"href":"https:\/\/payra-monvillage.fr\/index.php\/wp-json\/wp\/v2\/comments?post=4793"}],"version-history":[{"count":1,"href":"https:\/\/payra-monvillage.fr\/index.php\/wp-json\/wp\/v2\/pages\/4793\/revisions"}],"predecessor-version":[{"id":4794,"href":"https:\/\/payra-monvillage.fr\/index.php\/wp-json\/wp\/v2\/pages\/4793\/revisions\/4794"}],"wp:attachment":[{"href":"https:\/\/payra-monvillage.fr\/index.php\/wp-json\/wp\/v2\/media?parent=4793"}],"curies":[{"name":"wp","href":"https:\/\/api.w.org\/{rel}","templated":true}]}}