{"id":4731,"date":"2025-08-23T18:10:07","date_gmt":"2025-08-23T16:10:07","guid":{"rendered":"https:\/\/payra-monvillage.fr\/?page_id=4731"},"modified":"2025-08-23T18:10:07","modified_gmt":"2025-08-23T16:10:07","slug":"atom-festival-du-29-au-31-aout-2025","status":"publish","type":"page","link":"https:\/\/payra-monvillage.fr\/index.php\/atom-festival-du-29-au-31-aout-2025\/","title":{"rendered":"ATOM Festival du 29 au 31 ao\u00fbt 2025"},"content":{"rendered":"\n<p>C\u2019est avec une grande joie que nous revenons cette ann\u00e9e encore \u00e0 Payra-sur-l\u2019Hers pour la 5\u1d49 \u00e9dition d\u2019ATOM Festival\u00a0<strong>du 29 au 31 ao\u00fbt 2025<\/strong>.<\/p>\n\n\n\n<p>Pendant trois jours, plus de&nbsp;<strong>70 artistes<\/strong>&nbsp;se succ\u00e9deront pour offrir une programmation \u00e9clectique, compos\u00e9e \u00e0 la fois de musique, d\u2019art vivant, d\u2019installations visuelles, et de bien d\u2019autres surprises. Le site bois\u00e9 sera m\u00e9tamorphos\u00e9 gr\u00e2ce \u00e0 une sc\u00e9nographie unique, des d\u00e9cors englobants et des jeux de lumi\u00e8re foisonnants ainsi qu\u2019un village de cr\u00e9ateur\u00b7ices destin\u00e9 \u00e0 valoriser l\u2019artisanat local. ATOM, c&rsquo;est avant tout&nbsp;<strong>un moment de partage<\/strong>, d&rsquo;\u00e9vasion et de rencontre,&nbsp;<strong>\u00e0 deux pas<\/strong>&nbsp;de chez vous !<\/p>\n\n\n\n<p>\ud83d\udc49 En tant qu\u2019habitant\u00b7e de Payra-sur-l\u2019Hers, vous \u00eates invit\u00e9\u00b7es gratuitement. Bien entendu, il vous sera possible d\u2019entrer et sortir librement du site quand vous le souhaitez.<br><strong>Pour r\u00e9server votre place, il vous suffit de&nbsp;<u>nous contacter par mail<\/u>&nbsp;\u00e0&nbsp;<a rel=\"noreferrer noopener\" target=\"_blank\" href=\"mailto:contact@atomfestival.fr\">contact@atomfestival.fr<\/a><br><\/strong><br>Nous avons h\u00e2te de vous retrouver et de partager avec vous cette \u00e9dition qui s\u2019annonce riche en d\u00e9couvertes et en \u00e9motions.<\/p>\n\n\n\n<p>\u00c0 tr\u00e8s vite<br>L\u2019\u00e9quipe d\u2019ATOM Festival<br><\/p>\n","protected":false},"excerpt":{"rendered":"<p>C\u2019est avec une grande joie que nous revenons cette ann\u00e9e encore \u00e0 Payra-sur-l\u2019Hers pour la 5\u1d49 \u00e9dition d\u2019ATOM Festival\u00a0du 29 au 31 ao\u00fbt 2025. Pendant trois jours, plus de&nbsp;70 artistes&nbsp;se succ\u00e9deront pour offrir une programmation \u00e9clectique, compos\u00e9e \u00e0 la fois de musique, d\u2019art vivant, d\u2019installations visuelles, et de bien d\u2019autres surprises. Le site bois\u00e9 sera &hellip; <\/p>\n<p class=\"link-more\"><a href=\"https:\/\/payra-monvillage.fr\/index.php\/atom-festival-du-29-au-31-aout-2025\/\" class=\"more-link\">Continuer la lecture<span class=\"screen-reader-text\"> de &laquo;&nbsp;ATOM Festival du 29 au 31 ao\u00fbt 2025&nbsp;&raquo;<\/span><\/a><\/p>\n","protected":false},"author":1,"featured_media":0,"parent":0,"menu_order":0,"comment_status":"closed","ping_status":"closed","template":"","meta":{"footnotes":""},"class_list":["post-4731","page","type-page","status-publish","hentry"],"_links":{"self":[{"href":"https:\/\/payra-monvillage.fr\/index.php\/wp-json\/wp\/v2\/pages\/4731","targetHints":{"allow":["GET"]}}],"collection":[{"href":"https:\/\/payra-monvillage.fr\/index.php\/wp-json\/wp\/v2\/pages"}],"about":[{"href":"https:\/\/payra-monvillage.fr\/index.php\/wp-json\/wp\/v2\/types\/page"}],"author":[{"embeddable":true,"href":"https:\/\/payra-monvillage.fr\/index.php\/wp-json\/wp\/v2\/users\/1"}],"replies":[{"embeddable":true,"href":"https:\/\/payra-monvillage.fr\/index.php\/wp-json\/wp\/v2\/comments?post=4731"}],"version-history":[{"count":1,"href":"https:\/\/payra-monvillage.fr\/index.php\/wp-json\/wp\/v2\/pages\/4731\/revisions"}],"predecessor-version":[{"id":4732,"href":"https:\/\/payra-monvillage.fr\/index.php\/wp-json\/wp\/v2\/pages\/4731\/revisions\/4732"}],"wp:attachment":[{"href":"https:\/\/payra-monvillage.fr\/index.php\/wp-json\/wp\/v2\/media?parent=4731"}],"curies":[{"name":"wp","href":"https:\/\/api.w.org\/{rel}","templated":true}]}}