{"id":4175,"date":"2025-01-19T09:19:41","date_gmt":"2025-01-19T08:19:41","guid":{"rendered":"https:\/\/payra-monvillage.fr\/?page_id=4175"},"modified":"2025-02-05T18:21:41","modified_gmt":"2025-02-05T17:21:41","slug":"assemblee-generale-club-des-4-saisons-2","status":"publish","type":"page","link":"https:\/\/payra-monvillage.fr\/index.php\/assemblee-generale-club-des-4-saisons-2\/","title":{"rendered":"ASSEMBLEE GENERALE 17 JANVIER 2025 Club des 4 saisons"},"content":{"rendered":"\n<figure class=\"wp-block-image size-full\"><img loading=\"lazy\" decoding=\"async\" width=\"1000\" height=\"750\" src=\"https:\/\/payra-monvillage.fr\/wp-content\/uploads\/2025\/02\/AG170125-8.jpg\" alt=\"\" class=\"wp-image-4227\" srcset=\"https:\/\/payra-monvillage.fr\/wp-content\/uploads\/2025\/02\/AG170125-8.jpg 1000w, https:\/\/payra-monvillage.fr\/wp-content\/uploads\/2025\/02\/AG170125-8-300x225.jpg 300w, https:\/\/payra-monvillage.fr\/wp-content\/uploads\/2025\/02\/AG170125-8-768x576.jpg 768w\" sizes=\"auto, (max-width: 767px) 89vw, (max-width: 1000px) 54vw, (max-width: 1071px) 543px, 580px\" \/><\/figure>\n\n\n\n<figure class=\"wp-block-image size-full\"><img loading=\"lazy\" decoding=\"async\" width=\"1000\" height=\"750\" src=\"https:\/\/payra-monvillage.fr\/wp-content\/uploads\/2025\/01\/AG170125-1.jpg\" alt=\"\" class=\"wp-image-4176\" srcset=\"https:\/\/payra-monvillage.fr\/wp-content\/uploads\/2025\/01\/AG170125-1.jpg 1000w, https:\/\/payra-monvillage.fr\/wp-content\/uploads\/2025\/01\/AG170125-1-300x225.jpg 300w, https:\/\/payra-monvillage.fr\/wp-content\/uploads\/2025\/01\/AG170125-1-768x576.jpg 768w\" sizes=\"auto, (max-width: 767px) 89vw, (max-width: 1000px) 54vw, (max-width: 1071px) 543px, 580px\" \/><\/figure>\n\n\n\n<p>L&rsquo;assembl\u00e9e g\u00e9n\u00e9rale du club des 4 saisons a eu lieu le 17 janvier 2025 en pr\u00e9sence de Monsieur le maire Bernard Pech. Apr\u00e8s le compte rendu moral et financier par la Pr\u00e9sidente ( la tr\u00e9sori\u00e8re \u00e9tant absente) et la nomination d&rsquo;une nouvelle tr\u00e9sori\u00e8re Anny Martin, et l&rsquo;annonce justifi\u00e9e par Madame la Pr\u00e9sidente de la possibilit\u00e9 de ne plus organiser le r\u00e9veillon. <\/p>\n\n\n\n<figure class=\"wp-block-image size-full\"><img loading=\"lazy\" decoding=\"async\" width=\"1000\" height=\"750\" src=\"https:\/\/payra-monvillage.fr\/wp-content\/uploads\/2025\/01\/AG170125-4.jpg\" alt=\"\" class=\"wp-image-4177\" srcset=\"https:\/\/payra-monvillage.fr\/wp-content\/uploads\/2025\/01\/AG170125-4.jpg 1000w, https:\/\/payra-monvillage.fr\/wp-content\/uploads\/2025\/01\/AG170125-4-300x225.jpg 300w, https:\/\/payra-monvillage.fr\/wp-content\/uploads\/2025\/01\/AG170125-4-768x576.jpg 768w\" sizes=\"auto, (max-width: 767px) 89vw, (max-width: 1000px) 54vw, (max-width: 1071px) 543px, 580px\" \/><\/figure>\n\n\n\n<figure class=\"wp-block-gallery has-nested-images columns-default is-cropped wp-block-gallery-1 is-layout-flex wp-block-gallery-is-layout-flex\">\n<figure class=\"wp-block-image size-large\"><img loading=\"lazy\" decoding=\"async\" width=\"1000\" height=\"750\" data-id=\"4178\" src=\"https:\/\/payra-monvillage.fr\/wp-content\/uploads\/2025\/01\/AG170125-6.jpg\" alt=\"\" class=\"wp-image-4178\" srcset=\"https:\/\/payra-monvillage.fr\/wp-content\/uploads\/2025\/01\/AG170125-6.jpg 1000w, https:\/\/payra-monvillage.fr\/wp-content\/uploads\/2025\/01\/AG170125-6-300x225.jpg 300w, https:\/\/payra-monvillage.fr\/wp-content\/uploads\/2025\/01\/AG170125-6-768x576.jpg 768w\" sizes=\"auto, (max-width: 767px) 89vw, (max-width: 1000px) 54vw, (max-width: 1071px) 543px, 580px\" \/><\/figure>\n\n\n\n<figure class=\"wp-block-image size-large\"><img loading=\"lazy\" decoding=\"async\" width=\"1000\" height=\"750\" data-id=\"4179\" src=\"https:\/\/payra-monvillage.fr\/wp-content\/uploads\/2025\/01\/AG170125-7.jpg\" alt=\"\" class=\"wp-image-4179\" srcset=\"https:\/\/payra-monvillage.fr\/wp-content\/uploads\/2025\/01\/AG170125-7.jpg 1000w, https:\/\/payra-monvillage.fr\/wp-content\/uploads\/2025\/01\/AG170125-7-300x225.jpg 300w, https:\/\/payra-monvillage.fr\/wp-content\/uploads\/2025\/01\/AG170125-7-768x576.jpg 768w\" sizes=\"auto, (max-width: 767px) 89vw, (max-width: 1000px) 54vw, (max-width: 1071px) 543px, 580px\" \/><\/figure>\n<\/figure>\n\n\n\n<p>les deux gardiens du temple v\u00eatus de rouge toujours pr\u00e9sents et disponibles pour le club.<\/p>\n\n\n\n<figure class=\"wp-block-gallery has-nested-images columns-default is-cropped wp-block-gallery-2 is-layout-flex wp-block-gallery-is-layout-flex\">\n<figure class=\"wp-block-image size-large\"><img loading=\"lazy\" decoding=\"async\" width=\"1000\" height=\"750\" data-id=\"4181\" src=\"https:\/\/payra-monvillage.fr\/wp-content\/uploads\/2025\/01\/AG170125-12-1.jpg\" alt=\"\" class=\"wp-image-4181\" srcset=\"https:\/\/payra-monvillage.fr\/wp-content\/uploads\/2025\/01\/AG170125-12-1.jpg 1000w, https:\/\/payra-monvillage.fr\/wp-content\/uploads\/2025\/01\/AG170125-12-1-300x225.jpg 300w, https:\/\/payra-monvillage.fr\/wp-content\/uploads\/2025\/01\/AG170125-12-1-768x576.jpg 768w\" sizes=\"auto, (max-width: 767px) 89vw, (max-width: 1000px) 54vw, (max-width: 1071px) 543px, 580px\" \/><\/figure>\n\n\n\n<figure class=\"wp-block-image size-large\"><img loading=\"lazy\" decoding=\"async\" width=\"1000\" height=\"750\" data-id=\"4182\" src=\"https:\/\/payra-monvillage.fr\/wp-content\/uploads\/2025\/01\/AG170125-13.jpg\" alt=\"\" class=\"wp-image-4182\" srcset=\"https:\/\/payra-monvillage.fr\/wp-content\/uploads\/2025\/01\/AG170125-13.jpg 1000w, https:\/\/payra-monvillage.fr\/wp-content\/uploads\/2025\/01\/AG170125-13-300x225.jpg 300w, https:\/\/payra-monvillage.fr\/wp-content\/uploads\/2025\/01\/AG170125-13-768x576.jpg 768w\" sizes=\"auto, (max-width: 767px) 89vw, (max-width: 1000px) 54vw, (max-width: 1071px) 543px, 580px\" \/><\/figure>\n<\/figure>\n\n\n\n<p>vint ensuite l&rsquo;installation de la salle la galette des rois appr\u00e9ci\u00e9e de tous.<\/p>\n\n\n\n<figure class=\"wp-block-gallery has-nested-images columns-default is-cropped wp-block-gallery-3 is-layout-flex wp-block-gallery-is-layout-flex\">\n<figure class=\"wp-block-image size-large\"><img loading=\"lazy\" decoding=\"async\" width=\"1000\" height=\"750\" data-id=\"4183\" src=\"https:\/\/payra-monvillage.fr\/wp-content\/uploads\/2025\/01\/AG170125-15.jpg\" alt=\"\" class=\"wp-image-4183\" srcset=\"https:\/\/payra-monvillage.fr\/wp-content\/uploads\/2025\/01\/AG170125-15.jpg 1000w, https:\/\/payra-monvillage.fr\/wp-content\/uploads\/2025\/01\/AG170125-15-300x225.jpg 300w, https:\/\/payra-monvillage.fr\/wp-content\/uploads\/2025\/01\/AG170125-15-768x576.jpg 768w\" sizes=\"auto, (max-width: 767px) 89vw, (max-width: 1000px) 54vw, (max-width: 1071px) 543px, 580px\" \/><\/figure>\n\n\n\n<figure class=\"wp-block-image size-large\"><img loading=\"lazy\" decoding=\"async\" width=\"1000\" height=\"750\" data-id=\"4184\" src=\"https:\/\/payra-monvillage.fr\/wp-content\/uploads\/2025\/01\/AG170125-16.jpg\" alt=\"\" class=\"wp-image-4184\" srcset=\"https:\/\/payra-monvillage.fr\/wp-content\/uploads\/2025\/01\/AG170125-16.jpg 1000w, https:\/\/payra-monvillage.fr\/wp-content\/uploads\/2025\/01\/AG170125-16-300x225.jpg 300w, https:\/\/payra-monvillage.fr\/wp-content\/uploads\/2025\/01\/AG170125-16-768x576.jpg 768w\" sizes=\"auto, (max-width: 767px) 89vw, (max-width: 1000px) 54vw, (max-width: 1071px) 543px, 580px\" \/><\/figure>\n<\/figure>\n","protected":false},"excerpt":{"rendered":"<p>L&rsquo;assembl\u00e9e g\u00e9n\u00e9rale du club des 4 saisons a eu lieu le 17 janvier 2025 en pr\u00e9sence de Monsieur le maire Bernard Pech. Apr\u00e8s le compte rendu moral et financier par la Pr\u00e9sidente ( la tr\u00e9sori\u00e8re \u00e9tant absente) et la nomination d&rsquo;une nouvelle tr\u00e9sori\u00e8re Anny Martin, et l&rsquo;annonce justifi\u00e9e par Madame la Pr\u00e9sidente de la possibilit\u00e9 &hellip; <\/p>\n<p class=\"link-more\"><a href=\"https:\/\/payra-monvillage.fr\/index.php\/assemblee-generale-club-des-4-saisons-2\/\" class=\"more-link\">Continuer la lecture<span class=\"screen-reader-text\"> de &laquo;&nbsp;ASSEMBLEE GENERALE 17 JANVIER 2025 Club des 4 saisons&nbsp;&raquo;<\/span><\/a><\/p>\n","protected":false},"author":1,"featured_media":0,"parent":0,"menu_order":0,"comment_status":"closed","ping_status":"closed","template":"","meta":{"footnotes":""},"class_list":["post-4175","page","type-page","status-publish","hentry"],"_links":{"self":[{"href":"https:\/\/payra-monvillage.fr\/index.php\/wp-json\/wp\/v2\/pages\/4175","targetHints":{"allow":["GET"]}}],"collection":[{"href":"https:\/\/payra-monvillage.fr\/index.php\/wp-json\/wp\/v2\/pages"}],"about":[{"href":"https:\/\/payra-monvillage.fr\/index.php\/wp-json\/wp\/v2\/types\/page"}],"author":[{"embeddable":true,"href":"https:\/\/payra-monvillage.fr\/index.php\/wp-json\/wp\/v2\/users\/1"}],"replies":[{"embeddable":true,"href":"https:\/\/payra-monvillage.fr\/index.php\/wp-json\/wp\/v2\/comments?post=4175"}],"version-history":[{"count":3,"href":"https:\/\/payra-monvillage.fr\/index.php\/wp-json\/wp\/v2\/pages\/4175\/revisions"}],"predecessor-version":[{"id":4228,"href":"https:\/\/payra-monvillage.fr\/index.php\/wp-json\/wp\/v2\/pages\/4175\/revisions\/4228"}],"wp:attachment":[{"href":"https:\/\/payra-monvillage.fr\/index.php\/wp-json\/wp\/v2\/media?parent=4175"}],"curies":[{"name":"wp","href":"https:\/\/api.w.org\/{rel}","templated":true}]}}