{"id":4159,"date":"2025-01-17T09:38:20","date_gmt":"2025-01-17T08:38:20","guid":{"rendered":"https:\/\/payra-monvillage.fr\/?page_id=4159"},"modified":"2025-08-17T20:02:49","modified_gmt":"2025-08-17T18:02:49","slug":"la-vie-du-village-2025","status":"publish","type":"page","link":"https:\/\/payra-monvillage.fr\/index.php\/la-vie-du-village-2025\/","title":{"rendered":"LA VIE DU VILLAGE 2025"},"content":{"rendered":"\n<p>Le nouveau\u00a0\u00bb panneau des chemins retrouv\u00e9s\u00a0\u00bb avait perdu de sa clart\u00e9 et un peu de sa lisibilit\u00e9 depuis son installation il y a plus de  sept ans c&rsquo;est pour cette raison que Max avait tout pr\u00e9vu, refaire un encadrement diff\u00e9rent pour sa protection et le panneau proprement dit aux couleurs plus vives. H\u00e9las Max n&rsquo;a pas eu le temps de l&rsquo;installer c&rsquo;est pour cette raison que Norbert a demand\u00e9 aux adh\u00e9rents disponibles ce jeudi 16 janvier 2025 de l&rsquo;assister dans cette t\u00e2che pour rendre un dernier hommage au pr\u00e9sident de l&rsquo;association.<\/p>\n\n\n\n<figure class=\"wp-block-image size-full\"><img loading=\"lazy\" decoding=\"async\" width=\"1000\" height=\"750\" src=\"https:\/\/payra-monvillage.fr\/wp-content\/uploads\/2025\/01\/panneau-7.jpg\" alt=\"\" class=\"wp-image-4160\" srcset=\"https:\/\/payra-monvillage.fr\/wp-content\/uploads\/2025\/01\/panneau-7.jpg 1000w, https:\/\/payra-monvillage.fr\/wp-content\/uploads\/2025\/01\/panneau-7-300x225.jpg 300w, https:\/\/payra-monvillage.fr\/wp-content\/uploads\/2025\/01\/panneau-7-768x576.jpg 768w\" sizes=\"auto, (max-width: 767px) 89vw, (max-width: 1000px) 54vw, (max-width: 1071px) 543px, 580px\" \/><\/figure>\n\n\n\n<p>quelques jours avant Norbert et Alix avaient pr\u00e9par\u00e9 le support.<\/p>\n\n\n\n<figure class=\"wp-block-image size-full\"><img loading=\"lazy\" decoding=\"async\" width=\"1000\" height=\"750\" src=\"https:\/\/payra-monvillage.fr\/wp-content\/uploads\/2025\/01\/panneau-1.jpg\" alt=\"\" class=\"wp-image-4167\" srcset=\"https:\/\/payra-monvillage.fr\/wp-content\/uploads\/2025\/01\/panneau-1.jpg 1000w, https:\/\/payra-monvillage.fr\/wp-content\/uploads\/2025\/01\/panneau-1-300x225.jpg 300w, https:\/\/payra-monvillage.fr\/wp-content\/uploads\/2025\/01\/panneau-1-768x576.jpg 768w\" sizes=\"auto, (max-width: 767px) 89vw, (max-width: 1000px) 54vw, (max-width: 1071px) 543px, 580px\" \/><\/figure>\n\n\n\n<figure class=\"wp-block-gallery has-nested-images columns-default is-cropped wp-block-gallery-1 is-layout-flex wp-block-gallery-is-layout-flex\">\n<figure class=\"wp-block-image size-large\"><img loading=\"lazy\" decoding=\"async\" width=\"1024\" height=\"768\" data-id=\"4161\" src=\"https:\/\/payra-monvillage.fr\/wp-content\/uploads\/2025\/01\/panneau-Max-2-1024x768.jpg\" alt=\"\" class=\"wp-image-4161\" srcset=\"https:\/\/payra-monvillage.fr\/wp-content\/uploads\/2025\/01\/panneau-Max-2-1024x768.jpg 1024w, https:\/\/payra-monvillage.fr\/wp-content\/uploads\/2025\/01\/panneau-Max-2-300x225.jpg 300w, https:\/\/payra-monvillage.fr\/wp-content\/uploads\/2025\/01\/panneau-Max-2-768x576.jpg 768w, https:\/\/payra-monvillage.fr\/wp-content\/uploads\/2025\/01\/panneau-Max-2-1536x1152.jpg 1536w, https:\/\/payra-monvillage.fr\/wp-content\/uploads\/2025\/01\/panneau-Max-2-2048x1536.jpg 2048w\" sizes=\"auto, (max-width: 767px) 89vw, (max-width: 1000px) 54vw, (max-width: 1071px) 543px, 580px\" \/><\/figure>\n<\/figure>\n\n\n\n<figure class=\"wp-block-gallery has-nested-images columns-default is-cropped wp-block-gallery-2 is-layout-flex wp-block-gallery-is-layout-flex\">\n<figure class=\"wp-block-image size-large\"><img loading=\"lazy\" decoding=\"async\" width=\"1024\" height=\"768\" data-id=\"4166\" src=\"https:\/\/payra-monvillage.fr\/wp-content\/uploads\/2025\/01\/panneau-Max-3-1-1024x768.jpg\" alt=\"\" class=\"wp-image-4166\" srcset=\"https:\/\/payra-monvillage.fr\/wp-content\/uploads\/2025\/01\/panneau-Max-3-1-1024x768.jpg 1024w, https:\/\/payra-monvillage.fr\/wp-content\/uploads\/2025\/01\/panneau-Max-3-1-300x225.jpg 300w, https:\/\/payra-monvillage.fr\/wp-content\/uploads\/2025\/01\/panneau-Max-3-1-768x576.jpg 768w, https:\/\/payra-monvillage.fr\/wp-content\/uploads\/2025\/01\/panneau-Max-3-1-1536x1152.jpg 1536w, https:\/\/payra-monvillage.fr\/wp-content\/uploads\/2025\/01\/panneau-Max-3-1-2048x1536.jpg 2048w\" sizes=\"auto, (max-width: 767px) 89vw, (max-width: 1000px) 54vw, (max-width: 1071px) 543px, 580px\" \/><\/figure>\n<\/figure>\n\n\n\n<figure class=\"wp-block-gallery has-nested-images columns-default is-cropped wp-block-gallery-3 is-layout-flex wp-block-gallery-is-layout-flex\">\n<figure class=\"wp-block-image size-large\"><img loading=\"lazy\" decoding=\"async\" width=\"1000\" height=\"750\" data-id=\"4168\" src=\"https:\/\/payra-monvillage.fr\/wp-content\/uploads\/2025\/01\/panneau-4.jpg\" alt=\"\" class=\"wp-image-4168\" srcset=\"https:\/\/payra-monvillage.fr\/wp-content\/uploads\/2025\/01\/panneau-4.jpg 1000w, https:\/\/payra-monvillage.fr\/wp-content\/uploads\/2025\/01\/panneau-4-300x225.jpg 300w, https:\/\/payra-monvillage.fr\/wp-content\/uploads\/2025\/01\/panneau-4-768x576.jpg 768w\" sizes=\"auto, (max-width: 767px) 89vw, (max-width: 1000px) 54vw, (max-width: 1071px) 543px, 580px\" \/><\/figure>\n\n\n\n<figure class=\"wp-block-image size-large\"><img loading=\"lazy\" decoding=\"async\" width=\"1000\" height=\"750\" data-id=\"4169\" src=\"https:\/\/payra-monvillage.fr\/wp-content\/uploads\/2025\/01\/panneau-5.jpg\" alt=\"\" class=\"wp-image-4169\" srcset=\"https:\/\/payra-monvillage.fr\/wp-content\/uploads\/2025\/01\/panneau-5.jpg 1000w, https:\/\/payra-monvillage.fr\/wp-content\/uploads\/2025\/01\/panneau-5-300x225.jpg 300w, https:\/\/payra-monvillage.fr\/wp-content\/uploads\/2025\/01\/panneau-5-768x576.jpg 768w\" sizes=\"auto, (max-width: 767px) 89vw, (max-width: 1000px) 54vw, (max-width: 1071px) 543px, 580px\" \/><\/figure>\n\n\n\n<figure class=\"wp-block-image size-large\"><img loading=\"lazy\" decoding=\"async\" width=\"1000\" height=\"750\" data-id=\"4170\" src=\"https:\/\/payra-monvillage.fr\/wp-content\/uploads\/2025\/01\/panneau-6.jpg\" alt=\"\" class=\"wp-image-4170\" srcset=\"https:\/\/payra-monvillage.fr\/wp-content\/uploads\/2025\/01\/panneau-6.jpg 1000w, https:\/\/payra-monvillage.fr\/wp-content\/uploads\/2025\/01\/panneau-6-300x225.jpg 300w, https:\/\/payra-monvillage.fr\/wp-content\/uploads\/2025\/01\/panneau-6-768x576.jpg 768w\" sizes=\"auto, (max-width: 767px) 89vw, (max-width: 1000px) 54vw, (max-width: 1071px) 543px, 580px\" \/><\/figure>\n<\/figure>\n\n\n\n<figure class=\"wp-block-gallery has-nested-images columns-default is-cropped wp-block-gallery-4 is-layout-flex wp-block-gallery-is-layout-flex\">\n<figure class=\"wp-block-image size-large\"><img loading=\"lazy\" decoding=\"async\" width=\"1000\" height=\"750\" data-id=\"4172\" src=\"https:\/\/payra-monvillage.fr\/wp-content\/uploads\/2025\/01\/panneau9.jpg\" alt=\"\" class=\"wp-image-4172\" srcset=\"https:\/\/payra-monvillage.fr\/wp-content\/uploads\/2025\/01\/panneau9.jpg 1000w, https:\/\/payra-monvillage.fr\/wp-content\/uploads\/2025\/01\/panneau9-300x225.jpg 300w, https:\/\/payra-monvillage.fr\/wp-content\/uploads\/2025\/01\/panneau9-768x576.jpg 768w\" sizes=\"auto, (max-width: 767px) 89vw, (max-width: 1000px) 54vw, (max-width: 1071px) 543px, 580px\" \/><\/figure>\n<\/figure>\n","protected":false},"excerpt":{"rendered":"<p>Le nouveau\u00a0\u00bb panneau des chemins retrouv\u00e9s\u00a0\u00bb avait perdu de sa clart\u00e9 et un peu de sa lisibilit\u00e9 depuis son installation il y a plus de sept ans c&rsquo;est pour cette raison que Max avait tout pr\u00e9vu, refaire un encadrement diff\u00e9rent pour sa protection et le panneau proprement dit aux couleurs plus vives. H\u00e9las Max n&rsquo;a &hellip; <\/p>\n<p class=\"link-more\"><a href=\"https:\/\/payra-monvillage.fr\/index.php\/la-vie-du-village-2025\/\" class=\"more-link\">Continuer la lecture<span class=\"screen-reader-text\"> de &laquo;&nbsp;LA VIE DU VILLAGE 2025&nbsp;&raquo;<\/span><\/a><\/p>\n","protected":false},"author":1,"featured_media":0,"parent":0,"menu_order":0,"comment_status":"closed","ping_status":"closed","template":"","meta":{"footnotes":""},"class_list":["post-4159","page","type-page","status-publish","hentry"],"_links":{"self":[{"href":"https:\/\/payra-monvillage.fr\/index.php\/wp-json\/wp\/v2\/pages\/4159","targetHints":{"allow":["GET"]}}],"collection":[{"href":"https:\/\/payra-monvillage.fr\/index.php\/wp-json\/wp\/v2\/pages"}],"about":[{"href":"https:\/\/payra-monvillage.fr\/index.php\/wp-json\/wp\/v2\/types\/page"}],"author":[{"embeddable":true,"href":"https:\/\/payra-monvillage.fr\/index.php\/wp-json\/wp\/v2\/users\/1"}],"replies":[{"embeddable":true,"href":"https:\/\/payra-monvillage.fr\/index.php\/wp-json\/wp\/v2\/comments?post=4159"}],"version-history":[{"count":2,"href":"https:\/\/payra-monvillage.fr\/index.php\/wp-json\/wp\/v2\/pages\/4159\/revisions"}],"predecessor-version":[{"id":4616,"href":"https:\/\/payra-monvillage.fr\/index.php\/wp-json\/wp\/v2\/pages\/4159\/revisions\/4616"}],"wp:attachment":[{"href":"https:\/\/payra-monvillage.fr\/index.php\/wp-json\/wp\/v2\/media?parent=4159"}],"curies":[{"name":"wp","href":"https:\/\/api.w.org\/{rel}","templated":true}]}}