{"id":4094,"date":"2024-12-01T13:14:28","date_gmt":"2024-12-01T12:14:28","guid":{"rendered":"https:\/\/payra-monvillage.fr\/?page_id=4094"},"modified":"2024-12-06T11:41:46","modified_gmt":"2024-12-06T10:41:46","slug":"marche-de-noel-association-des-parents-deleves","status":"publish","type":"page","link":"https:\/\/payra-monvillage.fr\/index.php\/marche-de-noel-association-des-parents-deleves\/","title":{"rendered":"March\u00e9 de no\u00ebl Association des Parents d&rsquo;\u00e9l\u00e8ves"},"content":{"rendered":"\n<figure class=\"wp-block-image size-full\"><img loading=\"lazy\" decoding=\"async\" width=\"1000\" height=\"661\" src=\"https:\/\/payra-monvillage.fr\/wp-content\/uploads\/2024\/12\/MARCHE-DE-NOEL.jpg\" alt=\"\" class=\"wp-image-4095\" srcset=\"https:\/\/payra-monvillage.fr\/wp-content\/uploads\/2024\/12\/MARCHE-DE-NOEL.jpg 1000w, https:\/\/payra-monvillage.fr\/wp-content\/uploads\/2024\/12\/MARCHE-DE-NOEL-300x198.jpg 300w, https:\/\/payra-monvillage.fr\/wp-content\/uploads\/2024\/12\/MARCHE-DE-NOEL-768x508.jpg 768w\" sizes=\"auto, (max-width: 767px) 89vw, (max-width: 1000px) 54vw, (max-width: 1071px) 543px, 580px\" \/><\/figure>\n\n\n\n<figure class=\"wp-block-image size-full\"><img loading=\"lazy\" decoding=\"async\" width=\"1000\" height=\"736\" src=\"https:\/\/payra-monvillage.fr\/wp-content\/uploads\/2024\/12\/MARCHE-DE-NOEL1.jpg\" alt=\"\" class=\"wp-image-4096\" srcset=\"https:\/\/payra-monvillage.fr\/wp-content\/uploads\/2024\/12\/MARCHE-DE-NOEL1.jpg 1000w, https:\/\/payra-monvillage.fr\/wp-content\/uploads\/2024\/12\/MARCHE-DE-NOEL1-300x221.jpg 300w, https:\/\/payra-monvillage.fr\/wp-content\/uploads\/2024\/12\/MARCHE-DE-NOEL1-768x565.jpg 768w\" sizes=\"auto, (max-width: 767px) 89vw, (max-width: 1000px) 54vw, (max-width: 1071px) 543px, 580px\" \/><\/figure>\n\n\n\n<figure class=\"wp-block-image size-large\"><img loading=\"lazy\" decoding=\"async\" width=\"1024\" height=\"576\" src=\"https:\/\/payra-monvillage.fr\/wp-content\/uploads\/2024\/12\/NOEL-PAYRA17-1024x576.jpg\" alt=\"\" class=\"wp-image-4113\" srcset=\"https:\/\/payra-monvillage.fr\/wp-content\/uploads\/2024\/12\/NOEL-PAYRA17-1024x576.jpg 1024w, https:\/\/payra-monvillage.fr\/wp-content\/uploads\/2024\/12\/NOEL-PAYRA17-300x169.jpg 300w, https:\/\/payra-monvillage.fr\/wp-content\/uploads\/2024\/12\/NOEL-PAYRA17-768x432.jpg 768w, https:\/\/payra-monvillage.fr\/wp-content\/uploads\/2024\/12\/NOEL-PAYRA17.jpg 1080w\" sizes=\"auto, (max-width: 767px) 89vw, (max-width: 1000px) 54vw, (max-width: 1071px) 543px, 580px\" \/><figcaption class=\"wp-element-caption\">L&rsquo;\u00e9quipe de APE qui a organis\u00e9 le march\u00e9 de No\u00eal plus Alix, le p\u00e8re No\u00eal et le lutin<\/figcaption><\/figure>\n\n\n\n<figure class=\"wp-block-gallery has-nested-images columns-default is-cropped wp-block-gallery-1 is-layout-flex wp-block-gallery-is-layout-flex\">\n<figure class=\"wp-block-image size-large\"><img loading=\"lazy\" decoding=\"async\" width=\"1000\" height=\"750\" data-id=\"4098\" src=\"https:\/\/payra-monvillage.fr\/wp-content\/uploads\/2024\/12\/NOEL-PAYRA5.jpg\" alt=\"\" class=\"wp-image-4098\" srcset=\"https:\/\/payra-monvillage.fr\/wp-content\/uploads\/2024\/12\/NOEL-PAYRA5.jpg 1000w, https:\/\/payra-monvillage.fr\/wp-content\/uploads\/2024\/12\/NOEL-PAYRA5-300x225.jpg 300w, https:\/\/payra-monvillage.fr\/wp-content\/uploads\/2024\/12\/NOEL-PAYRA5-768x576.jpg 768w\" sizes=\"auto, (max-width: 767px) 89vw, (max-width: 1000px) 54vw, (max-width: 1071px) 543px, 580px\" \/><\/figure>\n\n\n\n<figure class=\"wp-block-image size-large\"><img loading=\"lazy\" decoding=\"async\" width=\"750\" height=\"1000\" data-id=\"4099\" src=\"https:\/\/payra-monvillage.fr\/wp-content\/uploads\/2024\/12\/NOEL-PAYRA6.jpg\" alt=\"\" class=\"wp-image-4099\" srcset=\"https:\/\/payra-monvillage.fr\/wp-content\/uploads\/2024\/12\/NOEL-PAYRA6.jpg 750w, https:\/\/payra-monvillage.fr\/wp-content\/uploads\/2024\/12\/NOEL-PAYRA6-225x300.jpg 225w\" sizes=\"auto, (max-width: 706px) 89vw, (max-width: 767px) 82vw, 740px\" \/><\/figure>\n\n\n\n<figure class=\"wp-block-image size-large\"><img loading=\"lazy\" decoding=\"async\" width=\"1000\" height=\"750\" data-id=\"4100\" src=\"https:\/\/payra-monvillage.fr\/wp-content\/uploads\/2024\/12\/NOEL-PAYRA9.jpg\" alt=\"\" class=\"wp-image-4100\" srcset=\"https:\/\/payra-monvillage.fr\/wp-content\/uploads\/2024\/12\/NOEL-PAYRA9.jpg 1000w, https:\/\/payra-monvillage.fr\/wp-content\/uploads\/2024\/12\/NOEL-PAYRA9-300x225.jpg 300w, https:\/\/payra-monvillage.fr\/wp-content\/uploads\/2024\/12\/NOEL-PAYRA9-768x576.jpg 768w\" sizes=\"auto, (max-width: 767px) 89vw, (max-width: 1000px) 54vw, (max-width: 1071px) 543px, 580px\" \/><\/figure>\n<\/figure>\n\n\n\n<figure class=\"wp-block-gallery has-nested-images columns-default is-cropped wp-block-gallery-2 is-layout-flex wp-block-gallery-is-layout-flex\">\n<figure class=\"wp-block-image size-large\"><img loading=\"lazy\" decoding=\"async\" width=\"1000\" height=\"750\" data-id=\"4102\" src=\"https:\/\/payra-monvillage.fr\/wp-content\/uploads\/2024\/12\/NOEL-PAYRA10.jpg\" alt=\"\" class=\"wp-image-4102\" srcset=\"https:\/\/payra-monvillage.fr\/wp-content\/uploads\/2024\/12\/NOEL-PAYRA10.jpg 1000w, https:\/\/payra-monvillage.fr\/wp-content\/uploads\/2024\/12\/NOEL-PAYRA10-300x225.jpg 300w, https:\/\/payra-monvillage.fr\/wp-content\/uploads\/2024\/12\/NOEL-PAYRA10-768x576.jpg 768w\" sizes=\"auto, (max-width: 767px) 89vw, (max-width: 1000px) 54vw, (max-width: 1071px) 543px, 580px\" \/><\/figure>\n\n\n\n<figure class=\"wp-block-image size-large\"><img loading=\"lazy\" decoding=\"async\" width=\"1000\" height=\"750\" data-id=\"4103\" src=\"https:\/\/payra-monvillage.fr\/wp-content\/uploads\/2024\/12\/NOEL-PAYRA11.jpg\" alt=\"\" class=\"wp-image-4103\" srcset=\"https:\/\/payra-monvillage.fr\/wp-content\/uploads\/2024\/12\/NOEL-PAYRA11.jpg 1000w, https:\/\/payra-monvillage.fr\/wp-content\/uploads\/2024\/12\/NOEL-PAYRA11-300x225.jpg 300w, https:\/\/payra-monvillage.fr\/wp-content\/uploads\/2024\/12\/NOEL-PAYRA11-768x576.jpg 768w\" sizes=\"auto, (max-width: 767px) 89vw, (max-width: 1000px) 54vw, (max-width: 1071px) 543px, 580px\" \/><\/figure>\n\n\n\n<figure class=\"wp-block-image size-large\"><img loading=\"lazy\" decoding=\"async\" width=\"1000\" height=\"750\" data-id=\"4104\" src=\"https:\/\/payra-monvillage.fr\/wp-content\/uploads\/2024\/12\/NOEL-PAYRA13.jpg\" alt=\"\" class=\"wp-image-4104\" srcset=\"https:\/\/payra-monvillage.fr\/wp-content\/uploads\/2024\/12\/NOEL-PAYRA13.jpg 1000w, https:\/\/payra-monvillage.fr\/wp-content\/uploads\/2024\/12\/NOEL-PAYRA13-300x225.jpg 300w, https:\/\/payra-monvillage.fr\/wp-content\/uploads\/2024\/12\/NOEL-PAYRA13-768x576.jpg 768w\" sizes=\"auto, (max-width: 767px) 89vw, (max-width: 1000px) 54vw, (max-width: 1071px) 543px, 580px\" \/><\/figure>\n<\/figure>\n\n\n\n<figure class=\"wp-block-gallery has-nested-images columns-default is-cropped wp-block-gallery-3 is-layout-flex wp-block-gallery-is-layout-flex\">\n<figure class=\"wp-block-image size-large\"><img loading=\"lazy\" decoding=\"async\" width=\"1000\" height=\"750\" data-id=\"4105\" src=\"https:\/\/payra-monvillage.fr\/wp-content\/uploads\/2024\/12\/NOEL-PAYRA12.jpg\" alt=\"\" class=\"wp-image-4105\" srcset=\"https:\/\/payra-monvillage.fr\/wp-content\/uploads\/2024\/12\/NOEL-PAYRA12.jpg 1000w, https:\/\/payra-monvillage.fr\/wp-content\/uploads\/2024\/12\/NOEL-PAYRA12-300x225.jpg 300w, https:\/\/payra-monvillage.fr\/wp-content\/uploads\/2024\/12\/NOEL-PAYRA12-768x576.jpg 768w\" sizes=\"auto, (max-width: 767px) 89vw, (max-width: 1000px) 54vw, (max-width: 1071px) 543px, 580px\" \/><\/figure>\n\n\n\n<figure class=\"wp-block-image size-large\"><img loading=\"lazy\" decoding=\"async\" width=\"1000\" height=\"750\" data-id=\"4106\" src=\"https:\/\/payra-monvillage.fr\/wp-content\/uploads\/2024\/12\/NOEL-PAYRA14.jpg\" alt=\"\" class=\"wp-image-4106\" srcset=\"https:\/\/payra-monvillage.fr\/wp-content\/uploads\/2024\/12\/NOEL-PAYRA14.jpg 1000w, https:\/\/payra-monvillage.fr\/wp-content\/uploads\/2024\/12\/NOEL-PAYRA14-300x225.jpg 300w, https:\/\/payra-monvillage.fr\/wp-content\/uploads\/2024\/12\/NOEL-PAYRA14-768x576.jpg 768w\" sizes=\"auto, (max-width: 767px) 89vw, (max-width: 1000px) 54vw, (max-width: 1071px) 543px, 580px\" \/><\/figure>\n\n\n\n<figure class=\"wp-block-image size-large\"><img loading=\"lazy\" decoding=\"async\" width=\"750\" height=\"1000\" data-id=\"4107\" src=\"https:\/\/payra-monvillage.fr\/wp-content\/uploads\/2024\/12\/NOEL-PAYRA15.jpg\" alt=\"\" class=\"wp-image-4107\" srcset=\"https:\/\/payra-monvillage.fr\/wp-content\/uploads\/2024\/12\/NOEL-PAYRA15.jpg 750w, https:\/\/payra-monvillage.fr\/wp-content\/uploads\/2024\/12\/NOEL-PAYRA15-225x300.jpg 225w\" sizes=\"auto, (max-width: 706px) 89vw, (max-width: 767px) 82vw, 740px\" \/><\/figure>\n<\/figure>\n\n\n\n<figure class=\"wp-block-gallery has-nested-images columns-default is-cropped wp-block-gallery-4 is-layout-flex wp-block-gallery-is-layout-flex\">\n<figure class=\"wp-block-image size-large\"><img loading=\"lazy\" decoding=\"async\" width=\"1000\" height=\"750\" data-id=\"4109\" src=\"https:\/\/payra-monvillage.fr\/wp-content\/uploads\/2024\/12\/NOEL-PAYRA1.jpg\" alt=\"\" class=\"wp-image-4109\" srcset=\"https:\/\/payra-monvillage.fr\/wp-content\/uploads\/2024\/12\/NOEL-PAYRA1.jpg 1000w, https:\/\/payra-monvillage.fr\/wp-content\/uploads\/2024\/12\/NOEL-PAYRA1-300x225.jpg 300w, https:\/\/payra-monvillage.fr\/wp-content\/uploads\/2024\/12\/NOEL-PAYRA1-768x576.jpg 768w\" sizes=\"auto, (max-width: 767px) 89vw, (max-width: 1000px) 54vw, (max-width: 1071px) 543px, 580px\" \/><\/figure>\n\n\n\n<figure class=\"wp-block-image size-large\"><img loading=\"lazy\" decoding=\"async\" width=\"1000\" height=\"750\" data-id=\"4108\" src=\"https:\/\/payra-monvillage.fr\/wp-content\/uploads\/2024\/12\/NOEL-PAYRA2.jpg\" alt=\"\" class=\"wp-image-4108\" srcset=\"https:\/\/payra-monvillage.fr\/wp-content\/uploads\/2024\/12\/NOEL-PAYRA2.jpg 1000w, https:\/\/payra-monvillage.fr\/wp-content\/uploads\/2024\/12\/NOEL-PAYRA2-300x225.jpg 300w, https:\/\/payra-monvillage.fr\/wp-content\/uploads\/2024\/12\/NOEL-PAYRA2-768x576.jpg 768w\" sizes=\"auto, (max-width: 767px) 89vw, (max-width: 1000px) 54vw, (max-width: 1071px) 543px, 580px\" \/><\/figure>\n\n\n\n<figure class=\"wp-block-image size-large\"><img loading=\"lazy\" decoding=\"async\" width=\"1000\" height=\"750\" data-id=\"4110\" src=\"https:\/\/payra-monvillage.fr\/wp-content\/uploads\/2024\/12\/NOEL-PAYRA4.jpg\" alt=\"\" class=\"wp-image-4110\" srcset=\"https:\/\/payra-monvillage.fr\/wp-content\/uploads\/2024\/12\/NOEL-PAYRA4.jpg 1000w, https:\/\/payra-monvillage.fr\/wp-content\/uploads\/2024\/12\/NOEL-PAYRA4-300x225.jpg 300w, https:\/\/payra-monvillage.fr\/wp-content\/uploads\/2024\/12\/NOEL-PAYRA4-768x576.jpg 768w\" sizes=\"auto, (max-width: 767px) 89vw, (max-width: 1000px) 54vw, (max-width: 1071px) 543px, 580px\" \/><\/figure>\n<\/figure>\n\n\n\n<p>Le P\u00e8re No\u00eal est arriv\u00e9 pour les photographies et Ronald et Andr\u00e9e font faire un tour de cal\u00e8che aux enfants<\/p>\n\n\n\n<figure class=\"wp-block-gallery has-nested-images columns-default is-cropped wp-block-gallery-5 is-layout-flex wp-block-gallery-is-layout-flex\">\n<figure class=\"wp-block-image size-large\"><img loading=\"lazy\" decoding=\"async\" width=\"461\" height=\"1024\" data-id=\"4117\" src=\"https:\/\/payra-monvillage.fr\/wp-content\/uploads\/2024\/12\/NOEL-PAYRA18-461x1024.jpg\" alt=\"\" class=\"wp-image-4117\" srcset=\"https:\/\/payra-monvillage.fr\/wp-content\/uploads\/2024\/12\/NOEL-PAYRA18-461x1024.jpg 461w, https:\/\/payra-monvillage.fr\/wp-content\/uploads\/2024\/12\/NOEL-PAYRA18-135x300.jpg 135w, https:\/\/payra-monvillage.fr\/wp-content\/uploads\/2024\/12\/NOEL-PAYRA18-768x1707.jpg 768w, https:\/\/payra-monvillage.fr\/wp-content\/uploads\/2024\/12\/NOEL-PAYRA18-691x1536.jpg 691w, https:\/\/payra-monvillage.fr\/wp-content\/uploads\/2024\/12\/NOEL-PAYRA18.jpg 900w\" sizes=\"auto, (max-width: 461px) 100vw, 461px\" \/><\/figure>\n\n\n\n<figure class=\"wp-block-image size-large\"><img loading=\"lazy\" decoding=\"async\" width=\"461\" height=\"1024\" data-id=\"4118\" src=\"https:\/\/payra-monvillage.fr\/wp-content\/uploads\/2024\/12\/NOEL-PAYRA19-461x1024.jpg\" alt=\"\" class=\"wp-image-4118\" srcset=\"https:\/\/payra-monvillage.fr\/wp-content\/uploads\/2024\/12\/NOEL-PAYRA19-461x1024.jpg 461w, https:\/\/payra-monvillage.fr\/wp-content\/uploads\/2024\/12\/NOEL-PAYRA19-135x300.jpg 135w, https:\/\/payra-monvillage.fr\/wp-content\/uploads\/2024\/12\/NOEL-PAYRA19-768x1707.jpg 768w, https:\/\/payra-monvillage.fr\/wp-content\/uploads\/2024\/12\/NOEL-PAYRA19-691x1536.jpg 691w, https:\/\/payra-monvillage.fr\/wp-content\/uploads\/2024\/12\/NOEL-PAYRA19.jpg 900w\" sizes=\"auto, (max-width: 461px) 100vw, 461px\" \/><\/figure>\n<\/figure>\n\n\n\n<figure class=\"wp-block-image size-full\"><img loading=\"lazy\" decoding=\"async\" width=\"1000\" height=\"750\" src=\"https:\/\/payra-monvillage.fr\/wp-content\/uploads\/2024\/12\/NOEL-PAYRA20.jpg\" alt=\"\" class=\"wp-image-4121\" srcset=\"https:\/\/payra-monvillage.fr\/wp-content\/uploads\/2024\/12\/NOEL-PAYRA20.jpg 1000w, https:\/\/payra-monvillage.fr\/wp-content\/uploads\/2024\/12\/NOEL-PAYRA20-300x225.jpg 300w, https:\/\/payra-monvillage.fr\/wp-content\/uploads\/2024\/12\/NOEL-PAYRA20-768x576.jpg 768w\" sizes=\"auto, (max-width: 767px) 89vw, (max-width: 1000px) 54vw, (max-width: 1071px) 543px, 580px\" \/><\/figure>\n\n\n\n<p>De nombreux convives ont d\u00e9jeun\u00e9 dans la salle des F\u00eates d\u00e9cor\u00e9e \u00e0 cette occasion.<\/p>\n","protected":false},"excerpt":{"rendered":"<p>Le P\u00e8re No\u00eal est arriv\u00e9 pour les photographies et Ronald et Andr\u00e9e font faire un tour de cal\u00e8che aux enfants De nombreux convives ont d\u00e9jeun\u00e9 dans la salle des F\u00eates d\u00e9cor\u00e9e \u00e0 cette occasion.<\/p>\n","protected":false},"author":1,"featured_media":0,"parent":0,"menu_order":0,"comment_status":"closed","ping_status":"closed","template":"","meta":{"footnotes":""},"class_list":["post-4094","page","type-page","status-publish","hentry"],"_links":{"self":[{"href":"https:\/\/payra-monvillage.fr\/index.php\/wp-json\/wp\/v2\/pages\/4094","targetHints":{"allow":["GET"]}}],"collection":[{"href":"https:\/\/payra-monvillage.fr\/index.php\/wp-json\/wp\/v2\/pages"}],"about":[{"href":"https:\/\/payra-monvillage.fr\/index.php\/wp-json\/wp\/v2\/types\/page"}],"author":[{"embeddable":true,"href":"https:\/\/payra-monvillage.fr\/index.php\/wp-json\/wp\/v2\/users\/1"}],"replies":[{"embeddable":true,"href":"https:\/\/payra-monvillage.fr\/index.php\/wp-json\/wp\/v2\/comments?post=4094"}],"version-history":[{"count":6,"href":"https:\/\/payra-monvillage.fr\/index.php\/wp-json\/wp\/v2\/pages\/4094\/revisions"}],"predecessor-version":[{"id":4122,"href":"https:\/\/payra-monvillage.fr\/index.php\/wp-json\/wp\/v2\/pages\/4094\/revisions\/4122"}],"wp:attachment":[{"href":"https:\/\/payra-monvillage.fr\/index.php\/wp-json\/wp\/v2\/media?parent=4094"}],"curies":[{"name":"wp","href":"https:\/\/api.w.org\/{rel}","templated":true}]}}