{"id":4087,"date":"2024-11-20T15:55:56","date_gmt":"2024-11-20T14:55:56","guid":{"rendered":"https:\/\/payra-monvillage.fr\/?page_id=4087"},"modified":"2024-11-20T15:55:56","modified_gmt":"2024-11-20T14:55:56","slug":"nomination-du-1er-instituteur-public-a-payra","status":"publish","type":"page","link":"https:\/\/payra-monvillage.fr\/index.php\/nomination-du-1er-instituteur-public-a-payra\/","title":{"rendered":"Nomination du 1er Instituteur Public \u00e0 Payra"},"content":{"rendered":"\n<p>Monsieur Paul Caunes n\u00e9 en 1862, instituteur \u00e0 Payra de 1893 \u00e0 l&rsquo;\u00e9t\u00e9 1926 (parti en retraite)  nous a livr\u00e9 le fruit de ses recherches en 1933.<\/p>\n\n\n\n<p>\u00a0\u00bb Ce jourd&rsquo;hui dix neuvi\u00e8me prairial, an second de la R\u00e9publique Une et Indivisible, le conseil&#8230;pr\u00e9sents les citoyens Victor Capriol, maire, Jean Goutes et Jean Saury  neveu, officiers municipaux, Paul Anglade, agent national, Jean Picarel, Jean Albouy, Jean Anglade jeune et Antoine Cesses notable,<\/p>\n\n\n\n<p>Absents Jean Saury oncle et un autre d\u00e9c\u00e9d\u00e9<\/p>\n\n\n\n<p>auxquels le citoyen Maire a dit que par son d\u00e9cret du 29 frimaire dernier la Convention Nationale a donn\u00e9 le mode d&rsquo;organisation d&rsquo;instruction publique; que le trop peu de population de cette commune, la p\u00e9nurie des citoyens capables d&rsquo;\u00eatre instituteurs et l\u2019\u00e9loignement des gros lieux \u00e9taient la cause sans doute qu&rsquo;il ne s&rsquo;\u00e9tait pas pr\u00e9sent\u00e9 personne pour \u00eatre instituteur, que malgr\u00e9 le d\u00e9faut de sujets dans le voisinage, il \u00e9tait du devoir du Conseil G\u00e9n\u00e9ral de s&rsquo;occuper, de procurer aux jeunes citoyens les moyens de s&rsquo;instruire dans les principes du R\u00e9publicanisme, que trop longtemps l&rsquo;ignorance avait r\u00e9gn\u00e9 dans la Pays, que la Convention  Nationale par la loi du 29 frimaire accordait aux communes peu populeuses la facult\u00e9 de choisir d&rsquo;apr\u00e8s l&rsquo;avis des directoires des districts un instituteur \u00e0 qui la R\u00e9publique accordera un traitement de cinq cents livres et en cons\u00e9quence il propose au Conseil G\u00e9n\u00e9ral de d\u00e9lib\u00e9rer sur ce sujet.<\/p>\n\n\n\n<p>Sur quoi, l&rsquo;agent national entendu consid\u00e9rant qu&rsquo;un des devoirs les plus essentiels des magistrats du peuple est de lui procurer tous les secours qui sont en leur pouvoir;<\/p>\n\n\n\n<p>Consid\u00e9rant que l&rsquo;instruction publique est le seul moyen capable de faire sortir les jeunes citoyens de cette ignorance crasse o\u00f9 leurs fr\u00e8res ont croupi jusqu&rsquo;\u00e0 ce jour,<\/p>\n\n\n\n<p>Consid\u00e9rant que du choix d&rsquo;un bon instituteur d\u00e9pend la propagation des principes r\u00e9publicains et l&rsquo;\u00e9l\u00e9vation de l&rsquo;esprit des jeunes gens \u00e0 la hauteur de la r\u00e9volution;<\/p>\n\n\n\n<p>consid\u00e9rant qu&rsquo;il existe dans cette commune un local assez vaste  dans le ci-devant presbyt\u00e8re pour y loger l&rsquo;instituteur sans g\u00eaner la municipalit\u00e9 qui y tient ses s\u00e9ances;<\/p>\n\n\n\n<p>consid\u00e9rant enfin que cette commune est situ\u00e9e de mani\u00e8re \u00e0 engager les citoyens des communes de Montauriol,  Payrefite et  Mayreville \u00e0 envoyer leurs enfants profiter des le\u00e7ons que l&rsquo;instituteur pourra leur donner;<\/p>\n\n\n\n<p><\/p>\n\n\n\n<p>Le Conseil G\u00e9n\u00e9ral, sur proposition d&rsquo;un membre et d&rsquo;apr\u00e8s les informations les plus exactes prises sur la conduite de Jean Capy, citoyen de Maz\u00e8res, d\u00e9partement de l&rsquo;Ari\u00e8ge, dont les connaissances et le civisme ont \u00e9t\u00e9 certifi\u00e9s, a unanimement d\u00e9lib\u00e9r\u00e9 que copie collationn\u00e9e de la pr\u00e9sente d\u00e9lib\u00e9ration sera adress\u00e9e au Directoire de Castelnaudary qui voudra bien donner son avis sur la dite nomination \u00e0 la charge audit Capy de produire un certificat de civisme et de bonne moeurs sign\u00e9 de la moiti\u00e9 des membres du Conseil G\u00e9n\u00e9ral de la Commune o\u00f9 il r\u00e9side et de deux membres au moins du Conseil de surveillance du dit lieu; &#8230;&#8230;&#8230;..apr\u00e8s que la direction aura donn\u00e9 son avis, copie de la pr\u00e9sente d\u00e9lib\u00e9ration sera adress\u00e9e au repr\u00e9sentant du peuple Chaudron Rousseau (\u00e0 Toulouse) qui , s&rsquo;il le juge \u00e0 propos mettra en r\u00e9quisition le dit Capy pour \u00eatre instituteur dans cette commune.<\/p>\n\n\n\n<p>on sign\u00e9: tous les membres puis Raymond greffier.<\/p>\n\n\n\n<p>le 5 fructidor an second, le conseil&#8230;&#8230;&#8230;<\/p>\n\n\n\n<p>Le <\/p>\n\n\n\n<p>citoyen Jean Capry a mis sur le bureau un arr\u00eat\u00e9 du repr\u00e9sentant du peuple Chaudron Rousseau, <strong>en date du 13 thermidor an II, le nommant instituteur \u00e0 Payra<\/strong><\/p>\n","protected":false},"excerpt":{"rendered":"<p>Monsieur Paul Caunes n\u00e9 en 1862, instituteur \u00e0 Payra de 1893 \u00e0 l&rsquo;\u00e9t\u00e9 1926 (parti en retraite) nous a livr\u00e9 le fruit de ses recherches en 1933. \u00a0\u00bb Ce jourd&rsquo;hui dix neuvi\u00e8me prairial, an second de la R\u00e9publique Une et Indivisible, le conseil&#8230;pr\u00e9sents les citoyens Victor Capriol, maire, Jean Goutes et Jean Saury neveu, officiers &hellip; <\/p>\n<p class=\"link-more\"><a href=\"https:\/\/payra-monvillage.fr\/index.php\/nomination-du-1er-instituteur-public-a-payra\/\" class=\"more-link\">Continuer la lecture<span class=\"screen-reader-text\"> de &laquo;&nbsp;Nomination du 1er Instituteur Public \u00e0 Payra&nbsp;&raquo;<\/span><\/a><\/p>\n","protected":false},"author":1,"featured_media":0,"parent":0,"menu_order":0,"comment_status":"closed","ping_status":"closed","template":"","meta":{"footnotes":""},"class_list":["post-4087","page","type-page","status-publish","hentry"],"_links":{"self":[{"href":"https:\/\/payra-monvillage.fr\/index.php\/wp-json\/wp\/v2\/pages\/4087","targetHints":{"allow":["GET"]}}],"collection":[{"href":"https:\/\/payra-monvillage.fr\/index.php\/wp-json\/wp\/v2\/pages"}],"about":[{"href":"https:\/\/payra-monvillage.fr\/index.php\/wp-json\/wp\/v2\/types\/page"}],"author":[{"embeddable":true,"href":"https:\/\/payra-monvillage.fr\/index.php\/wp-json\/wp\/v2\/users\/1"}],"replies":[{"embeddable":true,"href":"https:\/\/payra-monvillage.fr\/index.php\/wp-json\/wp\/v2\/comments?post=4087"}],"version-history":[{"count":3,"href":"https:\/\/payra-monvillage.fr\/index.php\/wp-json\/wp\/v2\/pages\/4087\/revisions"}],"predecessor-version":[{"id":4090,"href":"https:\/\/payra-monvillage.fr\/index.php\/wp-json\/wp\/v2\/pages\/4087\/revisions\/4090"}],"wp:attachment":[{"href":"https:\/\/payra-monvillage.fr\/index.php\/wp-json\/wp\/v2\/media?parent=4087"}],"curies":[{"name":"wp","href":"https:\/\/api.w.org\/{rel}","templated":true}]}}