{"id":4046,"date":"2024-11-17T18:23:58","date_gmt":"2024-11-17T17:23:58","guid":{"rendered":"https:\/\/payra-monvillage.fr\/?page_id=4046"},"modified":"2024-11-17T18:25:21","modified_gmt":"2024-11-17T17:25:21","slug":"club-des-4-saisons","status":"publish","type":"page","link":"https:\/\/payra-monvillage.fr\/index.php\/club-des-4-saisons\/","title":{"rendered":"CLUB DES 4 SAISONS"},"content":{"rendered":"\n<p>Repas du 16 novembre 2024<\/p>\n\n\n\n<figure class=\"wp-block-gallery has-nested-images columns-default is-cropped wp-block-gallery-1 is-layout-flex wp-block-gallery-is-layout-flex\">\n<figure class=\"wp-block-image size-large\"><img loading=\"lazy\" decoding=\"async\" width=\"1000\" height=\"750\" data-id=\"4047\" src=\"https:\/\/payra-monvillage.fr\/wp-content\/uploads\/2024\/11\/16-novembre-repa-4saisons.jpg\" alt=\"\" class=\"wp-image-4047\" srcset=\"https:\/\/payra-monvillage.fr\/wp-content\/uploads\/2024\/11\/16-novembre-repa-4saisons.jpg 1000w, https:\/\/payra-monvillage.fr\/wp-content\/uploads\/2024\/11\/16-novembre-repa-4saisons-300x225.jpg 300w, https:\/\/payra-monvillage.fr\/wp-content\/uploads\/2024\/11\/16-novembre-repa-4saisons-768x576.jpg 768w\" sizes=\"auto, (max-width: 767px) 89vw, (max-width: 1000px) 54vw, (max-width: 1071px) 543px, 580px\" \/><\/figure>\n\n\n\n<figure class=\"wp-block-image size-large\"><img loading=\"lazy\" decoding=\"async\" width=\"1000\" height=\"750\" data-id=\"4049\" src=\"https:\/\/payra-monvillage.fr\/wp-content\/uploads\/2024\/11\/16-novembre-repa-4saisons2.jpg\" alt=\"\" class=\"wp-image-4049\" srcset=\"https:\/\/payra-monvillage.fr\/wp-content\/uploads\/2024\/11\/16-novembre-repa-4saisons2.jpg 1000w, https:\/\/payra-monvillage.fr\/wp-content\/uploads\/2024\/11\/16-novembre-repa-4saisons2-300x225.jpg 300w, https:\/\/payra-monvillage.fr\/wp-content\/uploads\/2024\/11\/16-novembre-repa-4saisons2-768x576.jpg 768w\" sizes=\"auto, (max-width: 767px) 89vw, (max-width: 1000px) 54vw, (max-width: 1071px) 543px, 580px\" \/><\/figure>\n<\/figure>\n\n\n\n<figure class=\"wp-block-image size-full\"><img loading=\"lazy\" decoding=\"async\" width=\"1000\" height=\"750\" src=\"https:\/\/payra-monvillage.fr\/wp-content\/uploads\/2024\/11\/16-novembre-repa-4saisons1-1.jpg\" alt=\"\" class=\"wp-image-4056\" srcset=\"https:\/\/payra-monvillage.fr\/wp-content\/uploads\/2024\/11\/16-novembre-repa-4saisons1-1.jpg 1000w, https:\/\/payra-monvillage.fr\/wp-content\/uploads\/2024\/11\/16-novembre-repa-4saisons1-1-300x225.jpg 300w, https:\/\/payra-monvillage.fr\/wp-content\/uploads\/2024\/11\/16-novembre-repa-4saisons1-1-768x576.jpg 768w\" sizes=\"auto, (max-width: 767px) 89vw, (max-width: 1000px) 54vw, (max-width: 1071px) 543px, 580px\" \/><\/figure>\n\n\n\n<p>Beaucoup de monde pour ce tr\u00e8s bon repas du mois de novembre et \u00e0 cette occasion le club des 4 saisons f\u00eatait les soixante ans de mariages de quelques membres du club que vous reconnaitrez sur les photographies ci dessous. A cette occasion un joli bouquet de fleurs leur \u00e9tait offert.<\/p>\n\n\n\n<figure class=\"wp-block-gallery has-nested-images columns-default is-cropped wp-block-gallery-2 is-layout-flex wp-block-gallery-is-layout-flex\">\n<figure class=\"wp-block-image size-large\"><img loading=\"lazy\" decoding=\"async\" width=\"1000\" height=\"750\" data-id=\"4051\" src=\"https:\/\/payra-monvillage.fr\/wp-content\/uploads\/2024\/11\/16-novembre-repa-4saisons6.jpg\" alt=\"\" class=\"wp-image-4051\" srcset=\"https:\/\/payra-monvillage.fr\/wp-content\/uploads\/2024\/11\/16-novembre-repa-4saisons6.jpg 1000w, https:\/\/payra-monvillage.fr\/wp-content\/uploads\/2024\/11\/16-novembre-repa-4saisons6-300x225.jpg 300w, https:\/\/payra-monvillage.fr\/wp-content\/uploads\/2024\/11\/16-novembre-repa-4saisons6-768x576.jpg 768w\" sizes=\"auto, (max-width: 767px) 89vw, (max-width: 1000px) 54vw, (max-width: 1071px) 543px, 580px\" \/><\/figure>\n\n\n\n<figure class=\"wp-block-image size-large\"><img loading=\"lazy\" decoding=\"async\" width=\"1000\" height=\"750\" data-id=\"4052\" src=\"https:\/\/payra-monvillage.fr\/wp-content\/uploads\/2024\/11\/16-novembre-repa-4saisons7.jpg\" alt=\"\" class=\"wp-image-4052\" srcset=\"https:\/\/payra-monvillage.fr\/wp-content\/uploads\/2024\/11\/16-novembre-repa-4saisons7.jpg 1000w, https:\/\/payra-monvillage.fr\/wp-content\/uploads\/2024\/11\/16-novembre-repa-4saisons7-300x225.jpg 300w, https:\/\/payra-monvillage.fr\/wp-content\/uploads\/2024\/11\/16-novembre-repa-4saisons7-768x576.jpg 768w\" sizes=\"auto, (max-width: 767px) 89vw, (max-width: 1000px) 54vw, (max-width: 1071px) 543px, 580px\" \/><\/figure>\n<\/figure>\n\n\n\n<figure class=\"wp-block-image size-full\"><img loading=\"lazy\" decoding=\"async\" width=\"474\" height=\"1000\" src=\"https:\/\/payra-monvillage.fr\/wp-content\/uploads\/2024\/11\/16-novembre-repa-4saisons5-2.jpg\" alt=\"\" class=\"wp-image-4054\" srcset=\"https:\/\/payra-monvillage.fr\/wp-content\/uploads\/2024\/11\/16-novembre-repa-4saisons5-2.jpg 474w, https:\/\/payra-monvillage.fr\/wp-content\/uploads\/2024\/11\/16-novembre-repa-4saisons5-2-142x300.jpg 142w\" sizes=\"auto, (max-width: 474px) 100vw, 474px\" \/><\/figure>\n\n\n\n<p><\/p>\n","protected":false},"excerpt":{"rendered":"<p>Repas du 16 novembre 2024 Beaucoup de monde pour ce tr\u00e8s bon repas du mois de novembre et \u00e0 cette occasion le club des 4 saisons f\u00eatait les soixante ans de mariages de quelques membres du club que vous reconnaitrez sur les photographies ci dessous. A cette occasion un joli bouquet de fleurs leur \u00e9tait &hellip; <\/p>\n<p class=\"link-more\"><a href=\"https:\/\/payra-monvillage.fr\/index.php\/club-des-4-saisons\/\" class=\"more-link\">Continuer la lecture<span class=\"screen-reader-text\"> de &laquo;&nbsp;CLUB DES 4 SAISONS&nbsp;&raquo;<\/span><\/a><\/p>\n","protected":false},"author":1,"featured_media":0,"parent":0,"menu_order":0,"comment_status":"closed","ping_status":"closed","template":"","meta":{"footnotes":""},"class_list":["post-4046","page","type-page","status-publish","hentry"],"_links":{"self":[{"href":"https:\/\/payra-monvillage.fr\/index.php\/wp-json\/wp\/v2\/pages\/4046","targetHints":{"allow":["GET"]}}],"collection":[{"href":"https:\/\/payra-monvillage.fr\/index.php\/wp-json\/wp\/v2\/pages"}],"about":[{"href":"https:\/\/payra-monvillage.fr\/index.php\/wp-json\/wp\/v2\/types\/page"}],"author":[{"embeddable":true,"href":"https:\/\/payra-monvillage.fr\/index.php\/wp-json\/wp\/v2\/users\/1"}],"replies":[{"embeddable":true,"href":"https:\/\/payra-monvillage.fr\/index.php\/wp-json\/wp\/v2\/comments?post=4046"}],"version-history":[{"count":2,"href":"https:\/\/payra-monvillage.fr\/index.php\/wp-json\/wp\/v2\/pages\/4046\/revisions"}],"predecessor-version":[{"id":4057,"href":"https:\/\/payra-monvillage.fr\/index.php\/wp-json\/wp\/v2\/pages\/4046\/revisions\/4057"}],"wp:attachment":[{"href":"https:\/\/payra-monvillage.fr\/index.php\/wp-json\/wp\/v2\/media?parent=4046"}],"curies":[{"name":"wp","href":"https:\/\/api.w.org\/{rel}","templated":true}]}}