{"id":4036,"date":"2024-11-11T11:18:43","date_gmt":"2024-11-11T10:18:43","guid":{"rendered":"https:\/\/payra-monvillage.fr\/?page_id=4036"},"modified":"2024-11-12T08:32:43","modified_gmt":"2024-11-12T07:32:43","slug":"communication-du-comite-des-fetes","status":"publish","type":"page","link":"https:\/\/payra-monvillage.fr\/index.php\/communication-du-comite-des-fetes\/","title":{"rendered":"COMMUNICATION DU COMITE DES F\u00caTES"},"content":{"rendered":"\n<p><strong>Communication Comit\u00e9 des F\u00eates<\/strong><\/p>\n\n\n\n<p>Bonjour,<\/p>\n\n\n\n<figure class=\"wp-block-image size-full\"><img loading=\"lazy\" decoding=\"async\" width=\"750\" height=\"1000\" src=\"https:\/\/payra-monvillage.fr\/wp-content\/uploads\/2024\/11\/CLIMAT2.jpg\" alt=\"\" class=\"wp-image-4039\" srcset=\"https:\/\/payra-monvillage.fr\/wp-content\/uploads\/2024\/11\/CLIMAT2.jpg 750w, https:\/\/payra-monvillage.fr\/wp-content\/uploads\/2024\/11\/CLIMAT2-225x300.jpg 225w\" sizes=\"auto, (max-width: 706px) 89vw, (max-width: 767px) 82vw, 740px\" \/><\/figure>\n\n\n\n<p>Suite \u00e0 l&rsquo;Assembl\u00e9e G\u00e9n\u00e9rale du Comit\u00e9 des f\u00eates du 31 octobre 2024, le nouveau bureau compos\u00e9 de Ga\u00eblle Naudinat, Magalie Villarejo et G\u00e9raldine Grill\u00e8res, vous invite \u00e0 venir nous rejoindre lors de notre prochaine r\u00e9union pr\u00e9vue <strong>LE VENDREDI 6 DECEMBRE 2024 \u00e0 20HEURES<\/strong><\/p>\n\n\n\n<p>\u00c7a sera l&rsquo;occasion d&rsquo;organiser notre f\u00eate locale et de partager nos id\u00e9es.<\/p>\n\n\n\n<p>En esp\u00e9rant vous voir nombreux.<\/p>\n\n\n\n<p>Le Comit\u00e9 des f\u00eates de Payra sur l&rsquo;Hers.<\/p>\n","protected":false},"excerpt":{"rendered":"<p>Communication Comit\u00e9 des F\u00eates Bonjour, Suite \u00e0 l&rsquo;Assembl\u00e9e G\u00e9n\u00e9rale du Comit\u00e9 des f\u00eates du 31 octobre 2024, le nouveau bureau compos\u00e9 de Ga\u00eblle Naudinat, Magalie Villarejo et G\u00e9raldine Grill\u00e8res, vous invite \u00e0 venir nous rejoindre lors de notre prochaine r\u00e9union pr\u00e9vue LE VENDREDI 6 DECEMBRE 2024 \u00e0 20HEURES \u00c7a sera l&rsquo;occasion d&rsquo;organiser notre f\u00eate locale &hellip; <\/p>\n<p class=\"link-more\"><a href=\"https:\/\/payra-monvillage.fr\/index.php\/communication-du-comite-des-fetes\/\" class=\"more-link\">Continuer la lecture<span class=\"screen-reader-text\"> de &laquo;&nbsp;COMMUNICATION DU COMITE DES F\u00caTES&nbsp;&raquo;<\/span><\/a><\/p>\n","protected":false},"author":1,"featured_media":0,"parent":0,"menu_order":0,"comment_status":"closed","ping_status":"closed","template":"","meta":{"footnotes":""},"class_list":["post-4036","page","type-page","status-publish","hentry"],"_links":{"self":[{"href":"https:\/\/payra-monvillage.fr\/index.php\/wp-json\/wp\/v2\/pages\/4036","targetHints":{"allow":["GET"]}}],"collection":[{"href":"https:\/\/payra-monvillage.fr\/index.php\/wp-json\/wp\/v2\/pages"}],"about":[{"href":"https:\/\/payra-monvillage.fr\/index.php\/wp-json\/wp\/v2\/types\/page"}],"author":[{"embeddable":true,"href":"https:\/\/payra-monvillage.fr\/index.php\/wp-json\/wp\/v2\/users\/1"}],"replies":[{"embeddable":true,"href":"https:\/\/payra-monvillage.fr\/index.php\/wp-json\/wp\/v2\/comments?post=4036"}],"version-history":[{"count":2,"href":"https:\/\/payra-monvillage.fr\/index.php\/wp-json\/wp\/v2\/pages\/4036\/revisions"}],"predecessor-version":[{"id":4040,"href":"https:\/\/payra-monvillage.fr\/index.php\/wp-json\/wp\/v2\/pages\/4036\/revisions\/4040"}],"wp:attachment":[{"href":"https:\/\/payra-monvillage.fr\/index.php\/wp-json\/wp\/v2\/media?parent=4036"}],"curies":[{"name":"wp","href":"https:\/\/api.w.org\/{rel}","templated":true}]}}