{"id":4001,"date":"2024-10-18T12:33:10","date_gmt":"2024-10-18T10:33:10","guid":{"rendered":"https:\/\/payra-monvillage.fr\/?page_id=4001"},"modified":"2024-10-18T12:33:10","modified_gmt":"2024-10-18T10:33:10","slug":"monsieur-bernard-pech-maire-de-payra-sur-lhers-communique","status":"publish","type":"page","link":"https:\/\/payra-monvillage.fr\/index.php\/monsieur-bernard-pech-maire-de-payra-sur-lhers-communique\/","title":{"rendered":"Monsieur Bernard PECH Maire de Payra sur l&rsquo;Hers communique"},"content":{"rendered":"\n<p>Bonjour<\/p>\n\n\n\n<p>Je vous informe qu&rsquo;apr\u00e8s plusieurs mois de travail, notre commune poss\u00e8de enfin un site internet officiel r\u00e9cemment mis en ligne:&nbsp;<a rel=\"noreferrer noopener\" target=\"_blank\" href=\"https:\/\/www.payrasurlhers.fr\/\">https:\/\/www.payrasurlhers.fr\/<\/a><\/p>\n\n\n\n<p>Vous pourrez notamment y retrouver les actualit\u00e9s, les \u00e9v\u00e8nements, les convocations, les d\u00e9lib\u00e9rations et les Proc\u00e8s Verbaux du Conseil Municipal, les arr\u00eat\u00e9s municipaux et pr\u00e9fectoraux, des informations pour r\u00e9aliser certaines d\u00e9marches&#8230; (liste non exhaustive).<\/p>\n\n\n\n<p>N&rsquo;h\u00e9sitez pas \u00e0 consulter ses diff\u00e9rentes rubriques et \u00e0 nous faire part de vos \u00e9ventuelles remarques et commentaires.<\/p>\n\n\n\n<p>Dans l&rsquo;attente de vos retours et vous en remerciant par avance<\/p>\n\n\n\n<p>Bien cordialement<\/p>\n","protected":false},"excerpt":{"rendered":"<p>Bonjour Je vous informe qu&rsquo;apr\u00e8s plusieurs mois de travail, notre commune poss\u00e8de enfin un site internet officiel r\u00e9cemment mis en ligne:&nbsp;https:\/\/www.payrasurlhers.fr\/ Vous pourrez notamment y retrouver les actualit\u00e9s, les \u00e9v\u00e8nements, les convocations, les d\u00e9lib\u00e9rations et les Proc\u00e8s Verbaux du Conseil Municipal, les arr\u00eat\u00e9s municipaux et pr\u00e9fectoraux, des informations pour r\u00e9aliser certaines d\u00e9marches&#8230; (liste non exhaustive). &hellip; <\/p>\n<p class=\"link-more\"><a href=\"https:\/\/payra-monvillage.fr\/index.php\/monsieur-bernard-pech-maire-de-payra-sur-lhers-communique\/\" class=\"more-link\">Continuer la lecture<span class=\"screen-reader-text\"> de &laquo;&nbsp;Monsieur Bernard PECH Maire de Payra sur l&rsquo;Hers communique&nbsp;&raquo;<\/span><\/a><\/p>\n","protected":false},"author":1,"featured_media":0,"parent":0,"menu_order":0,"comment_status":"closed","ping_status":"closed","template":"","meta":{"footnotes":""},"class_list":["post-4001","page","type-page","status-publish","hentry"],"_links":{"self":[{"href":"https:\/\/payra-monvillage.fr\/index.php\/wp-json\/wp\/v2\/pages\/4001","targetHints":{"allow":["GET"]}}],"collection":[{"href":"https:\/\/payra-monvillage.fr\/index.php\/wp-json\/wp\/v2\/pages"}],"about":[{"href":"https:\/\/payra-monvillage.fr\/index.php\/wp-json\/wp\/v2\/types\/page"}],"author":[{"embeddable":true,"href":"https:\/\/payra-monvillage.fr\/index.php\/wp-json\/wp\/v2\/users\/1"}],"replies":[{"embeddable":true,"href":"https:\/\/payra-monvillage.fr\/index.php\/wp-json\/wp\/v2\/comments?post=4001"}],"version-history":[{"count":1,"href":"https:\/\/payra-monvillage.fr\/index.php\/wp-json\/wp\/v2\/pages\/4001\/revisions"}],"predecessor-version":[{"id":4002,"href":"https:\/\/payra-monvillage.fr\/index.php\/wp-json\/wp\/v2\/pages\/4001\/revisions\/4002"}],"wp:attachment":[{"href":"https:\/\/payra-monvillage.fr\/index.php\/wp-json\/wp\/v2\/media?parent=4001"}],"curies":[{"name":"wp","href":"https:\/\/api.w.org\/{rel}","templated":true}]}}