{"id":3974,"date":"2024-10-10T09:44:15","date_gmt":"2024-10-10T07:44:15","guid":{"rendered":"https:\/\/payra-monvillage.fr\/?page_id=3974"},"modified":"2024-11-05T20:52:46","modified_gmt":"2024-11-05T19:52:46","slug":"dimanche-17-novembre-2024","status":"publish","type":"page","link":"https:\/\/payra-monvillage.fr\/index.php\/dimanche-17-novembre-2024\/","title":{"rendered":"Dimanche 17 novembre 2024."},"content":{"rendered":"\n<p><strong><u>Communication Ecole<\/u><\/strong> Bonjour \u00e0 tous,<br>Comme chaque ann\u00e9e, dans le cadre du PARCOURS ARTISTIQUE ET CULTUREL de nos \u00e9l\u00e8ves, l&rsquo;ensemble de l&rsquo;\u00e9cole participera \u00e0 l&rsquo;\u00e9v\u00e8nement artistique la\u00a0GRANDE LESSIVE qui a pour th\u00e8me \u00ab\u00a0PAREIL\/ PAS PAREIL\u00a0\u00bb\u00a0pour cette premi\u00e8re \u00e9dition de l&rsquo;ann\u00e9e.\u00a0<br>Nous vous rappelons que vous pouvez tous participer \u00e0 cet \u00e9v\u00e8nement culturel (parents, grands parents, toute la famille, habitants de la commune&#8230;.)<br>La seule contrainte : une production artistique libre (po\u00e9sie, dessin, peinture, collage&#8230;) sur ce th\u00e8me et au format A4.\u00a0<br>Vous pouvez nous retourner vos productions (\u00e0 l&rsquo;\u00e9cole) jusqu&rsquo;au 14 novembre 2024; ces productions seront mise en valeurs (telle une grande lessive) le dimanche 17 novembre 2024, jour du march\u00e9 des producteurs organis\u00e9 par l&rsquo;APE.\u00a0<br>Nous comptons sur votre participation!<br>Bien cordialement&#8211;<br>Hala Esper<\/p>\n\n\n\n<p>Directrice de l\\&rsquo;\u00e9cole primaire publique de Payra sur l\\&rsquo;Hers<\/p>\n\n\n\n<p>11 rue de la mairie 11410 Payra sur l\\&rsquo;Hers<\/p>\n\n\n\n<p>04 68 60 39 40<\/p>\n","protected":false},"excerpt":{"rendered":"<p>Communication Ecole Bonjour \u00e0 tous,Comme chaque ann\u00e9e, dans le cadre du PARCOURS ARTISTIQUE ET CULTUREL de nos \u00e9l\u00e8ves, l&rsquo;ensemble de l&rsquo;\u00e9cole participera \u00e0 l&rsquo;\u00e9v\u00e8nement artistique la\u00a0GRANDE LESSIVE qui a pour th\u00e8me \u00ab\u00a0PAREIL\/ PAS PAREIL\u00a0\u00bb\u00a0pour cette premi\u00e8re \u00e9dition de l&rsquo;ann\u00e9e.\u00a0Nous vous rappelons que vous pouvez tous participer \u00e0 cet \u00e9v\u00e8nement culturel (parents, grands parents, toute la &hellip; <\/p>\n<p class=\"link-more\"><a href=\"https:\/\/payra-monvillage.fr\/index.php\/dimanche-17-novembre-2024\/\" class=\"more-link\">Continuer la lecture<span class=\"screen-reader-text\"> de &laquo;&nbsp;Dimanche 17 novembre 2024.&nbsp;&raquo;<\/span><\/a><\/p>\n","protected":false},"author":1,"featured_media":0,"parent":0,"menu_order":0,"comment_status":"closed","ping_status":"closed","template":"","meta":{"footnotes":""},"class_list":["post-3974","page","type-page","status-publish","hentry"],"_links":{"self":[{"href":"https:\/\/payra-monvillage.fr\/index.php\/wp-json\/wp\/v2\/pages\/3974","targetHints":{"allow":["GET"]}}],"collection":[{"href":"https:\/\/payra-monvillage.fr\/index.php\/wp-json\/wp\/v2\/pages"}],"about":[{"href":"https:\/\/payra-monvillage.fr\/index.php\/wp-json\/wp\/v2\/types\/page"}],"author":[{"embeddable":true,"href":"https:\/\/payra-monvillage.fr\/index.php\/wp-json\/wp\/v2\/users\/1"}],"replies":[{"embeddable":true,"href":"https:\/\/payra-monvillage.fr\/index.php\/wp-json\/wp\/v2\/comments?post=3974"}],"version-history":[{"count":3,"href":"https:\/\/payra-monvillage.fr\/index.php\/wp-json\/wp\/v2\/pages\/3974\/revisions"}],"predecessor-version":[{"id":4034,"href":"https:\/\/payra-monvillage.fr\/index.php\/wp-json\/wp\/v2\/pages\/3974\/revisions\/4034"}],"wp:attachment":[{"href":"https:\/\/payra-monvillage.fr\/index.php\/wp-json\/wp\/v2\/media?parent=3974"}],"curies":[{"name":"wp","href":"https:\/\/api.w.org\/{rel}","templated":true}]}}