{"id":3972,"date":"2024-10-10T09:45:40","date_gmt":"2024-10-10T07:45:40","guid":{"rendered":"https:\/\/payra-monvillage.fr\/?page_id=3972"},"modified":"2024-10-10T09:45:40","modified_gmt":"2024-10-10T07:45:40","slug":"lundi-21-octobre-2024-au-vendredi-25-octobre-2024","status":"publish","type":"page","link":"https:\/\/payra-monvillage.fr\/index.php\/lundi-21-octobre-2024-au-vendredi-25-octobre-2024\/","title":{"rendered":"Lundi 21 octobre 2024 au vendredi 25 octobre 2024"},"content":{"rendered":"\n<p><strong><u>Information communale<\/u><\/strong><\/p>\n\n\n\n<p>Bonjour<\/p>\n\n\n\n<p>En raison d&rsquo;une formation le secr\u00e9tariat de Mairie sera&nbsp;<strong>exceptionnellement ferm\u00e9<\/strong>&nbsp;du&nbsp;<strong>lundi 21 au vendredi 25 octobre 2024<\/strong>&nbsp;inclus<\/p>\n\n\n\n<p>R\u00e9ouverture le lundi 28 aux horaires habituels<\/p>\n\n\n\n<p>Vous remerciant pour votre compr\u00e9hension<\/p>\n\n\n\n<p>Bien cordialement<\/p>\n","protected":false},"excerpt":{"rendered":"<p>Information communale Bonjour En raison d&rsquo;une formation le secr\u00e9tariat de Mairie sera&nbsp;exceptionnellement ferm\u00e9&nbsp;du&nbsp;lundi 21 au vendredi 25 octobre 2024&nbsp;inclus R\u00e9ouverture le lundi 28 aux horaires habituels Vous remerciant pour votre compr\u00e9hension Bien cordialement<\/p>\n","protected":false},"author":1,"featured_media":0,"parent":0,"menu_order":0,"comment_status":"closed","ping_status":"closed","template":"","meta":{"footnotes":""},"class_list":["post-3972","page","type-page","status-publish","hentry"],"_links":{"self":[{"href":"https:\/\/payra-monvillage.fr\/index.php\/wp-json\/wp\/v2\/pages\/3972","targetHints":{"allow":["GET"]}}],"collection":[{"href":"https:\/\/payra-monvillage.fr\/index.php\/wp-json\/wp\/v2\/pages"}],"about":[{"href":"https:\/\/payra-monvillage.fr\/index.php\/wp-json\/wp\/v2\/types\/page"}],"author":[{"embeddable":true,"href":"https:\/\/payra-monvillage.fr\/index.php\/wp-json\/wp\/v2\/users\/1"}],"replies":[{"embeddable":true,"href":"https:\/\/payra-monvillage.fr\/index.php\/wp-json\/wp\/v2\/comments?post=3972"}],"version-history":[{"count":1,"href":"https:\/\/payra-monvillage.fr\/index.php\/wp-json\/wp\/v2\/pages\/3972\/revisions"}],"predecessor-version":[{"id":3973,"href":"https:\/\/payra-monvillage.fr\/index.php\/wp-json\/wp\/v2\/pages\/3972\/revisions\/3973"}],"wp:attachment":[{"href":"https:\/\/payra-monvillage.fr\/index.php\/wp-json\/wp\/v2\/media?parent=3972"}],"curies":[{"name":"wp","href":"https:\/\/api.w.org\/{rel}","templated":true}]}}