{"id":3949,"date":"2024-09-09T09:41:27","date_gmt":"2024-09-09T07:41:27","guid":{"rendered":"https:\/\/payra-monvillage.fr\/?page_id=3949"},"modified":"2024-09-09T09:41:27","modified_gmt":"2024-09-09T07:41:27","slug":"gym-seniors","status":"publish","type":"page","link":"https:\/\/payra-monvillage.fr\/index.php\/gym-seniors\/","title":{"rendered":"GYM SENIORS"},"content":{"rendered":"\n<p><strong><u>Communication Gym s\u00e9niors<\/u><\/strong><\/p>\n\n\n\n<figure class=\"wp-block-image size-full\"><img loading=\"lazy\" decoding=\"async\" width=\"394\" height=\"558\" src=\"https:\/\/payra-monvillage.fr\/wp-content\/uploads\/2024\/09\/GYM.png\" alt=\"\" class=\"wp-image-3951\" srcset=\"https:\/\/payra-monvillage.fr\/wp-content\/uploads\/2024\/09\/GYM.png 394w, https:\/\/payra-monvillage.fr\/wp-content\/uploads\/2024\/09\/GYM-212x300.png 212w\" sizes=\"auto, (max-width: 394px) 100vw, 394px\" \/><\/figure>\n\n\n\n<p>Bonjour \u00e0 tous !<\/p>\n\n\n\n<p>Nous esp\u00e9rons que vous avez pass\u00e9 un tr\u00e8s bon \u00e9t\u00e9 et que vous \u00eates en&nbsp;pleine forme pour la reprise !<strong>Venez nous retrouver d\u00e8s le 12 septembre !<\/strong><strong>Rendez vous jeudi \u00e0 10h45 &#8211; Salle des F\u00eates<\/strong><strong><\/strong><\/p>\n\n\n\n<p>Nous serons pr\u00e9sents aussi au Forum Seniors de Castelnaudary le 14 septembre prochain !<\/p>\n\n\n\n<p>Et bien s\u00fbr, n&rsquo;h\u00e9sitez pas \u00e0 en parler autour de vous !<\/p>\n\n\n\n<p>Voici \u00e9galement l&rsquo;affiche de l&rsquo;activit\u00e9 que vous pouvez transf\u00e9rer par mail \u00e0 vos connaissances&#8230;<\/p>\n\n\n\n<figure class=\"wp-block-image\"><img decoding=\"async\" src=\"https:\/\/apis.mail.yahoo.com\/ws\/v3\/mailboxes\/@.id==VjN-fwyKiMl4aq3hgrPUbF-7n80MIBwFpltOLmVJH5p2bockJZrnnmjckzALfeXPCNQfXtdAGcSqXvMjL5IQAhN2SA\/messages\/@.id==AM8gbIcA3BRVZt6dWwqewAY3ltM\/content\/parts\/@.id==2.2\/thumbnail?appid=YMailNorrin&amp;downloadWhenThumbnailFails=true&amp;pid=2.2\" alt=\"2024-GS-Payra.PNG\"\/><\/figure>\n\n\n\n<p><strong>Marion LAUZE<\/strong><\/p>\n\n\n\n<p><strong>Coordinatrice d\u00e9partementale 11<\/strong><\/p>\n\n\n\n<p><strong>Association MA VIE<\/strong><\/p>\n\n\n\n<p><strong>06.15.83.69.27<\/strong><\/p>\n","protected":false},"excerpt":{"rendered":"<p>Communication Gym s\u00e9niors Bonjour \u00e0 tous ! Nous esp\u00e9rons que vous avez pass\u00e9 un tr\u00e8s bon \u00e9t\u00e9 et que vous \u00eates en&nbsp;pleine forme pour la reprise !Venez nous retrouver d\u00e8s le 12 septembre !Rendez vous jeudi \u00e0 10h45 &#8211; Salle des F\u00eates Nous serons pr\u00e9sents aussi au Forum Seniors de Castelnaudary le 14 septembre prochain &hellip; <\/p>\n<p class=\"link-more\"><a href=\"https:\/\/payra-monvillage.fr\/index.php\/gym-seniors\/\" class=\"more-link\">Continuer la lecture<span class=\"screen-reader-text\"> de &laquo;&nbsp;GYM SENIORS&nbsp;&raquo;<\/span><\/a><\/p>\n","protected":false},"author":1,"featured_media":0,"parent":0,"menu_order":0,"comment_status":"closed","ping_status":"closed","template":"","meta":{"footnotes":""},"class_list":["post-3949","page","type-page","status-publish","hentry"],"_links":{"self":[{"href":"https:\/\/payra-monvillage.fr\/index.php\/wp-json\/wp\/v2\/pages\/3949","targetHints":{"allow":["GET"]}}],"collection":[{"href":"https:\/\/payra-monvillage.fr\/index.php\/wp-json\/wp\/v2\/pages"}],"about":[{"href":"https:\/\/payra-monvillage.fr\/index.php\/wp-json\/wp\/v2\/types\/page"}],"author":[{"embeddable":true,"href":"https:\/\/payra-monvillage.fr\/index.php\/wp-json\/wp\/v2\/users\/1"}],"replies":[{"embeddable":true,"href":"https:\/\/payra-monvillage.fr\/index.php\/wp-json\/wp\/v2\/comments?post=3949"}],"version-history":[{"count":2,"href":"https:\/\/payra-monvillage.fr\/index.php\/wp-json\/wp\/v2\/pages\/3949\/revisions"}],"predecessor-version":[{"id":3952,"href":"https:\/\/payra-monvillage.fr\/index.php\/wp-json\/wp\/v2\/pages\/3949\/revisions\/3952"}],"wp:attachment":[{"href":"https:\/\/payra-monvillage.fr\/index.php\/wp-json\/wp\/v2\/media?parent=3949"}],"curies":[{"name":"wp","href":"https:\/\/api.w.org\/{rel}","templated":true}]}}