{"id":3886,"date":"2024-08-19T07:40:18","date_gmt":"2024-08-19T05:40:18","guid":{"rendered":"https:\/\/payra-monvillage.fr\/?page_id=3886"},"modified":"2024-08-19T07:40:18","modified_gmt":"2024-08-19T05:40:18","slug":"le-vendredi-16-aout-2024","status":"publish","type":"page","link":"https:\/\/payra-monvillage.fr\/index.php\/le-vendredi-16-aout-2024\/","title":{"rendered":"Le Vendredi 16  Ao\u00fbt 2024"},"content":{"rendered":"\n<p>Pour des raisons de mauvais temps la randonn\u00e9e pr\u00e9vue initialement le 14 ao\u00fbt a \u00e9t\u00e9 report\u00e9e au vendredi 16 ao\u00fbt. Bea a transmis les photographies  de la randonn\u00e9e et du repas dans le pr\u00e9, repas qui a r\u00e9uni une soixantaine de personnes.<\/p>\n\n\n\n<figure class=\"wp-block-gallery has-nested-images columns-default is-cropped wp-block-gallery-1 is-layout-flex wp-block-gallery-is-layout-flex\">\n<figure class=\"wp-block-image size-large\"><img loading=\"lazy\" decoding=\"async\" width=\"270\" height=\"600\" data-id=\"3888\" src=\"https:\/\/payra-monvillage.fr\/wp-content\/uploads\/2024\/08\/k.jpg\" alt=\"\" class=\"wp-image-3888\" srcset=\"https:\/\/payra-monvillage.fr\/wp-content\/uploads\/2024\/08\/k.jpg 270w, https:\/\/payra-monvillage.fr\/wp-content\/uploads\/2024\/08\/k-135x300.jpg 135w\" sizes=\"auto, (max-width: 270px) 100vw, 270px\" \/><\/figure>\n\n\n\n<figure class=\"wp-block-image size-large\"><img loading=\"lazy\" decoding=\"async\" width=\"348\" height=\"400\" data-id=\"3889\" src=\"https:\/\/payra-monvillage.fr\/wp-content\/uploads\/2024\/08\/q.jpg\" alt=\"\" class=\"wp-image-3889\" srcset=\"https:\/\/payra-monvillage.fr\/wp-content\/uploads\/2024\/08\/q.jpg 348w, https:\/\/payra-monvillage.fr\/wp-content\/uploads\/2024\/08\/q-261x300.jpg 261w\" sizes=\"auto, (max-width: 348px) 100vw, 348px\" \/><\/figure>\n\n\n\n<figure class=\"wp-block-image size-large\"><img loading=\"lazy\" decoding=\"async\" width=\"400\" height=\"180\" data-id=\"3887\" src=\"https:\/\/payra-monvillage.fr\/wp-content\/uploads\/2024\/08\/r.jpg\" alt=\"\" class=\"wp-image-3887\" srcset=\"https:\/\/payra-monvillage.fr\/wp-content\/uploads\/2024\/08\/r.jpg 400w, https:\/\/payra-monvillage.fr\/wp-content\/uploads\/2024\/08\/r-300x135.jpg 300w\" sizes=\"auto, (max-width: 400px) 100vw, 400px\" \/><\/figure>\n<\/figure>\n\n\n\n<figure class=\"wp-block-gallery has-nested-images columns-default is-cropped wp-block-gallery-2 is-layout-flex wp-block-gallery-is-layout-flex\">\n<figure class=\"wp-block-image size-large\"><img loading=\"lazy\" decoding=\"async\" width=\"465\" height=\"271\" data-id=\"3890\" src=\"https:\/\/payra-monvillage.fr\/wp-content\/uploads\/2024\/08\/s.jpg\" alt=\"\" class=\"wp-image-3890\" srcset=\"https:\/\/payra-monvillage.fr\/wp-content\/uploads\/2024\/08\/s.jpg 465w, https:\/\/payra-monvillage.fr\/wp-content\/uploads\/2024\/08\/s-300x175.jpg 300w\" sizes=\"auto, (max-width: 465px) 100vw, 465px\" \/><\/figure>\n\n\n\n<figure class=\"wp-block-image size-large\"><img loading=\"lazy\" decoding=\"async\" width=\"341\" height=\"400\" data-id=\"3892\" src=\"https:\/\/payra-monvillage.fr\/wp-content\/uploads\/2024\/08\/t.jpg\" alt=\"\" class=\"wp-image-3892\" srcset=\"https:\/\/payra-monvillage.fr\/wp-content\/uploads\/2024\/08\/t.jpg 341w, https:\/\/payra-monvillage.fr\/wp-content\/uploads\/2024\/08\/t-256x300.jpg 256w\" sizes=\"auto, (max-width: 341px) 100vw, 341px\" \/><\/figure>\n\n\n\n<figure class=\"wp-block-image size-large\"><img loading=\"lazy\" decoding=\"async\" width=\"300\" height=\"438\" data-id=\"3891\" src=\"https:\/\/payra-monvillage.fr\/wp-content\/uploads\/2024\/08\/u.jpg\" alt=\"\" class=\"wp-image-3891\" srcset=\"https:\/\/payra-monvillage.fr\/wp-content\/uploads\/2024\/08\/u.jpg 300w, https:\/\/payra-monvillage.fr\/wp-content\/uploads\/2024\/08\/u-205x300.jpg 205w\" sizes=\"auto, (max-width: 300px) 100vw, 300px\" \/><\/figure>\n<\/figure>\n\n\n\n<figure class=\"wp-block-gallery has-nested-images columns-default is-cropped wp-block-gallery-3 is-layout-flex wp-block-gallery-is-layout-flex\">\n<figure class=\"wp-block-image size-large\"><img loading=\"lazy\" decoding=\"async\" width=\"270\" height=\"600\" data-id=\"3893\" src=\"https:\/\/payra-monvillage.fr\/wp-content\/uploads\/2024\/08\/l.jpg\" alt=\"\" class=\"wp-image-3893\" srcset=\"https:\/\/payra-monvillage.fr\/wp-content\/uploads\/2024\/08\/l.jpg 270w, https:\/\/payra-monvillage.fr\/wp-content\/uploads\/2024\/08\/l-135x300.jpg 135w\" sizes=\"auto, (max-width: 270px) 100vw, 270px\" \/><\/figure>\n\n\n\n<figure class=\"wp-block-image size-large\"><img loading=\"lazy\" decoding=\"async\" width=\"191\" height=\"391\" data-id=\"3894\" src=\"https:\/\/payra-monvillage.fr\/wp-content\/uploads\/2024\/08\/n.jpg\" alt=\"\" class=\"wp-image-3894\" srcset=\"https:\/\/payra-monvillage.fr\/wp-content\/uploads\/2024\/08\/n.jpg 191w, https:\/\/payra-monvillage.fr\/wp-content\/uploads\/2024\/08\/n-147x300.jpg 147w\" sizes=\"auto, (max-width: 191px) 100vw, 191px\" \/><\/figure>\n\n\n\n<figure class=\"wp-block-image size-large\"><img loading=\"lazy\" decoding=\"async\" width=\"196\" height=\"400\" data-id=\"3895\" src=\"https:\/\/payra-monvillage.fr\/wp-content\/uploads\/2024\/08\/o.jpg\" alt=\"\" class=\"wp-image-3895\" srcset=\"https:\/\/payra-monvillage.fr\/wp-content\/uploads\/2024\/08\/o.jpg 196w, https:\/\/payra-monvillage.fr\/wp-content\/uploads\/2024\/08\/o-147x300.jpg 147w\" sizes=\"auto, (max-width: 196px) 100vw, 196px\" \/><\/figure>\n<\/figure>\n\n\n\n<figure class=\"wp-block-gallery has-nested-images columns-default is-cropped wp-block-gallery-4 is-layout-flex wp-block-gallery-is-layout-flex\">\n<figure class=\"wp-block-image size-large\"><img loading=\"lazy\" decoding=\"async\" width=\"399\" height=\"600\" data-id=\"3897\" src=\"https:\/\/payra-monvillage.fr\/wp-content\/uploads\/2024\/08\/m.jpg\" alt=\"\" class=\"wp-image-3897\" srcset=\"https:\/\/payra-monvillage.fr\/wp-content\/uploads\/2024\/08\/m.jpg 399w, https:\/\/payra-monvillage.fr\/wp-content\/uploads\/2024\/08\/m-200x300.jpg 200w\" sizes=\"auto, (max-width: 399px) 100vw, 399px\" \/><\/figure>\n\n\n\n<figure class=\"wp-block-image size-large\"><img loading=\"lazy\" decoding=\"async\" width=\"216\" height=\"400\" data-id=\"3896\" src=\"https:\/\/payra-monvillage.fr\/wp-content\/uploads\/2024\/08\/p.jpg\" alt=\"\" class=\"wp-image-3896\" srcset=\"https:\/\/payra-monvillage.fr\/wp-content\/uploads\/2024\/08\/p.jpg 216w, https:\/\/payra-monvillage.fr\/wp-content\/uploads\/2024\/08\/p-162x300.jpg 162w\" sizes=\"auto, (max-width: 216px) 100vw, 216px\" \/><\/figure>\n\n\n\n<figure class=\"wp-block-image size-large\"><img loading=\"lazy\" decoding=\"async\" width=\"180\" height=\"400\" data-id=\"3898\" src=\"https:\/\/payra-monvillage.fr\/wp-content\/uploads\/2024\/08\/v.jpg\" alt=\"\" class=\"wp-image-3898\" srcset=\"https:\/\/payra-monvillage.fr\/wp-content\/uploads\/2024\/08\/v.jpg 180w, https:\/\/payra-monvillage.fr\/wp-content\/uploads\/2024\/08\/v-135x300.jpg 135w\" sizes=\"auto, (max-width: 180px) 100vw, 180px\" \/><\/figure>\n<\/figure>\n\n\n\n<figure class=\"wp-block-gallery has-nested-images columns-default is-cropped wp-block-gallery-5 is-layout-flex wp-block-gallery-is-layout-flex\">\n<figure class=\"wp-block-image size-large\"><img loading=\"lazy\" decoding=\"async\" width=\"180\" height=\"400\" data-id=\"3899\" src=\"https:\/\/payra-monvillage.fr\/wp-content\/uploads\/2024\/08\/w.jpg\" alt=\"\" class=\"wp-image-3899\" srcset=\"https:\/\/payra-monvillage.fr\/wp-content\/uploads\/2024\/08\/w.jpg 180w, https:\/\/payra-monvillage.fr\/wp-content\/uploads\/2024\/08\/w-135x300.jpg 135w\" sizes=\"auto, (max-width: 180px) 100vw, 180px\" \/><\/figure>\n\n\n\n<figure class=\"wp-block-image size-large\"><img loading=\"lazy\" decoding=\"async\" width=\"303\" height=\"400\" data-id=\"3900\" src=\"https:\/\/payra-monvillage.fr\/wp-content\/uploads\/2024\/08\/x.jpg\" alt=\"\" class=\"wp-image-3900\" srcset=\"https:\/\/payra-monvillage.fr\/wp-content\/uploads\/2024\/08\/x.jpg 303w, https:\/\/payra-monvillage.fr\/wp-content\/uploads\/2024\/08\/x-227x300.jpg 227w\" sizes=\"auto, (max-width: 303px) 100vw, 303px\" \/><\/figure>\n<\/figure>\n","protected":false},"excerpt":{"rendered":"<p>Pour des raisons de mauvais temps la randonn\u00e9e pr\u00e9vue initialement le 14 ao\u00fbt a \u00e9t\u00e9 report\u00e9e au vendredi 16 ao\u00fbt. Bea a transmis les photographies de la randonn\u00e9e et du repas dans le pr\u00e9, repas qui a r\u00e9uni une soixantaine de personnes.<\/p>\n","protected":false},"author":1,"featured_media":0,"parent":0,"menu_order":0,"comment_status":"closed","ping_status":"closed","template":"","meta":{"footnotes":""},"class_list":["post-3886","page","type-page","status-publish","hentry"],"_links":{"self":[{"href":"https:\/\/payra-monvillage.fr\/index.php\/wp-json\/wp\/v2\/pages\/3886","targetHints":{"allow":["GET"]}}],"collection":[{"href":"https:\/\/payra-monvillage.fr\/index.php\/wp-json\/wp\/v2\/pages"}],"about":[{"href":"https:\/\/payra-monvillage.fr\/index.php\/wp-json\/wp\/v2\/types\/page"}],"author":[{"embeddable":true,"href":"https:\/\/payra-monvillage.fr\/index.php\/wp-json\/wp\/v2\/users\/1"}],"replies":[{"embeddable":true,"href":"https:\/\/payra-monvillage.fr\/index.php\/wp-json\/wp\/v2\/comments?post=3886"}],"version-history":[{"count":1,"href":"https:\/\/payra-monvillage.fr\/index.php\/wp-json\/wp\/v2\/pages\/3886\/revisions"}],"predecessor-version":[{"id":3901,"href":"https:\/\/payra-monvillage.fr\/index.php\/wp-json\/wp\/v2\/pages\/3886\/revisions\/3901"}],"wp:attachment":[{"href":"https:\/\/payra-monvillage.fr\/index.php\/wp-json\/wp\/v2\/media?parent=3886"}],"curies":[{"name":"wp","href":"https:\/\/api.w.org\/{rel}","templated":true}]}}