{"id":3846,"date":"2024-08-18T20:28:05","date_gmt":"2024-08-18T18:28:05","guid":{"rendered":"https:\/\/payra-monvillage.fr\/?page_id=3846"},"modified":"2024-08-18T20:28:05","modified_gmt":"2024-08-18T18:28:05","slug":"le-15-aout-2024-a-payra","status":"publish","type":"page","link":"https:\/\/payra-monvillage.fr\/index.php\/le-15-aout-2024-a-payra\/","title":{"rendered":"Le 15 ao\u00fbt 2024 \u00e0 Payra"},"content":{"rendered":"\n<figure class=\"wp-block-gallery has-nested-images columns-default is-cropped wp-block-gallery-1 is-layout-flex wp-block-gallery-is-layout-flex\">\n<figure class=\"wp-block-image size-large\"><img loading=\"lazy\" decoding=\"async\" width=\"1000\" height=\"750\" data-id=\"3847\" src=\"https:\/\/payra-monvillage.fr\/wp-content\/uploads\/2024\/08\/2.jpg\" alt=\"\" class=\"wp-image-3847\" srcset=\"https:\/\/payra-monvillage.fr\/wp-content\/uploads\/2024\/08\/2.jpg 1000w, https:\/\/payra-monvillage.fr\/wp-content\/uploads\/2024\/08\/2-300x225.jpg 300w, https:\/\/payra-monvillage.fr\/wp-content\/uploads\/2024\/08\/2-768x576.jpg 768w\" sizes=\"auto, (max-width: 767px) 89vw, (max-width: 1000px) 54vw, (max-width: 1071px) 543px, 580px\" \/><\/figure>\n\n\n\n<figure class=\"wp-block-image size-large\"><img loading=\"lazy\" decoding=\"async\" width=\"1000\" height=\"750\" data-id=\"3848\" src=\"https:\/\/payra-monvillage.fr\/wp-content\/uploads\/2024\/08\/3.jpg\" alt=\"\" class=\"wp-image-3848\" srcset=\"https:\/\/payra-monvillage.fr\/wp-content\/uploads\/2024\/08\/3.jpg 1000w, https:\/\/payra-monvillage.fr\/wp-content\/uploads\/2024\/08\/3-300x225.jpg 300w, https:\/\/payra-monvillage.fr\/wp-content\/uploads\/2024\/08\/3-768x576.jpg 768w\" sizes=\"auto, (max-width: 767px) 89vw, (max-width: 1000px) 54vw, (max-width: 1071px) 543px, 580px\" \/><\/figure>\n\n\n\n<figure class=\"wp-block-image size-large\"><img loading=\"lazy\" decoding=\"async\" width=\"1000\" height=\"750\" data-id=\"3849\" src=\"https:\/\/payra-monvillage.fr\/wp-content\/uploads\/2024\/08\/4.jpg\" alt=\"\" class=\"wp-image-3849\" srcset=\"https:\/\/payra-monvillage.fr\/wp-content\/uploads\/2024\/08\/4.jpg 1000w, https:\/\/payra-monvillage.fr\/wp-content\/uploads\/2024\/08\/4-300x225.jpg 300w, https:\/\/payra-monvillage.fr\/wp-content\/uploads\/2024\/08\/4-768x576.jpg 768w\" sizes=\"auto, (max-width: 767px) 89vw, (max-width: 1000px) 54vw, (max-width: 1071px) 543px, 580px\" \/><\/figure>\n<\/figure>\n\n\n\n<figure class=\"wp-block-gallery has-nested-images columns-default is-cropped wp-block-gallery-2 is-layout-flex wp-block-gallery-is-layout-flex\">\n<figure class=\"wp-block-image size-large\"><img loading=\"lazy\" decoding=\"async\" width=\"1000\" height=\"750\" data-id=\"3850\" src=\"https:\/\/payra-monvillage.fr\/wp-content\/uploads\/2024\/08\/5.jpg\" alt=\"\" class=\"wp-image-3850\" srcset=\"https:\/\/payra-monvillage.fr\/wp-content\/uploads\/2024\/08\/5.jpg 1000w, https:\/\/payra-monvillage.fr\/wp-content\/uploads\/2024\/08\/5-300x225.jpg 300w, https:\/\/payra-monvillage.fr\/wp-content\/uploads\/2024\/08\/5-768x576.jpg 768w\" sizes=\"auto, (max-width: 767px) 89vw, (max-width: 1000px) 54vw, (max-width: 1071px) 543px, 580px\" \/><\/figure>\n\n\n\n<figure class=\"wp-block-image size-large\"><img loading=\"lazy\" decoding=\"async\" width=\"750\" height=\"1000\" data-id=\"3852\" src=\"https:\/\/payra-monvillage.fr\/wp-content\/uploads\/2024\/08\/6.jpg\" alt=\"\" class=\"wp-image-3852\" srcset=\"https:\/\/payra-monvillage.fr\/wp-content\/uploads\/2024\/08\/6.jpg 750w, https:\/\/payra-monvillage.fr\/wp-content\/uploads\/2024\/08\/6-225x300.jpg 225w\" sizes=\"auto, (max-width: 706px) 89vw, (max-width: 767px) 82vw, 740px\" \/><\/figure>\n\n\n\n<figure class=\"wp-block-image size-large\"><img loading=\"lazy\" decoding=\"async\" width=\"1000\" height=\"750\" data-id=\"3851\" src=\"https:\/\/payra-monvillage.fr\/wp-content\/uploads\/2024\/08\/7.jpg\" alt=\"\" class=\"wp-image-3851\" srcset=\"https:\/\/payra-monvillage.fr\/wp-content\/uploads\/2024\/08\/7.jpg 1000w, https:\/\/payra-monvillage.fr\/wp-content\/uploads\/2024\/08\/7-300x225.jpg 300w, https:\/\/payra-monvillage.fr\/wp-content\/uploads\/2024\/08\/7-768x576.jpg 768w\" sizes=\"auto, (max-width: 767px) 89vw, (max-width: 1000px) 54vw, (max-width: 1071px) 543px, 580px\" \/><\/figure>\n<\/figure>\n\n\n\n<p>Apr\u00e8s la traditionnelle messe du 15 ao\u00fbt  le d\u00e9fil\u00e9 rejoint le monument aux morts o\u00f9 Monsieur le Maire Bernard Pech prononce un discours et rend hommage aux morts des deux guerres. <\/p>\n\n\n\n<figure class=\"wp-block-gallery has-nested-images columns-default is-cropped wp-block-gallery-3 is-layout-flex wp-block-gallery-is-layout-flex\">\n<figure class=\"wp-block-image size-large\"><img loading=\"lazy\" decoding=\"async\" width=\"1000\" height=\"750\" data-id=\"3853\" src=\"https:\/\/payra-monvillage.fr\/wp-content\/uploads\/2024\/08\/8.jpg\" alt=\"\" class=\"wp-image-3853\" srcset=\"https:\/\/payra-monvillage.fr\/wp-content\/uploads\/2024\/08\/8.jpg 1000w, https:\/\/payra-monvillage.fr\/wp-content\/uploads\/2024\/08\/8-300x225.jpg 300w, https:\/\/payra-monvillage.fr\/wp-content\/uploads\/2024\/08\/8-768x576.jpg 768w\" sizes=\"auto, (max-width: 767px) 89vw, (max-width: 1000px) 54vw, (max-width: 1071px) 543px, 580px\" \/><\/figure>\n\n\n\n<figure class=\"wp-block-image size-large\"><img loading=\"lazy\" decoding=\"async\" width=\"1000\" height=\"750\" data-id=\"3854\" src=\"https:\/\/payra-monvillage.fr\/wp-content\/uploads\/2024\/08\/9.jpg\" alt=\"\" class=\"wp-image-3854\" srcset=\"https:\/\/payra-monvillage.fr\/wp-content\/uploads\/2024\/08\/9.jpg 1000w, https:\/\/payra-monvillage.fr\/wp-content\/uploads\/2024\/08\/9-300x225.jpg 300w, https:\/\/payra-monvillage.fr\/wp-content\/uploads\/2024\/08\/9-768x576.jpg 768w\" sizes=\"auto, (max-width: 767px) 89vw, (max-width: 1000px) 54vw, (max-width: 1071px) 543px, 580px\" \/><\/figure>\n<\/figure>\n\n\n\n<p>ensuite un ap\u00e9ritif offert par la municipalit\u00e9 r\u00e9unit tous les gens du village ainsi que les personnalit\u00e9s des villages avoisinants.<\/p>\n\n\n\n<figure class=\"wp-block-gallery has-nested-images columns-default is-cropped wp-block-gallery-4 is-layout-flex wp-block-gallery-is-layout-flex\">\n<figure class=\"wp-block-image size-large\"><img loading=\"lazy\" decoding=\"async\" width=\"1000\" height=\"750\" data-id=\"3855\" src=\"https:\/\/payra-monvillage.fr\/wp-content\/uploads\/2024\/08\/10.jpg\" alt=\"\" class=\"wp-image-3855\" srcset=\"https:\/\/payra-monvillage.fr\/wp-content\/uploads\/2024\/08\/10.jpg 1000w, https:\/\/payra-monvillage.fr\/wp-content\/uploads\/2024\/08\/10-300x225.jpg 300w, https:\/\/payra-monvillage.fr\/wp-content\/uploads\/2024\/08\/10-768x576.jpg 768w\" sizes=\"auto, (max-width: 767px) 89vw, (max-width: 1000px) 54vw, (max-width: 1071px) 543px, 580px\" \/><\/figure>\n\n\n\n<figure class=\"wp-block-image size-large\"><img loading=\"lazy\" decoding=\"async\" width=\"1000\" height=\"750\" data-id=\"3857\" src=\"https:\/\/payra-monvillage.fr\/wp-content\/uploads\/2024\/08\/11.jpg\" alt=\"\" class=\"wp-image-3857\" srcset=\"https:\/\/payra-monvillage.fr\/wp-content\/uploads\/2024\/08\/11.jpg 1000w, https:\/\/payra-monvillage.fr\/wp-content\/uploads\/2024\/08\/11-300x225.jpg 300w, https:\/\/payra-monvillage.fr\/wp-content\/uploads\/2024\/08\/11-768x576.jpg 768w\" sizes=\"auto, (max-width: 767px) 89vw, (max-width: 1000px) 54vw, (max-width: 1071px) 543px, 580px\" \/><\/figure>\n\n\n\n<figure class=\"wp-block-image size-large\"><img loading=\"lazy\" decoding=\"async\" width=\"1000\" height=\"750\" data-id=\"3856\" src=\"https:\/\/payra-monvillage.fr\/wp-content\/uploads\/2024\/08\/12.jpg\" alt=\"\" class=\"wp-image-3856\" srcset=\"https:\/\/payra-monvillage.fr\/wp-content\/uploads\/2024\/08\/12.jpg 1000w, https:\/\/payra-monvillage.fr\/wp-content\/uploads\/2024\/08\/12-300x225.jpg 300w, https:\/\/payra-monvillage.fr\/wp-content\/uploads\/2024\/08\/12-768x576.jpg 768w\" sizes=\"auto, (max-width: 767px) 89vw, (max-width: 1000px) 54vw, (max-width: 1071px) 543px, 580px\" \/><\/figure>\n<\/figure>\n\n\n\n<figure class=\"wp-block-gallery has-nested-images columns-default is-cropped wp-block-gallery-5 is-layout-flex wp-block-gallery-is-layout-flex\">\n<figure class=\"wp-block-image size-large\"><img loading=\"lazy\" decoding=\"async\" width=\"1000\" height=\"750\" data-id=\"3858\" src=\"https:\/\/payra-monvillage.fr\/wp-content\/uploads\/2024\/08\/13.jpg\" alt=\"\" class=\"wp-image-3858\" srcset=\"https:\/\/payra-monvillage.fr\/wp-content\/uploads\/2024\/08\/13.jpg 1000w, https:\/\/payra-monvillage.fr\/wp-content\/uploads\/2024\/08\/13-300x225.jpg 300w, https:\/\/payra-monvillage.fr\/wp-content\/uploads\/2024\/08\/13-768x576.jpg 768w\" sizes=\"auto, (max-width: 767px) 89vw, (max-width: 1000px) 54vw, (max-width: 1071px) 543px, 580px\" \/><\/figure>\n\n\n\n<figure class=\"wp-block-image size-large\"><img loading=\"lazy\" decoding=\"async\" width=\"1000\" height=\"750\" data-id=\"3859\" src=\"https:\/\/payra-monvillage.fr\/wp-content\/uploads\/2024\/08\/14.jpg\" alt=\"\" class=\"wp-image-3859\" srcset=\"https:\/\/payra-monvillage.fr\/wp-content\/uploads\/2024\/08\/14.jpg 1000w, https:\/\/payra-monvillage.fr\/wp-content\/uploads\/2024\/08\/14-300x225.jpg 300w, https:\/\/payra-monvillage.fr\/wp-content\/uploads\/2024\/08\/14-768x576.jpg 768w\" sizes=\"auto, (max-width: 767px) 89vw, (max-width: 1000px) 54vw, (max-width: 1071px) 543px, 580px\" \/><\/figure>\n\n\n\n<figure class=\"wp-block-image size-large\"><img loading=\"lazy\" decoding=\"async\" width=\"1000\" height=\"750\" data-id=\"3860\" src=\"https:\/\/payra-monvillage.fr\/wp-content\/uploads\/2024\/08\/15.jpg\" alt=\"\" class=\"wp-image-3860\" srcset=\"https:\/\/payra-monvillage.fr\/wp-content\/uploads\/2024\/08\/15.jpg 1000w, https:\/\/payra-monvillage.fr\/wp-content\/uploads\/2024\/08\/15-300x225.jpg 300w, https:\/\/payra-monvillage.fr\/wp-content\/uploads\/2024\/08\/15-768x576.jpg 768w\" sizes=\"auto, (max-width: 767px) 89vw, (max-width: 1000px) 54vw, (max-width: 1071px) 543px, 580px\" \/><\/figure>\n<\/figure>\n\n\n\n<p> L\u2019accord\u00e9oniste  Guy Lacroux anime cet ap\u00e9ritif et reprend \u00e0 15h 30 pour un bal musette.<\/p>\n\n\n\n<figure class=\"wp-block-image size-full\"><img loading=\"lazy\" decoding=\"async\" width=\"333\" height=\"460\" src=\"https:\/\/payra-monvillage.fr\/wp-content\/uploads\/2024\/08\/j.jpg\" alt=\"\" class=\"wp-image-3881\" srcset=\"https:\/\/payra-monvillage.fr\/wp-content\/uploads\/2024\/08\/j.jpg 333w, https:\/\/payra-monvillage.fr\/wp-content\/uploads\/2024\/08\/j-217x300.jpg 217w\" sizes=\"auto, (max-width: 333px) 100vw, 333px\" \/><\/figure>\n\n\n\n<figure class=\"wp-block-gallery has-nested-images columns-default is-cropped wp-block-gallery-6 is-layout-flex wp-block-gallery-is-layout-flex\">\n<figure class=\"wp-block-image size-large\"><img loading=\"lazy\" decoding=\"async\" width=\"1000\" height=\"750\" data-id=\"3861\" src=\"https:\/\/payra-monvillage.fr\/wp-content\/uploads\/2024\/08\/16.jpg\" alt=\"\" class=\"wp-image-3861\" srcset=\"https:\/\/payra-monvillage.fr\/wp-content\/uploads\/2024\/08\/16.jpg 1000w, https:\/\/payra-monvillage.fr\/wp-content\/uploads\/2024\/08\/16-300x225.jpg 300w, https:\/\/payra-monvillage.fr\/wp-content\/uploads\/2024\/08\/16-768x576.jpg 768w\" sizes=\"auto, (max-width: 767px) 89vw, (max-width: 1000px) 54vw, (max-width: 1071px) 543px, 580px\" \/><\/figure>\n\n\n\n<figure class=\"wp-block-image size-large\"><img loading=\"lazy\" decoding=\"async\" width=\"1000\" height=\"750\" data-id=\"3862\" src=\"https:\/\/payra-monvillage.fr\/wp-content\/uploads\/2024\/08\/17.jpg\" alt=\"\" class=\"wp-image-3862\" srcset=\"https:\/\/payra-monvillage.fr\/wp-content\/uploads\/2024\/08\/17.jpg 1000w, https:\/\/payra-monvillage.fr\/wp-content\/uploads\/2024\/08\/17-300x225.jpg 300w, https:\/\/payra-monvillage.fr\/wp-content\/uploads\/2024\/08\/17-768x576.jpg 768w\" sizes=\"auto, (max-width: 767px) 89vw, (max-width: 1000px) 54vw, (max-width: 1071px) 543px, 580px\" \/><\/figure>\n\n\n\n<figure class=\"wp-block-image size-large\"><img loading=\"lazy\" decoding=\"async\" width=\"1000\" height=\"750\" data-id=\"3863\" src=\"https:\/\/payra-monvillage.fr\/wp-content\/uploads\/2024\/08\/18.jpg\" alt=\"\" class=\"wp-image-3863\" srcset=\"https:\/\/payra-monvillage.fr\/wp-content\/uploads\/2024\/08\/18.jpg 1000w, https:\/\/payra-monvillage.fr\/wp-content\/uploads\/2024\/08\/18-300x225.jpg 300w, https:\/\/payra-monvillage.fr\/wp-content\/uploads\/2024\/08\/18-768x576.jpg 768w\" sizes=\"auto, (max-width: 767px) 89vw, (max-width: 1000px) 54vw, (max-width: 1071px) 543px, 580px\" \/><\/figure>\n<\/figure>\n\n\n\n<figure class=\"wp-block-gallery has-nested-images columns-default is-cropped wp-block-gallery-7 is-layout-flex wp-block-gallery-is-layout-flex\">\n<figure class=\"wp-block-image size-large\"><img loading=\"lazy\" decoding=\"async\" width=\"1000\" height=\"750\" data-id=\"3864\" src=\"https:\/\/payra-monvillage.fr\/wp-content\/uploads\/2024\/08\/19.jpg\" alt=\"\" class=\"wp-image-3864\" srcset=\"https:\/\/payra-monvillage.fr\/wp-content\/uploads\/2024\/08\/19.jpg 1000w, https:\/\/payra-monvillage.fr\/wp-content\/uploads\/2024\/08\/19-300x225.jpg 300w, https:\/\/payra-monvillage.fr\/wp-content\/uploads\/2024\/08\/19-768x576.jpg 768w\" sizes=\"auto, (max-width: 767px) 89vw, (max-width: 1000px) 54vw, (max-width: 1071px) 543px, 580px\" \/><\/figure>\n\n\n\n<figure class=\"wp-block-image size-large\"><img loading=\"lazy\" decoding=\"async\" width=\"1000\" height=\"750\" data-id=\"3865\" src=\"https:\/\/payra-monvillage.fr\/wp-content\/uploads\/2024\/08\/20.jpg\" alt=\"\" class=\"wp-image-3865\" srcset=\"https:\/\/payra-monvillage.fr\/wp-content\/uploads\/2024\/08\/20.jpg 1000w, https:\/\/payra-monvillage.fr\/wp-content\/uploads\/2024\/08\/20-300x225.jpg 300w, https:\/\/payra-monvillage.fr\/wp-content\/uploads\/2024\/08\/20-768x576.jpg 768w\" sizes=\"auto, (max-width: 767px) 89vw, (max-width: 1000px) 54vw, (max-width: 1071px) 543px, 580px\" \/><\/figure>\n\n\n\n<figure class=\"wp-block-image size-large\"><img loading=\"lazy\" decoding=\"async\" width=\"1000\" height=\"750\" data-id=\"3866\" src=\"https:\/\/payra-monvillage.fr\/wp-content\/uploads\/2024\/08\/21.jpg\" alt=\"\" class=\"wp-image-3866\" srcset=\"https:\/\/payra-monvillage.fr\/wp-content\/uploads\/2024\/08\/21.jpg 1000w, https:\/\/payra-monvillage.fr\/wp-content\/uploads\/2024\/08\/21-300x225.jpg 300w, https:\/\/payra-monvillage.fr\/wp-content\/uploads\/2024\/08\/21-768x576.jpg 768w\" sizes=\"auto, (max-width: 767px) 89vw, (max-width: 1000px) 54vw, (max-width: 1071px) 543px, 580px\" \/><\/figure>\n<\/figure>\n\n\n\n<p>apr\u00e8s le traditionnel repas moules frites la soir\u00e9e Techno peu commencer. <\/p>\n\n\n\n<figure class=\"wp-block-gallery has-nested-images columns-default is-cropped wp-block-gallery-8 is-layout-flex wp-block-gallery-is-layout-flex\">\n<figure class=\"wp-block-image size-large\"><img loading=\"lazy\" decoding=\"async\" width=\"1000\" height=\"750\" data-id=\"3867\" src=\"https:\/\/payra-monvillage.fr\/wp-content\/uploads\/2024\/08\/23.jpg\" alt=\"\" class=\"wp-image-3867\" srcset=\"https:\/\/payra-monvillage.fr\/wp-content\/uploads\/2024\/08\/23.jpg 1000w, https:\/\/payra-monvillage.fr\/wp-content\/uploads\/2024\/08\/23-300x225.jpg 300w, https:\/\/payra-monvillage.fr\/wp-content\/uploads\/2024\/08\/23-768x576.jpg 768w\" sizes=\"auto, (max-width: 767px) 89vw, (max-width: 1000px) 54vw, (max-width: 1071px) 543px, 580px\" \/><\/figure>\n\n\n\n<figure class=\"wp-block-image size-large\"><img loading=\"lazy\" decoding=\"async\" width=\"1000\" height=\"750\" data-id=\"3868\" src=\"https:\/\/payra-monvillage.fr\/wp-content\/uploads\/2024\/08\/24.jpg\" alt=\"\" class=\"wp-image-3868\" srcset=\"https:\/\/payra-monvillage.fr\/wp-content\/uploads\/2024\/08\/24.jpg 1000w, https:\/\/payra-monvillage.fr\/wp-content\/uploads\/2024\/08\/24-300x225.jpg 300w, https:\/\/payra-monvillage.fr\/wp-content\/uploads\/2024\/08\/24-768x576.jpg 768w\" sizes=\"auto, (max-width: 767px) 89vw, (max-width: 1000px) 54vw, (max-width: 1071px) 543px, 580px\" \/><\/figure>\n<\/figure>\n","protected":false},"excerpt":{"rendered":"<p>Apr\u00e8s la traditionnelle messe du 15 ao\u00fbt le d\u00e9fil\u00e9 rejoint le monument aux morts o\u00f9 Monsieur le Maire Bernard Pech prononce un discours et rend hommage aux morts des deux guerres. ensuite un ap\u00e9ritif offert par la municipalit\u00e9 r\u00e9unit tous les gens du village ainsi que les personnalit\u00e9s des villages avoisinants. L\u2019accord\u00e9oniste Guy Lacroux anime &hellip; <\/p>\n<p class=\"link-more\"><a href=\"https:\/\/payra-monvillage.fr\/index.php\/le-15-aout-2024-a-payra\/\" class=\"more-link\">Continuer la lecture<span class=\"screen-reader-text\"> de &laquo;&nbsp;Le 15 ao\u00fbt 2024 \u00e0 Payra&nbsp;&raquo;<\/span><\/a><\/p>\n","protected":false},"author":1,"featured_media":0,"parent":0,"menu_order":0,"comment_status":"closed","ping_status":"closed","template":"","meta":{"footnotes":""},"class_list":["post-3846","page","type-page","status-publish","hentry"],"_links":{"self":[{"href":"https:\/\/payra-monvillage.fr\/index.php\/wp-json\/wp\/v2\/pages\/3846","targetHints":{"allow":["GET"]}}],"collection":[{"href":"https:\/\/payra-monvillage.fr\/index.php\/wp-json\/wp\/v2\/pages"}],"about":[{"href":"https:\/\/payra-monvillage.fr\/index.php\/wp-json\/wp\/v2\/types\/page"}],"author":[{"embeddable":true,"href":"https:\/\/payra-monvillage.fr\/index.php\/wp-json\/wp\/v2\/users\/1"}],"replies":[{"embeddable":true,"href":"https:\/\/payra-monvillage.fr\/index.php\/wp-json\/wp\/v2\/comments?post=3846"}],"version-history":[{"count":2,"href":"https:\/\/payra-monvillage.fr\/index.php\/wp-json\/wp\/v2\/pages\/3846\/revisions"}],"predecessor-version":[{"id":3882,"href":"https:\/\/payra-monvillage.fr\/index.php\/wp-json\/wp\/v2\/pages\/3846\/revisions\/3882"}],"wp:attachment":[{"href":"https:\/\/payra-monvillage.fr\/index.php\/wp-json\/wp\/v2\/media?parent=3846"}],"curies":[{"name":"wp","href":"https:\/\/api.w.org\/{rel}","templated":true}]}}