{"id":3808,"date":"2024-07-23T09:46:53","date_gmt":"2024-07-23T07:46:53","guid":{"rendered":"https:\/\/payra-monvillage.fr\/?page_id=3808"},"modified":"2024-07-23T09:46:53","modified_gmt":"2024-07-23T07:46:53","slug":"lundi-22-juillet-2024","status":"publish","type":"page","link":"https:\/\/payra-monvillage.fr\/index.php\/lundi-22-juillet-2024\/","title":{"rendered":"Lundi 22 juillet 2024"},"content":{"rendered":"\n<p><strong><u>Information \u00ab\u00a0Comit\u00e9 des F\u00eates\u00a0\u00bb et association \u00ab\u00a0Les Chemins Retrouv\u00e9s\u00a0\u00bb<\/u><\/strong><\/p>\n\n\n\n<p>Bonjour<\/p>\n\n\n\n<p>&#8211; Vous trouverez en PJ l&rsquo;affiche du Comit\u00e9 des F\u00eates pour la traditionnelle f\u00eate locale du\u00a0<strong>15 ao\u00fbt 2024<\/strong><\/p>\n\n\n\n<figure class=\"wp-block-image size-large\"><img loading=\"lazy\" decoding=\"async\" width=\"797\" height=\"1024\" src=\"https:\/\/payra-monvillage.fr\/wp-content\/uploads\/2024\/07\/fete-de-payra-2024-797x1024.jpg\" alt=\"\" class=\"wp-image-3810\" srcset=\"https:\/\/payra-monvillage.fr\/wp-content\/uploads\/2024\/07\/fete-de-payra-2024-797x1024.jpg 797w, https:\/\/payra-monvillage.fr\/wp-content\/uploads\/2024\/07\/fete-de-payra-2024-233x300.jpg 233w, https:\/\/payra-monvillage.fr\/wp-content\/uploads\/2024\/07\/fete-de-payra-2024-768x987.jpg 768w, https:\/\/payra-monvillage.fr\/wp-content\/uploads\/2024\/07\/fete-de-payra-2024.jpg 1000w\" sizes=\"auto, (max-width: 767px) 89vw, (max-width: 1000px) 54vw, (max-width: 1071px) 543px, 580px\" \/><\/figure>\n\n\n\n<p><br>&#8211;\u00a0 L&rsquo;Association Les Chemins Retrouv\u00e9s vous convie \u00e0 une randonn\u00e9e autour du village :\u00a0<strong>le mercredi 14 ao\u00fbt 2024<\/strong>\u00a0\u00e0\u00a0<strong>17h30<\/strong>\u00a0au pied du panneau des randonn\u00e9es en bas du village<br>Le circuit n&rsquo;a pas encore \u00e9t\u00e9 d\u00e9fini mais cela sera une boucle autour de Payra d&rsquo;une dur\u00e9e d&rsquo;une heure \u00e0 une heure et demi.<br>Un pique-nique suivra dans le parc communal pour un repas partag\u00e9, chacun amenant sa participation proportionnelle au nombre de personnes (ap\u00e9ro, tarte sal\u00e9e, sucr\u00e9e, salade, dessert, boissons, etc), l&rsquo;Association achetant la saucisse \u00e0 griller sur place et le pain (pensez \u00e0 apporter vos couverts\/assiettes,verres)<br>Nous esp\u00e9rons que vous viendrez nombreux passer un petit moment sympathique ensemble.<br>Ceux qui ne marchent pas nous rejoindront au parc pour le pique-nique.<br>Merci de confirmer votre pr\u00e9sence pour faciliter la logistique (achat saucisses et pain) \u00e0 B\u00e9atrice DEL VILLAR au 04.68.60.34.09 ou\u00a0\u00a0<a href=\"mailto:dvbea@hotmail.com\" target=\"_blank\" rel=\"noreferrer noopener\">dvbea@hotmail.com<\/a><br>A tr\u00e8s bient\u00f4t,<br>Max HAEFLIGER,<br>pr\u00e9sident de l&rsquo;Association LES CHEMINS RETROUVES<\/p>\n","protected":false},"excerpt":{"rendered":"<p>Information \u00ab\u00a0Comit\u00e9 des F\u00eates\u00a0\u00bb et association \u00ab\u00a0Les Chemins Retrouv\u00e9s\u00a0\u00bb Bonjour &#8211; Vous trouverez en PJ l&rsquo;affiche du Comit\u00e9 des F\u00eates pour la traditionnelle f\u00eate locale du\u00a015 ao\u00fbt 2024 &#8211;\u00a0 L&rsquo;Association Les Chemins Retrouv\u00e9s vous convie \u00e0 une randonn\u00e9e autour du village :\u00a0le mercredi 14 ao\u00fbt 2024\u00a0\u00e0\u00a017h30\u00a0au pied du panneau des randonn\u00e9es en bas du villageLe &hellip; <\/p>\n<p class=\"link-more\"><a href=\"https:\/\/payra-monvillage.fr\/index.php\/lundi-22-juillet-2024\/\" class=\"more-link\">Continuer la lecture<span class=\"screen-reader-text\"> de &laquo;&nbsp;Lundi 22 juillet 2024&nbsp;&raquo;<\/span><\/a><\/p>\n","protected":false},"author":1,"featured_media":0,"parent":0,"menu_order":0,"comment_status":"closed","ping_status":"closed","template":"","meta":{"footnotes":""},"class_list":["post-3808","page","type-page","status-publish","hentry"],"_links":{"self":[{"href":"https:\/\/payra-monvillage.fr\/index.php\/wp-json\/wp\/v2\/pages\/3808","targetHints":{"allow":["GET"]}}],"collection":[{"href":"https:\/\/payra-monvillage.fr\/index.php\/wp-json\/wp\/v2\/pages"}],"about":[{"href":"https:\/\/payra-monvillage.fr\/index.php\/wp-json\/wp\/v2\/types\/page"}],"author":[{"embeddable":true,"href":"https:\/\/payra-monvillage.fr\/index.php\/wp-json\/wp\/v2\/users\/1"}],"replies":[{"embeddable":true,"href":"https:\/\/payra-monvillage.fr\/index.php\/wp-json\/wp\/v2\/comments?post=3808"}],"version-history":[{"count":1,"href":"https:\/\/payra-monvillage.fr\/index.php\/wp-json\/wp\/v2\/pages\/3808\/revisions"}],"predecessor-version":[{"id":3811,"href":"https:\/\/payra-monvillage.fr\/index.php\/wp-json\/wp\/v2\/pages\/3808\/revisions\/3811"}],"wp:attachment":[{"href":"https:\/\/payra-monvillage.fr\/index.php\/wp-json\/wp\/v2\/media?parent=3808"}],"curies":[{"name":"wp","href":"https:\/\/api.w.org\/{rel}","templated":true}]}}