{"id":3767,"date":"2024-07-12T15:09:47","date_gmt":"2024-07-12T13:09:47","guid":{"rendered":"https:\/\/payra-monvillage.fr\/?page_id=3767"},"modified":"2024-07-12T15:18:24","modified_gmt":"2024-07-12T13:18:24","slug":"vendredi-12-juillet-2024","status":"publish","type":"page","link":"https:\/\/payra-monvillage.fr\/index.php\/vendredi-12-juillet-2024\/","title":{"rendered":"Vendredi 12 juillet 2024"},"content":{"rendered":"\n<p><strong><u>Informations communales<\/u><\/strong><\/p>\n\n\n\n<p>Bonjour La commune a un logement communal qui vient de se lib\u00e9rer et devrait \u00eatre disponible \u00e0 la location au 1er septembre 2024<br>Il s&rsquo;agit d&rsquo;un appartement T4 comprenant entr\u00e9e, WC, cuisine,&nbsp; s\u00e9jour-salon, 3 chambres, salle de bains, garage d&rsquo;une surface habitable de 124 m\u00b2 avec un jardinet, pour un montant de 600,00\u20ac<br>Pour tout renseignement, contacter la Mairie<\/p>\n\n\n\n<figure class=\"wp-block-image size-full\"><img loading=\"lazy\" decoding=\"async\" width=\"817\" height=\"1000\" src=\"https:\/\/payra-monvillage.fr\/wp-content\/uploads\/2024\/07\/orange.jpg\" alt=\"\" class=\"wp-image-3770\" srcset=\"https:\/\/payra-monvillage.fr\/wp-content\/uploads\/2024\/07\/orange.jpg 817w, https:\/\/payra-monvillage.fr\/wp-content\/uploads\/2024\/07\/orange-245x300.jpg 245w, https:\/\/payra-monvillage.fr\/wp-content\/uploads\/2024\/07\/orange-768x940.jpg 768w\" sizes=\"auto, (max-width: 767px) 89vw, (max-width: 1000px) 54vw, (max-width: 1071px) 543px, 580px\" \/><\/figure>\n\n\n\n<p>La fibre arrive dans notre commune, Orange nous a contact\u00e9 afin de demander l&rsquo;autorisation d&rsquo;assurer une permanence \u00e0 destination de nos administr\u00e9s. Des conseillers seront donc pr\u00e9sents le lundi 29 juillet 2024 de 9h30 \u00e0 18h devant la salle des f\u00eates pour vous renseigner sur l&rsquo;\u00e9ligibilit\u00e9 et les \u00e9ventuels raccordements \u00e0 la fibre. Vous trouverez en PJ le flyer correspondant.<br>Si d&rsquo;autres op\u00e9rateurs se manifestent nous ne manquerons pas de vous faire passer l&rsquo;information \u00e9galement.<\/p>\n\n\n\n<p>Vous en souhaitant bonne r\u00e9ception<\/p>\n\n\n\n<p>Bien cordialement<\/p>\n","protected":false},"excerpt":{"rendered":"<p>Informations communales Bonjour La commune a un logement communal qui vient de se lib\u00e9rer et devrait \u00eatre disponible \u00e0 la location au 1er septembre 2024Il s&rsquo;agit d&rsquo;un appartement T4 comprenant entr\u00e9e, WC, cuisine,&nbsp; s\u00e9jour-salon, 3 chambres, salle de bains, garage d&rsquo;une surface habitable de 124 m\u00b2 avec un jardinet, pour un montant de 600,00\u20acPour tout &hellip; <\/p>\n<p class=\"link-more\"><a href=\"https:\/\/payra-monvillage.fr\/index.php\/vendredi-12-juillet-2024\/\" class=\"more-link\">Continuer la lecture<span class=\"screen-reader-text\"> de &laquo;&nbsp;Vendredi 12 juillet 2024&nbsp;&raquo;<\/span><\/a><\/p>\n","protected":false},"author":1,"featured_media":0,"parent":0,"menu_order":0,"comment_status":"closed","ping_status":"closed","template":"","meta":{"footnotes":""},"class_list":["post-3767","page","type-page","status-publish","hentry"],"_links":{"self":[{"href":"https:\/\/payra-monvillage.fr\/index.php\/wp-json\/wp\/v2\/pages\/3767","targetHints":{"allow":["GET"]}}],"collection":[{"href":"https:\/\/payra-monvillage.fr\/index.php\/wp-json\/wp\/v2\/pages"}],"about":[{"href":"https:\/\/payra-monvillage.fr\/index.php\/wp-json\/wp\/v2\/types\/page"}],"author":[{"embeddable":true,"href":"https:\/\/payra-monvillage.fr\/index.php\/wp-json\/wp\/v2\/users\/1"}],"replies":[{"embeddable":true,"href":"https:\/\/payra-monvillage.fr\/index.php\/wp-json\/wp\/v2\/comments?post=3767"}],"version-history":[{"count":2,"href":"https:\/\/payra-monvillage.fr\/index.php\/wp-json\/wp\/v2\/pages\/3767\/revisions"}],"predecessor-version":[{"id":3771,"href":"https:\/\/payra-monvillage.fr\/index.php\/wp-json\/wp\/v2\/pages\/3767\/revisions\/3771"}],"wp:attachment":[{"href":"https:\/\/payra-monvillage.fr\/index.php\/wp-json\/wp\/v2\/media?parent=3767"}],"curies":[{"name":"wp","href":"https:\/\/api.w.org\/{rel}","templated":true}]}}