{"id":3756,"date":"2024-07-08T19:35:23","date_gmt":"2024-07-08T17:35:23","guid":{"rendered":"https:\/\/payra-monvillage.fr\/?page_id=3756"},"modified":"2024-07-08T19:40:52","modified_gmt":"2024-07-08T17:40:52","slug":"elections-legislatives-2024","status":"publish","type":"page","link":"https:\/\/payra-monvillage.fr\/index.php\/elections-legislatives-2024\/","title":{"rendered":"\u00c9lections l\u00e9gislatives 2024"},"content":{"rendered":"\n<p>2\u00e8me tour des \u00e9lections \u00e0 Payra<\/p>\n\n\n\n<figure class=\"wp-block-image size-full\"><img loading=\"lazy\" decoding=\"async\" width=\"1000\" height=\"750\" src=\"https:\/\/payra-monvillage.fr\/wp-content\/uploads\/2024\/07\/vote-1er-et-2eme-tour.jpg\" alt=\"\" class=\"wp-image-3757\" srcset=\"https:\/\/payra-monvillage.fr\/wp-content\/uploads\/2024\/07\/vote-1er-et-2eme-tour.jpg 1000w, https:\/\/payra-monvillage.fr\/wp-content\/uploads\/2024\/07\/vote-1er-et-2eme-tour-300x225.jpg 300w, https:\/\/payra-monvillage.fr\/wp-content\/uploads\/2024\/07\/vote-1er-et-2eme-tour-768x576.jpg 768w\" sizes=\"auto, (max-width: 767px) 89vw, (max-width: 1000px) 54vw, (max-width: 1071px) 543px, 580px\" \/><\/figure>\n\n\n\n<p>RANCOULE RN  56 voix<\/p>\n\n\n\n<p>ANDRIEU NFP  57 VOIX<\/p>\n\n\n\n<p>7 nuls, 120 votants<\/p>\n\n\n\n<figure class=\"wp-block-image size-full\"><img loading=\"lazy\" decoding=\"async\" width=\"1000\" height=\"750\" src=\"https:\/\/payra-monvillage.fr\/wp-content\/uploads\/2024\/07\/vote2-1er-et-2eme-tour.jpg\" alt=\"\" class=\"wp-image-3758\" srcset=\"https:\/\/payra-monvillage.fr\/wp-content\/uploads\/2024\/07\/vote2-1er-et-2eme-tour.jpg 1000w, https:\/\/payra-monvillage.fr\/wp-content\/uploads\/2024\/07\/vote2-1er-et-2eme-tour-300x225.jpg 300w, https:\/\/payra-monvillage.fr\/wp-content\/uploads\/2024\/07\/vote2-1er-et-2eme-tour-768x576.jpg 768w\" sizes=\"auto, (max-width: 767px) 89vw, (max-width: 1000px) 54vw, (max-width: 1071px) 543px, 580px\" \/><\/figure>\n\n\n\n<p>1er TOUR DES ELECTIONS LEGISLATIVES 30 JUIN 2024<\/p>\n\n\n\n<p>6 blancs, 2 nuls , 113 exprim\u00e9s<\/p>\n\n\n\n<p>Andrieu Front populaire 31 voix<\/p>\n\n\n\n<p>Bianco 5voix<\/p>\n\n\n\n<p>Rancouile  RN  46<\/p>\n\n\n\n<p>SOREL Ensemble 19 voix<\/p>\n\n\n\n<p><\/p>\n\n\n\n<p>les derniers 1 ou 2 voix<\/p>\n","protected":false},"excerpt":{"rendered":"<p>2\u00e8me tour des \u00e9lections \u00e0 Payra RANCOULE RN 56 voix ANDRIEU NFP 57 VOIX 7 nuls, 120 votants 1er TOUR DES ELECTIONS LEGISLATIVES 30 JUIN 2024 6 blancs, 2 nuls , 113 exprim\u00e9s Andrieu Front populaire 31 voix Bianco 5voix Rancouile RN 46 SOREL Ensemble 19 voix les derniers 1 ou 2 voix<\/p>\n","protected":false},"author":1,"featured_media":0,"parent":0,"menu_order":0,"comment_status":"closed","ping_status":"closed","template":"","meta":{"footnotes":""},"class_list":["post-3756","page","type-page","status-publish","hentry"],"_links":{"self":[{"href":"https:\/\/payra-monvillage.fr\/index.php\/wp-json\/wp\/v2\/pages\/3756","targetHints":{"allow":["GET"]}}],"collection":[{"href":"https:\/\/payra-monvillage.fr\/index.php\/wp-json\/wp\/v2\/pages"}],"about":[{"href":"https:\/\/payra-monvillage.fr\/index.php\/wp-json\/wp\/v2\/types\/page"}],"author":[{"embeddable":true,"href":"https:\/\/payra-monvillage.fr\/index.php\/wp-json\/wp\/v2\/users\/1"}],"replies":[{"embeddable":true,"href":"https:\/\/payra-monvillage.fr\/index.php\/wp-json\/wp\/v2\/comments?post=3756"}],"version-history":[{"count":3,"href":"https:\/\/payra-monvillage.fr\/index.php\/wp-json\/wp\/v2\/pages\/3756\/revisions"}],"predecessor-version":[{"id":3762,"href":"https:\/\/payra-monvillage.fr\/index.php\/wp-json\/wp\/v2\/pages\/3756\/revisions\/3762"}],"wp:attachment":[{"href":"https:\/\/payra-monvillage.fr\/index.php\/wp-json\/wp\/v2\/media?parent=3756"}],"curies":[{"name":"wp","href":"https:\/\/api.w.org\/{rel}","templated":true}]}}