{"id":3718,"date":"2024-06-21T20:22:18","date_gmt":"2024-06-21T18:22:18","guid":{"rendered":"https:\/\/payra-monvillage.fr\/?page_id=3718"},"modified":"2024-06-21T20:22:18","modified_gmt":"2024-06-21T18:22:18","slug":"jeudi-27-juin-2024","status":"publish","type":"page","link":"https:\/\/payra-monvillage.fr\/index.php\/jeudi-27-juin-2024\/","title":{"rendered":"Jeudi 27 juin 2024"},"content":{"rendered":"\n<p><strong>Information Conseiller D\u00e9partemental<\/strong><br><br>&nbsp;Bonjour,<br><br>Andr\u00e9 VIOLA, Conseiller D\u00e9partemental du canton de la Pi\u00e8ge au Raz\u00e8s, assure une permanence en direction des administr\u00e9s le jeudi 27 Juin 2024 de 15h \u00e0 16h \u00e0 la Mairie<\/p>\n\n\n\n<p>Vous en souhaitant bonne r\u00e9ception<\/p>\n\n\n\n<p>Bien cordialement<\/p>\n","protected":false},"excerpt":{"rendered":"<p>Information Conseiller D\u00e9partemental &nbsp;Bonjour, Andr\u00e9 VIOLA, Conseiller D\u00e9partemental du canton de la Pi\u00e8ge au Raz\u00e8s, assure une permanence en direction des administr\u00e9s le jeudi 27 Juin 2024 de 15h \u00e0 16h \u00e0 la Mairie Vous en souhaitant bonne r\u00e9ception Bien cordialement<\/p>\n","protected":false},"author":1,"featured_media":0,"parent":0,"menu_order":0,"comment_status":"closed","ping_status":"closed","template":"","meta":{"footnotes":""},"class_list":["post-3718","page","type-page","status-publish","hentry"],"_links":{"self":[{"href":"https:\/\/payra-monvillage.fr\/index.php\/wp-json\/wp\/v2\/pages\/3718","targetHints":{"allow":["GET"]}}],"collection":[{"href":"https:\/\/payra-monvillage.fr\/index.php\/wp-json\/wp\/v2\/pages"}],"about":[{"href":"https:\/\/payra-monvillage.fr\/index.php\/wp-json\/wp\/v2\/types\/page"}],"author":[{"embeddable":true,"href":"https:\/\/payra-monvillage.fr\/index.php\/wp-json\/wp\/v2\/users\/1"}],"replies":[{"embeddable":true,"href":"https:\/\/payra-monvillage.fr\/index.php\/wp-json\/wp\/v2\/comments?post=3718"}],"version-history":[{"count":1,"href":"https:\/\/payra-monvillage.fr\/index.php\/wp-json\/wp\/v2\/pages\/3718\/revisions"}],"predecessor-version":[{"id":3719,"href":"https:\/\/payra-monvillage.fr\/index.php\/wp-json\/wp\/v2\/pages\/3718\/revisions\/3719"}],"wp:attachment":[{"href":"https:\/\/payra-monvillage.fr\/index.php\/wp-json\/wp\/v2\/media?parent=3718"}],"curies":[{"name":"wp","href":"https:\/\/api.w.org\/{rel}","templated":true}]}}