{"id":3675,"date":"2024-06-12T08:08:27","date_gmt":"2024-06-12T06:08:27","guid":{"rendered":"https:\/\/payra-monvillage.fr\/?page_id=3675"},"modified":"2024-06-12T08:32:18","modified_gmt":"2024-06-12T06:32:18","slug":"mardi-11-juin-2024","status":"publish","type":"page","link":"https:\/\/payra-monvillage.fr\/index.php\/mardi-11-juin-2024\/","title":{"rendered":"Mardi 11 Juin 2024"},"content":{"rendered":"\n<p><strong><u>Information communale<\/u><\/strong><\/p>\n\n\n\n<figure class=\"wp-block-image size-full\"><img loading=\"lazy\" decoding=\"async\" width=\"1000\" height=\"750\" src=\"https:\/\/payra-monvillage.fr\/wp-content\/uploads\/2024\/06\/mercredi-12-juin-2024.jpg\" alt=\"\" class=\"wp-image-3683\" srcset=\"https:\/\/payra-monvillage.fr\/wp-content\/uploads\/2024\/06\/mercredi-12-juin-2024.jpg 1000w, https:\/\/payra-monvillage.fr\/wp-content\/uploads\/2024\/06\/mercredi-12-juin-2024-300x225.jpg 300w, https:\/\/payra-monvillage.fr\/wp-content\/uploads\/2024\/06\/mercredi-12-juin-2024-768x576.jpg 768w\" sizes=\"auto, (max-width: 767px) 89vw, (max-width: 1000px) 54vw, (max-width: 1071px) 543px, 580px\" \/><\/figure>\n\n\n\n<p>Bonjour<\/p>\n\n\n\n<p>Le secr\u00e9tariat de Mairie sera exceptionnellement ferm\u00e9&nbsp;<strong><u>mardi 11 juin 2024<\/u><\/strong><\/p>\n\n\n\n<p>Merci de votre compr\u00e9hension<\/p>\n\n\n\n<p>Bien cordialement.<\/p>\n\n\n\n<p><\/p>\n\n\n\n<figure class=\"wp-block-image size-large\"><img loading=\"lazy\" decoding=\"async\" width=\"1024\" height=\"233\" src=\"https:\/\/payra-monvillage.fr\/wp-content\/uploads\/2024\/06\/atom-1024x233.jpg\" alt=\"\" class=\"wp-image-3679\" srcset=\"https:\/\/payra-monvillage.fr\/wp-content\/uploads\/2024\/06\/atom-1024x233.jpg 1024w, https:\/\/payra-monvillage.fr\/wp-content\/uploads\/2024\/06\/atom-300x68.jpg 300w, https:\/\/payra-monvillage.fr\/wp-content\/uploads\/2024\/06\/atom-768x175.jpg 768w, https:\/\/payra-monvillage.fr\/wp-content\/uploads\/2024\/06\/atom.jpg 1277w\" sizes=\"auto, (max-width: 767px) 89vw, (max-width: 1000px) 54vw, (max-width: 1071px) 543px, 580px\" \/><\/figure>\n\n\n\n<figure class=\"wp-block-table\"><table><tbody><tr><td>Ch\u00e8r\u00b7e Monsieur le Maire,<br>C\u2019est demain, le&nbsp;<strong>mardi 11 juin&nbsp;de 15h30 \u00e0 17h \u00e0 la Salle des f\u00eates de Payra-sur-l\u2019Hers<\/strong>, qu\u2019aura lieu la rencontre bilan de la biennale ATOM Festival 2023.<br>Ce temps convivial sera l\u2019occasion de d\u00e9couvrir les r\u00e9sultats financiers, artistiques, \u00e9cologiques et sociaux du festival puis on se projettera ensemble dans les nouveaux projets de l\u2019association avant un ap\u00e9ritif qui cl\u00f4turera la rencontre.<br><strong>N\u2019oubliez pas de confirmer votre pr\u00e9sence d\u00e8s que possible via&nbsp;<\/strong><a rel=\"noreferrer noopener\" target=\"_blank\" href=\"https:\/\/atomfestival.us21.list-manage.com\/track\/click?u=3bc3aa1811291ad17fe5d2358&amp;id=95ff3bcce6&amp;e=8396a9da8c\"><strong>ce lien<\/strong><\/a><strong>&nbsp;<\/strong>(<a rel=\"noreferrer noopener\" target=\"_blank\" href=\"https:\/\/atomfestival.us21.list-manage.com\/track\/click?u=3bc3aa1811291ad17fe5d2358&amp;id=c1d6f453b1&amp;e=8396a9da8c\">https:\/\/forms.gle\/PX89ZxYJx1vqLGSX6<\/a>) afin que l\u2019on puisse correctement dimensionner les boissons et tapas. En cas d\u2019impossibilit\u00e9 de d\u00e9placement, vous pouvez \u00e9galement solliciter un lien de connexion visio.<br>On esp\u00e8re tr\u00e8s fort vous compter parmi nous :)Toute l\u2019\u00e9quipe ATOM<\/td><\/tr><tr><td><a href=\"https:\/\/atomfestival.us21.list-manage.com\/track\/click?u=3bc3aa1811291ad17fe5d2358&amp;id=9c828b439c&amp;e=8396a9da8c\" target=\"_blank\" rel=\"noreferrer noopener\">Confirme ma pr\u00e9sence \/ demander un lien visio<\/a><\/td><\/tr><\/tbody><\/table><\/figure>\n","protected":false},"excerpt":{"rendered":"<p>Information communale Bonjour Le secr\u00e9tariat de Mairie sera exceptionnellement ferm\u00e9&nbsp;mardi 11 juin 2024 Merci de votre compr\u00e9hension Bien cordialement. Ch\u00e8r\u00b7e Monsieur le Maire,C\u2019est demain, le&nbsp;mardi 11 juin&nbsp;de 15h30 \u00e0 17h \u00e0 la Salle des f\u00eates de Payra-sur-l\u2019Hers, qu\u2019aura lieu la rencontre bilan de la biennale ATOM Festival 2023.Ce temps convivial sera l\u2019occasion de d\u00e9couvrir les &hellip; <\/p>\n<p class=\"link-more\"><a href=\"https:\/\/payra-monvillage.fr\/index.php\/mardi-11-juin-2024\/\" class=\"more-link\">Continuer la lecture<span class=\"screen-reader-text\"> de &laquo;&nbsp;Mardi 11 Juin 2024&nbsp;&raquo;<\/span><\/a><\/p>\n","protected":false},"author":1,"featured_media":0,"parent":0,"menu_order":0,"comment_status":"closed","ping_status":"closed","template":"","meta":{"footnotes":""},"class_list":["post-3675","page","type-page","status-publish","hentry"],"_links":{"self":[{"href":"https:\/\/payra-monvillage.fr\/index.php\/wp-json\/wp\/v2\/pages\/3675","targetHints":{"allow":["GET"]}}],"collection":[{"href":"https:\/\/payra-monvillage.fr\/index.php\/wp-json\/wp\/v2\/pages"}],"about":[{"href":"https:\/\/payra-monvillage.fr\/index.php\/wp-json\/wp\/v2\/types\/page"}],"author":[{"embeddable":true,"href":"https:\/\/payra-monvillage.fr\/index.php\/wp-json\/wp\/v2\/users\/1"}],"replies":[{"embeddable":true,"href":"https:\/\/payra-monvillage.fr\/index.php\/wp-json\/wp\/v2\/comments?post=3675"}],"version-history":[{"count":5,"href":"https:\/\/payra-monvillage.fr\/index.php\/wp-json\/wp\/v2\/pages\/3675\/revisions"}],"predecessor-version":[{"id":3684,"href":"https:\/\/payra-monvillage.fr\/index.php\/wp-json\/wp\/v2\/pages\/3675\/revisions\/3684"}],"wp:attachment":[{"href":"https:\/\/payra-monvillage.fr\/index.php\/wp-json\/wp\/v2\/media?parent=3675"}],"curies":[{"name":"wp","href":"https:\/\/api.w.org\/{rel}","templated":true}]}}