{"id":3622,"date":"2024-05-08T10:05:54","date_gmt":"2024-05-08T08:05:54","guid":{"rendered":"https:\/\/payra-monvillage.fr\/?page_id=3622"},"modified":"2024-06-06T11:40:26","modified_gmt":"2024-06-06T09:40:26","slug":"mardi-7-mai-2024","status":"publish","type":"page","link":"https:\/\/payra-monvillage.fr\/index.php\/mardi-7-mai-2024\/","title":{"rendered":"Mardi 7 mai 2024"},"content":{"rendered":"\n<p><strong>Information communale<\/strong><\/p>\n\n\n\n<p>Bonjour<\/p>\n\n\n\n<figure class=\"wp-block-image size-full\"><img loading=\"lazy\" decoding=\"async\" width=\"1000\" height=\"750\" src=\"https:\/\/payra-monvillage.fr\/wp-content\/uploads\/2024\/06\/PAYS1.jpg\" alt=\"\" class=\"wp-image-3658\" srcset=\"https:\/\/payra-monvillage.fr\/wp-content\/uploads\/2024\/06\/PAYS1.jpg 1000w, https:\/\/payra-monvillage.fr\/wp-content\/uploads\/2024\/06\/PAYS1-300x225.jpg 300w, https:\/\/payra-monvillage.fr\/wp-content\/uploads\/2024\/06\/PAYS1-768x576.jpg 768w\" sizes=\"auto, (max-width: 767px) 89vw, (max-width: 1000px) 54vw, (max-width: 1071px) 543px, 580px\" \/><\/figure>\n\n\n\n<p>En raison de cong\u00e9s le secr\u00e9tariat de Mairie sera ferm\u00e9 du vendredi 10 au jeudi 24 mai 2024 inclus, r\u00e9ouverture le 25 mai 2024 aux horaires habituels<\/p>\n\n\n\n<p>Les permanences de Monsieur le Maire sont maintenues : vendredi 10 et vendredi 17 mai 2024 matin<\/p>\n\n\n\n<p>Vous en souhaitant bonne r\u00e9ception<\/p>\n\n\n\n<p>Bien cordialement<\/p>\n","protected":false},"excerpt":{"rendered":"<p>Information communale Bonjour En raison de cong\u00e9s le secr\u00e9tariat de Mairie sera ferm\u00e9 du vendredi 10 au jeudi 24 mai 2024 inclus, r\u00e9ouverture le 25 mai 2024 aux horaires habituels Les permanences de Monsieur le Maire sont maintenues : vendredi 10 et vendredi 17 mai 2024 matin Vous en souhaitant bonne r\u00e9ception Bien cordialement<\/p>\n","protected":false},"author":1,"featured_media":0,"parent":0,"menu_order":0,"comment_status":"closed","ping_status":"closed","template":"","meta":{"footnotes":""},"class_list":["post-3622","page","type-page","status-publish","hentry"],"_links":{"self":[{"href":"https:\/\/payra-monvillage.fr\/index.php\/wp-json\/wp\/v2\/pages\/3622","targetHints":{"allow":["GET"]}}],"collection":[{"href":"https:\/\/payra-monvillage.fr\/index.php\/wp-json\/wp\/v2\/pages"}],"about":[{"href":"https:\/\/payra-monvillage.fr\/index.php\/wp-json\/wp\/v2\/types\/page"}],"author":[{"embeddable":true,"href":"https:\/\/payra-monvillage.fr\/index.php\/wp-json\/wp\/v2\/users\/1"}],"replies":[{"embeddable":true,"href":"https:\/\/payra-monvillage.fr\/index.php\/wp-json\/wp\/v2\/comments?post=3622"}],"version-history":[{"count":2,"href":"https:\/\/payra-monvillage.fr\/index.php\/wp-json\/wp\/v2\/pages\/3622\/revisions"}],"predecessor-version":[{"id":3659,"href":"https:\/\/payra-monvillage.fr\/index.php\/wp-json\/wp\/v2\/pages\/3622\/revisions\/3659"}],"wp:attachment":[{"href":"https:\/\/payra-monvillage.fr\/index.php\/wp-json\/wp\/v2\/media?parent=3622"}],"curies":[{"name":"wp","href":"https:\/\/api.w.org\/{rel}","templated":true}]}}