{"id":3603,"date":"2024-04-26T19:06:06","date_gmt":"2024-04-26T17:06:06","guid":{"rendered":"https:\/\/payra-monvillage.fr\/?page_id=3603"},"modified":"2024-06-06T11:52:23","modified_gmt":"2024-06-06T09:52:23","slug":"information-communale-26-avril-2024","status":"publish","type":"page","link":"https:\/\/payra-monvillage.fr\/index.php\/information-communale-26-avril-2024\/","title":{"rendered":"Information Communale 26 avril 2024"},"content":{"rendered":"\n<p><strong><u>Information communale<\/u><\/strong><\/p>\n\n\n\n<figure class=\"wp-block-image size-full\"><img loading=\"lazy\" decoding=\"async\" width=\"1000\" height=\"750\" src=\"https:\/\/payra-monvillage.fr\/wp-content\/uploads\/2024\/06\/PAYS3.jpg\" alt=\"\" class=\"wp-image-3665\" srcset=\"https:\/\/payra-monvillage.fr\/wp-content\/uploads\/2024\/06\/PAYS3.jpg 1000w, https:\/\/payra-monvillage.fr\/wp-content\/uploads\/2024\/06\/PAYS3-300x225.jpg 300w, https:\/\/payra-monvillage.fr\/wp-content\/uploads\/2024\/06\/PAYS3-768x576.jpg 768w\" sizes=\"auto, (max-width: 767px) 89vw, (max-width: 1000px) 54vw, (max-width: 1071px) 543px, 580px\" \/><\/figure>\n\n\n\n<p>Bonjour<\/p>\n\n\n\n<p>A compter du mercredi 1er mai 2024, la collecte des ordures m\u00e9nag\u00e8res sera assur\u00e9e par le SMICTOM de l&rsquo;Ouest Audois et plus par les services de la Communaut\u00e9 de Communes Castelnaudary Lauragais Audois.Cette r\u00e9organisation de collecte n&rsquo;engendre pas de changements pour les usagers, hormis les jours de collecte \u00e0 savoir:<\/p>\n\n\n\n<ul class=\"wp-block-list\">\n<li>Collecte du tri les mardis<\/li>\n\n\n\n<li>Collecte des ordures m\u00e9nag\u00e8res les vendredis<\/li>\n<\/ul>\n\n\n\n<p>Le fonctionnement de la d\u00e9ch\u00e8terie de Salles sur l&rsquo;Hers reste inchang\u00e9<\/p>\n\n\n\n<p>Vous en souhaitant bonne r\u00e9ception<\/p>\n\n\n\n<p>Bien cordialement<\/p>\n","protected":false},"excerpt":{"rendered":"<p>Information communale Bonjour A compter du mercredi 1er mai 2024, la collecte des ordures m\u00e9nag\u00e8res sera assur\u00e9e par le SMICTOM de l&rsquo;Ouest Audois et plus par les services de la Communaut\u00e9 de Communes Castelnaudary Lauragais Audois.Cette r\u00e9organisation de collecte n&rsquo;engendre pas de changements pour les usagers, hormis les jours de collecte \u00e0 savoir: Le fonctionnement &hellip; <\/p>\n<p class=\"link-more\"><a href=\"https:\/\/payra-monvillage.fr\/index.php\/information-communale-26-avril-2024\/\" class=\"more-link\">Continuer la lecture<span class=\"screen-reader-text\"> de &laquo;&nbsp;Information Communale 26 avril 2024&nbsp;&raquo;<\/span><\/a><\/p>\n","protected":false},"author":1,"featured_media":0,"parent":0,"menu_order":0,"comment_status":"closed","ping_status":"closed","template":"","meta":{"footnotes":""},"class_list":["post-3603","page","type-page","status-publish","hentry"],"_links":{"self":[{"href":"https:\/\/payra-monvillage.fr\/index.php\/wp-json\/wp\/v2\/pages\/3603","targetHints":{"allow":["GET"]}}],"collection":[{"href":"https:\/\/payra-monvillage.fr\/index.php\/wp-json\/wp\/v2\/pages"}],"about":[{"href":"https:\/\/payra-monvillage.fr\/index.php\/wp-json\/wp\/v2\/types\/page"}],"author":[{"embeddable":true,"href":"https:\/\/payra-monvillage.fr\/index.php\/wp-json\/wp\/v2\/users\/1"}],"replies":[{"embeddable":true,"href":"https:\/\/payra-monvillage.fr\/index.php\/wp-json\/wp\/v2\/comments?post=3603"}],"version-history":[{"count":3,"href":"https:\/\/payra-monvillage.fr\/index.php\/wp-json\/wp\/v2\/pages\/3603\/revisions"}],"predecessor-version":[{"id":3666,"href":"https:\/\/payra-monvillage.fr\/index.php\/wp-json\/wp\/v2\/pages\/3603\/revisions\/3666"}],"wp:attachment":[{"href":"https:\/\/payra-monvillage.fr\/index.php\/wp-json\/wp\/v2\/media?parent=3603"}],"curies":[{"name":"wp","href":"https:\/\/api.w.org\/{rel}","templated":true}]}}