{"id":3599,"date":"2024-04-23T20:00:01","date_gmt":"2024-04-23T18:00:01","guid":{"rendered":"https:\/\/payra-monvillage.fr\/?page_id=3599"},"modified":"2024-04-23T20:00:01","modified_gmt":"2024-04-23T18:00:01","slug":"information-intercommunale","status":"publish","type":"page","link":"https:\/\/payra-monvillage.fr\/index.php\/information-intercommunale\/","title":{"rendered":"Information Intercommunale"},"content":{"rendered":"\n<p><strong>Information intercommunale:<\/strong>Partenariat Transport A la Demande CCCLA \/ Service radiologie Centre Hospitalier<\/p>\n\n\n\n<p>Madame, Monsieur,<\/p>\n\n\n\n<p>Dans le cadre de la r\u00e9gie du transport \u00e0 la demande, la Communaut\u00e9 de Communes propose un nouveau service \u00e0 la population de notre territoire en partenariat avec le Centre Hospitalier de CASTELNAUDARY.<\/p>\n\n\n\n<p>En effet, \u00e0 compter du 1er mai 2024, il est donn\u00e9 la possibilit\u00e9 aux administr\u00e9s de notre territoire de se rendre \u00e0 un rendez-vous de radiologie, scanner, \u00e9chographie, panoramique dentaire au Centre Hospitalier de CASTELNAUDARY en utilisant le transport \u00e0 la demande mis en place par la Communaut\u00e9 de Communes.<\/p>\n\n\n\n<p>A ce titre, une ligne t\u00e9l\u00e9phonique directe 0411.69.08.22 d\u00e9di\u00e9e \u00e0 la prise de rendez-vous sera mise en place au secr\u00e9tariat de la radiologie du Centre Hospitalier qui programmera les rendez-vous pour ces patients sur les horaires de fonctionnement du transport \u00e0 la demande.<\/p>\n\n\n\n<p>Il suffira alors \u00e0 l&rsquo;usager de r\u00e9server le transport en t\u00e9l\u00e9phonant au 0805.60.81.00.Bien cordialement<\/p>\n\n\n\n<figure class=\"wp-block-image size-full\"><img loading=\"lazy\" decoding=\"async\" width=\"1000\" height=\"750\" src=\"https:\/\/payra-monvillage.fr\/wp-content\/uploads\/2024\/04\/pyrenees1.jpg\" alt=\"\" class=\"wp-image-3600\" srcset=\"https:\/\/payra-monvillage.fr\/wp-content\/uploads\/2024\/04\/pyrenees1.jpg 1000w, https:\/\/payra-monvillage.fr\/wp-content\/uploads\/2024\/04\/pyrenees1-300x225.jpg 300w, https:\/\/payra-monvillage.fr\/wp-content\/uploads\/2024\/04\/pyrenees1-768x576.jpg 768w\" sizes=\"auto, (max-width: 767px) 89vw, (max-width: 1000px) 54vw, (max-width: 1071px) 543px, 580px\" \/><\/figure>\n","protected":false},"excerpt":{"rendered":"<p>Information intercommunale:Partenariat Transport A la Demande CCCLA \/ Service radiologie Centre Hospitalier Madame, Monsieur, Dans le cadre de la r\u00e9gie du transport \u00e0 la demande, la Communaut\u00e9 de Communes propose un nouveau service \u00e0 la population de notre territoire en partenariat avec le Centre Hospitalier de CASTELNAUDARY. En effet, \u00e0 compter du 1er mai 2024, &hellip; <\/p>\n<p class=\"link-more\"><a href=\"https:\/\/payra-monvillage.fr\/index.php\/information-intercommunale\/\" class=\"more-link\">Continuer la lecture<span class=\"screen-reader-text\"> de &laquo;&nbsp;Information Intercommunale&nbsp;&raquo;<\/span><\/a><\/p>\n","protected":false},"author":1,"featured_media":0,"parent":0,"menu_order":0,"comment_status":"closed","ping_status":"closed","template":"","meta":{"footnotes":""},"class_list":["post-3599","page","type-page","status-publish","hentry"],"_links":{"self":[{"href":"https:\/\/payra-monvillage.fr\/index.php\/wp-json\/wp\/v2\/pages\/3599","targetHints":{"allow":["GET"]}}],"collection":[{"href":"https:\/\/payra-monvillage.fr\/index.php\/wp-json\/wp\/v2\/pages"}],"about":[{"href":"https:\/\/payra-monvillage.fr\/index.php\/wp-json\/wp\/v2\/types\/page"}],"author":[{"embeddable":true,"href":"https:\/\/payra-monvillage.fr\/index.php\/wp-json\/wp\/v2\/users\/1"}],"replies":[{"embeddable":true,"href":"https:\/\/payra-monvillage.fr\/index.php\/wp-json\/wp\/v2\/comments?post=3599"}],"version-history":[{"count":1,"href":"https:\/\/payra-monvillage.fr\/index.php\/wp-json\/wp\/v2\/pages\/3599\/revisions"}],"predecessor-version":[{"id":3601,"href":"https:\/\/payra-monvillage.fr\/index.php\/wp-json\/wp\/v2\/pages\/3599\/revisions\/3601"}],"wp:attachment":[{"href":"https:\/\/payra-monvillage.fr\/index.php\/wp-json\/wp\/v2\/media?parent=3599"}],"curies":[{"name":"wp","href":"https:\/\/api.w.org\/{rel}","templated":true}]}}