{"id":3569,"date":"2024-04-16T08:38:47","date_gmt":"2024-04-16T06:38:47","guid":{"rendered":"https:\/\/payra-monvillage.fr\/?page_id=3569"},"modified":"2024-04-16T08:38:47","modified_gmt":"2024-04-16T06:38:47","slug":"comite-des-fetes-2024","status":"publish","type":"page","link":"https:\/\/payra-monvillage.fr\/index.php\/comite-des-fetes-2024\/","title":{"rendered":"Comit\u00e9 des F\u00eates 2024"},"content":{"rendered":"\n<figure class=\"wp-block-image size-full\"><img loading=\"lazy\" decoding=\"async\" width=\"1000\" height=\"750\" src=\"https:\/\/payra-monvillage.fr\/wp-content\/uploads\/2024\/04\/comite-1.jpg\" alt=\"\" class=\"wp-image-3570\" srcset=\"https:\/\/payra-monvillage.fr\/wp-content\/uploads\/2024\/04\/comite-1.jpg 1000w, https:\/\/payra-monvillage.fr\/wp-content\/uploads\/2024\/04\/comite-1-300x225.jpg 300w, https:\/\/payra-monvillage.fr\/wp-content\/uploads\/2024\/04\/comite-1-768x576.jpg 768w\" sizes=\"auto, (max-width: 767px) 89vw, (max-width: 1000px) 54vw, (max-width: 1071px) 543px, 580px\" \/><\/figure>\n\n\n\n<p>Sous la Pr\u00e9sidence de Natacha le comit\u00e9 des f\u00eates s&rsquo;est r\u00e9uni lundi 14 avril 2024 . Ordre du jour: maintien de la f\u00eate le jour du 15 ao\u00fbt qui se d\u00e9roulera autour de la salle des f\u00eates.<\/p>\n\n\n\n<figure class=\"wp-block-image size-full\"><img loading=\"lazy\" decoding=\"async\" width=\"1000\" height=\"750\" src=\"https:\/\/payra-monvillage.fr\/wp-content\/uploads\/2024\/04\/comite-2.jpg\" alt=\"\" class=\"wp-image-3571\" srcset=\"https:\/\/payra-monvillage.fr\/wp-content\/uploads\/2024\/04\/comite-2.jpg 1000w, https:\/\/payra-monvillage.fr\/wp-content\/uploads\/2024\/04\/comite-2-300x225.jpg 300w, https:\/\/payra-monvillage.fr\/wp-content\/uploads\/2024\/04\/comite-2-768x576.jpg 768w\" sizes=\"auto, (max-width: 767px) 89vw, (max-width: 1000px) 54vw, (max-width: 1071px) 543px, 580px\" \/><\/figure>\n","protected":false},"excerpt":{"rendered":"<p>Sous la Pr\u00e9sidence de Natacha le comit\u00e9 des f\u00eates s&rsquo;est r\u00e9uni lundi 14 avril 2024 . Ordre du jour: maintien de la f\u00eate le jour du 15 ao\u00fbt qui se d\u00e9roulera autour de la salle des f\u00eates.<\/p>\n","protected":false},"author":1,"featured_media":0,"parent":0,"menu_order":0,"comment_status":"closed","ping_status":"closed","template":"","meta":{"footnotes":""},"class_list":["post-3569","page","type-page","status-publish","hentry"],"_links":{"self":[{"href":"https:\/\/payra-monvillage.fr\/index.php\/wp-json\/wp\/v2\/pages\/3569","targetHints":{"allow":["GET"]}}],"collection":[{"href":"https:\/\/payra-monvillage.fr\/index.php\/wp-json\/wp\/v2\/pages"}],"about":[{"href":"https:\/\/payra-monvillage.fr\/index.php\/wp-json\/wp\/v2\/types\/page"}],"author":[{"embeddable":true,"href":"https:\/\/payra-monvillage.fr\/index.php\/wp-json\/wp\/v2\/users\/1"}],"replies":[{"embeddable":true,"href":"https:\/\/payra-monvillage.fr\/index.php\/wp-json\/wp\/v2\/comments?post=3569"}],"version-history":[{"count":1,"href":"https:\/\/payra-monvillage.fr\/index.php\/wp-json\/wp\/v2\/pages\/3569\/revisions"}],"predecessor-version":[{"id":3572,"href":"https:\/\/payra-monvillage.fr\/index.php\/wp-json\/wp\/v2\/pages\/3569\/revisions\/3572"}],"wp:attachment":[{"href":"https:\/\/payra-monvillage.fr\/index.php\/wp-json\/wp\/v2\/media?parent=3569"}],"curies":[{"name":"wp","href":"https:\/\/api.w.org\/{rel}","templated":true}]}}