{"id":3564,"date":"2024-04-15T20:09:44","date_gmt":"2024-04-15T18:09:44","guid":{"rendered":"https:\/\/payra-monvillage.fr\/?page_id=3564"},"modified":"2024-04-15T20:09:44","modified_gmt":"2024-04-15T18:09:44","slug":"loto","status":"publish","type":"page","link":"https:\/\/payra-monvillage.fr\/index.php\/loto\/","title":{"rendered":"Loto"},"content":{"rendered":"\n<p>\/<\/p>\n\n\n\n<p>Bonjour<\/p>\n\n\n\n<p>Suite au d\u00e9c\u00e9s de Fonvieille Jeannot ( adh\u00e9rent du club depuis plusieurs ann\u00e9es )<\/p>\n\n\n\n<p>nous sommes dans l&rsquo;obligation de reporter notre loto du 12 Avril au vendredi 19 Avril \u00e0 14h , la<\/p>\n\n\n\n<p>s\u00e9pulture ayant lieu vendredi \u00e0 15h \u00e0 Montauriol.<\/p>\n\n\n\n<p>En comptant sur votre compr\u00e9hension<\/p>\n\n\n\n<p>Amicalement<\/p>\n\n\n\n<p>Lulu<\/p>\n\n\n\n<p><\/p>\n","protected":false},"excerpt":{"rendered":"<p>\/ Bonjour Suite au d\u00e9c\u00e9s de Fonvieille Jeannot ( adh\u00e9rent du club depuis plusieurs ann\u00e9es ) nous sommes dans l&rsquo;obligation de reporter notre loto du 12 Avril au vendredi 19 Avril \u00e0 14h , la s\u00e9pulture ayant lieu vendredi \u00e0 15h \u00e0 Montauriol. En comptant sur votre compr\u00e9hension Amicalement Lulu<\/p>\n","protected":false},"author":1,"featured_media":0,"parent":0,"menu_order":0,"comment_status":"closed","ping_status":"closed","template":"","meta":{"footnotes":""},"class_list":["post-3564","page","type-page","status-publish","hentry"],"_links":{"self":[{"href":"https:\/\/payra-monvillage.fr\/index.php\/wp-json\/wp\/v2\/pages\/3564","targetHints":{"allow":["GET"]}}],"collection":[{"href":"https:\/\/payra-monvillage.fr\/index.php\/wp-json\/wp\/v2\/pages"}],"about":[{"href":"https:\/\/payra-monvillage.fr\/index.php\/wp-json\/wp\/v2\/types\/page"}],"author":[{"embeddable":true,"href":"https:\/\/payra-monvillage.fr\/index.php\/wp-json\/wp\/v2\/users\/1"}],"replies":[{"embeddable":true,"href":"https:\/\/payra-monvillage.fr\/index.php\/wp-json\/wp\/v2\/comments?post=3564"}],"version-history":[{"count":1,"href":"https:\/\/payra-monvillage.fr\/index.php\/wp-json\/wp\/v2\/pages\/3564\/revisions"}],"predecessor-version":[{"id":3565,"href":"https:\/\/payra-monvillage.fr\/index.php\/wp-json\/wp\/v2\/pages\/3564\/revisions\/3565"}],"wp:attachment":[{"href":"https:\/\/payra-monvillage.fr\/index.php\/wp-json\/wp\/v2\/media?parent=3564"}],"curies":[{"name":"wp","href":"https:\/\/api.w.org\/{rel}","templated":true}]}}