{"id":3544,"date":"2024-04-04T10:55:17","date_gmt":"2024-04-04T08:55:17","guid":{"rendered":"https:\/\/payra-monvillage.fr\/?page_id=3544"},"modified":"2024-04-04T11:12:22","modified_gmt":"2024-04-04T09:12:22","slug":"mardi-2-avril-2024","status":"publish","type":"page","link":"https:\/\/payra-monvillage.fr\/index.php\/mardi-2-avril-2024\/","title":{"rendered":"Mardi 2 avril 2024"},"content":{"rendered":"\n<p>I<strong>nformations communales<\/strong><\/p>\n\n\n\n<p>Bonjour- Les services des finances publiques organisent des permanences pour les d\u00e9clarations des revenus 2023 au Centre de finances publiques de Castelnaudary, et aux Maisons France Services de Salles sur l&rsquo;Hers et Bram.&nbsp;<br>Vous trouverez en PJ l&rsquo;affiche avec les diff\u00e9rentes dates et les contacts pour prendre RDV.&nbsp;<br>&#8211; Vous trouverez \u00e9galement en PJ l&rsquo;affiche du Minist\u00e8re concernant la situation \u00e9lectorale. Vous pouvez v\u00e9rifier votre inscription via le lien service-public suivant:&nbsp;<a rel=\"noreferrer noopener\" target=\"_blank\" href=\"https:\/\/www.service-public.fr\/particuliers\/vosdroits\/R51788\">https:\/\/www.service-public.fr\/particuliers\/vosdroits\/R51788<\/a>.&nbsp;<br>Pour voter lors des \u00e9lections europ\u00e9ennes 2024, vous pouvez vous inscrire en ligne jusqu&rsquo;au 1er&nbsp; mai, ou avec le formulaire jusqu&rsquo;au 3 mai.<\/p>\n\n\n\n<p>Bonjour,<\/p>\n\n\n\n<p>Une erreur s\u2019est gliss\u00e9e dans les num\u00e9ros d\u2019appel pour les RDV.&nbsp;<\/p>\n\n\n\n<p>Ci-joint l\u2019affiche des 3 permanences rectifi\u00e9e.<\/p>\n\n\n\n<p>Bonne journ\u00e9e<\/p>\n\n\n\n<p>Bien cordialement,<\/p>\n\n\n\n<figure class=\"wp-block-image size-large\"><img loading=\"lazy\" decoding=\"async\" width=\"700\" height=\"1024\" src=\"https:\/\/payra-monvillage.fr\/wp-content\/uploads\/2024\/04\/image-700x1024.png\" alt=\"\" class=\"wp-image-3548\" srcset=\"https:\/\/payra-monvillage.fr\/wp-content\/uploads\/2024\/04\/image-700x1024.png 700w, https:\/\/payra-monvillage.fr\/wp-content\/uploads\/2024\/04\/image-205x300.png 205w, https:\/\/payra-monvillage.fr\/wp-content\/uploads\/2024\/04\/image-768x1123.png 768w, https:\/\/payra-monvillage.fr\/wp-content\/uploads\/2024\/04\/image-1050x1536.png 1050w, https:\/\/payra-monvillage.fr\/wp-content\/uploads\/2024\/04\/image.png 1387w\" sizes=\"auto, (max-width: 700px) 100vw, 700px\" \/><\/figure>\n\n\n\n<figure class=\"wp-block-image size-large\"><img loading=\"lazy\" decoding=\"async\" width=\"733\" height=\"1024\" src=\"https:\/\/payra-monvillage.fr\/wp-content\/uploads\/2024\/04\/image-1-733x1024.png\" alt=\"\" class=\"wp-image-3551\" srcset=\"https:\/\/payra-monvillage.fr\/wp-content\/uploads\/2024\/04\/image-1-733x1024.png 733w, https:\/\/payra-monvillage.fr\/wp-content\/uploads\/2024\/04\/image-1-215x300.png 215w, https:\/\/payra-monvillage.fr\/wp-content\/uploads\/2024\/04\/image-1-768x1073.png 768w, https:\/\/payra-monvillage.fr\/wp-content\/uploads\/2024\/04\/image-1.png 919w\" sizes=\"auto, (max-width: 733px) 100vw, 733px\" \/><\/figure>\n","protected":false},"excerpt":{"rendered":"<p>Informations communales Bonjour- Les services des finances publiques organisent des permanences pour les d\u00e9clarations des revenus 2023 au Centre de finances publiques de Castelnaudary, et aux Maisons France Services de Salles sur l&rsquo;Hers et Bram.&nbsp;Vous trouverez en PJ l&rsquo;affiche avec les diff\u00e9rentes dates et les contacts pour prendre RDV.&nbsp;&#8211; Vous trouverez \u00e9galement en PJ l&rsquo;affiche &hellip; <\/p>\n<p class=\"link-more\"><a href=\"https:\/\/payra-monvillage.fr\/index.php\/mardi-2-avril-2024\/\" class=\"more-link\">Continuer la lecture<span class=\"screen-reader-text\"> de &laquo;&nbsp;Mardi 2 avril 2024&nbsp;&raquo;<\/span><\/a><\/p>\n","protected":false},"author":1,"featured_media":0,"parent":0,"menu_order":0,"comment_status":"closed","ping_status":"closed","template":"","meta":{"footnotes":""},"class_list":["post-3544","page","type-page","status-publish","hentry"],"_links":{"self":[{"href":"https:\/\/payra-monvillage.fr\/index.php\/wp-json\/wp\/v2\/pages\/3544","targetHints":{"allow":["GET"]}}],"collection":[{"href":"https:\/\/payra-monvillage.fr\/index.php\/wp-json\/wp\/v2\/pages"}],"about":[{"href":"https:\/\/payra-monvillage.fr\/index.php\/wp-json\/wp\/v2\/types\/page"}],"author":[{"embeddable":true,"href":"https:\/\/payra-monvillage.fr\/index.php\/wp-json\/wp\/v2\/users\/1"}],"replies":[{"embeddable":true,"href":"https:\/\/payra-monvillage.fr\/index.php\/wp-json\/wp\/v2\/comments?post=3544"}],"version-history":[{"count":5,"href":"https:\/\/payra-monvillage.fr\/index.php\/wp-json\/wp\/v2\/pages\/3544\/revisions"}],"predecessor-version":[{"id":3552,"href":"https:\/\/payra-monvillage.fr\/index.php\/wp-json\/wp\/v2\/pages\/3544\/revisions\/3552"}],"wp:attachment":[{"href":"https:\/\/payra-monvillage.fr\/index.php\/wp-json\/wp\/v2\/media?parent=3544"}],"curies":[{"name":"wp","href":"https:\/\/api.w.org\/{rel}","templated":true}]}}