{"id":3481,"date":"2024-03-24T07:55:26","date_gmt":"2024-03-24T06:55:26","guid":{"rendered":"https:\/\/payra-monvillage.fr\/?page_id=3481"},"modified":"2024-04-02T10:13:03","modified_gmt":"2024-04-02T08:13:03","slug":"lundi-de-paques","status":"publish","type":"page","link":"https:\/\/payra-monvillage.fr\/index.php\/lundi-de-paques\/","title":{"rendered":"Lundi de PAQUES"},"content":{"rendered":"\n<p>Bonjour \u00e0 tous les adh\u00e9rents,<\/p>\n\n\n\n<figure class=\"wp-block-image size-full\"><img loading=\"lazy\" decoding=\"async\" width=\"750\" height=\"1000\" src=\"https:\/\/payra-monvillage.fr\/wp-content\/uploads\/2024\/03\/paques.jpg\" alt=\"\" class=\"wp-image-3492\" srcset=\"https:\/\/payra-monvillage.fr\/wp-content\/uploads\/2024\/03\/paques.jpg 750w, https:\/\/payra-monvillage.fr\/wp-content\/uploads\/2024\/03\/paques-225x300.jpg 225w\" sizes=\"auto, (max-width: 706px) 89vw, (max-width: 767px) 82vw, 740px\" \/><\/figure>\n\n\n\n<p>cr\u00e9ation Lulu et Roseline<\/p>\n\n\n\n<figure class=\"wp-block-image size-large\"><img loading=\"lazy\" decoding=\"async\" width=\"1024\" height=\"768\" src=\"https:\/\/payra-monvillage.fr\/wp-content\/uploads\/2024\/04\/IMG-20240401-WA0015-1-1024x768.jpg\" alt=\"\" class=\"wp-image-3540\" srcset=\"https:\/\/payra-monvillage.fr\/wp-content\/uploads\/2024\/04\/IMG-20240401-WA0015-1-1024x768.jpg 1024w, https:\/\/payra-monvillage.fr\/wp-content\/uploads\/2024\/04\/IMG-20240401-WA0015-1-300x225.jpg 300w, https:\/\/payra-monvillage.fr\/wp-content\/uploads\/2024\/04\/IMG-20240401-WA0015-1-768x576.jpg 768w, https:\/\/payra-monvillage.fr\/wp-content\/uploads\/2024\/04\/IMG-20240401-WA0015-1-1536x1153.jpg 1536w, https:\/\/payra-monvillage.fr\/wp-content\/uploads\/2024\/04\/IMG-20240401-WA0015-1.jpg 1599w\" sizes=\"auto, (max-width: 767px) 89vw, (max-width: 1000px) 54vw, (max-width: 1071px) 543px, 580px\" \/><\/figure>\n\n\n\n<figure class=\"wp-block-gallery has-nested-images columns-default is-cropped wp-block-gallery-1 is-layout-flex wp-block-gallery-is-layout-flex\">\n<figure class=\"wp-block-image size-large\"><img loading=\"lazy\" decoding=\"async\" width=\"1024\" height=\"768\" data-id=\"3532\" src=\"https:\/\/payra-monvillage.fr\/wp-content\/uploads\/2024\/04\/IMG-20240401-WA0011-1024x768.jpg\" alt=\"\" class=\"wp-image-3532\" srcset=\"https:\/\/payra-monvillage.fr\/wp-content\/uploads\/2024\/04\/IMG-20240401-WA0011-1024x768.jpg 1024w, https:\/\/payra-monvillage.fr\/wp-content\/uploads\/2024\/04\/IMG-20240401-WA0011-300x225.jpg 300w, https:\/\/payra-monvillage.fr\/wp-content\/uploads\/2024\/04\/IMG-20240401-WA0011-768x576.jpg 768w, https:\/\/payra-monvillage.fr\/wp-content\/uploads\/2024\/04\/IMG-20240401-WA0011-1536x1153.jpg 1536w, https:\/\/payra-monvillage.fr\/wp-content\/uploads\/2024\/04\/IMG-20240401-WA0011.jpg 1599w\" sizes=\"auto, (max-width: 767px) 89vw, (max-width: 1000px) 54vw, (max-width: 1071px) 543px, 580px\" \/><\/figure>\n<\/figure>\n\n\n\n<figure class=\"wp-block-gallery has-nested-images columns-default is-cropped wp-block-gallery-2 is-layout-flex wp-block-gallery-is-layout-flex\">\n<figure class=\"wp-block-image size-large\"><img loading=\"lazy\" decoding=\"async\" width=\"1024\" height=\"768\" data-id=\"3539\" src=\"https:\/\/payra-monvillage.fr\/wp-content\/uploads\/2024\/04\/IMG-20240401-WA0003-1024x768.jpg\" alt=\"\" class=\"wp-image-3539\" srcset=\"https:\/\/payra-monvillage.fr\/wp-content\/uploads\/2024\/04\/IMG-20240401-WA0003-1024x768.jpg 1024w, https:\/\/payra-monvillage.fr\/wp-content\/uploads\/2024\/04\/IMG-20240401-WA0003-300x225.jpg 300w, https:\/\/payra-monvillage.fr\/wp-content\/uploads\/2024\/04\/IMG-20240401-WA0003-768x576.jpg 768w, https:\/\/payra-monvillage.fr\/wp-content\/uploads\/2024\/04\/IMG-20240401-WA0003-1536x1152.jpg 1536w, https:\/\/payra-monvillage.fr\/wp-content\/uploads\/2024\/04\/IMG-20240401-WA0003.jpg 1600w\" sizes=\"auto, (max-width: 767px) 89vw, (max-width: 1000px) 54vw, (max-width: 1071px) 543px, 580px\" \/><\/figure>\n<\/figure>\n\n\n\n<figure class=\"wp-block-gallery has-nested-images columns-default is-cropped wp-block-gallery-3 is-layout-flex wp-block-gallery-is-layout-flex\">\n<figure class=\"wp-block-image size-large\"><img loading=\"lazy\" decoding=\"async\" width=\"461\" height=\"1024\" data-id=\"3535\" src=\"https:\/\/payra-monvillage.fr\/wp-content\/uploads\/2024\/04\/IMG-20240401-WA0023-461x1024.jpg\" alt=\"\" class=\"wp-image-3535\" srcset=\"https:\/\/payra-monvillage.fr\/wp-content\/uploads\/2024\/04\/IMG-20240401-WA0023-461x1024.jpg 461w, https:\/\/payra-monvillage.fr\/wp-content\/uploads\/2024\/04\/IMG-20240401-WA0023-135x300.jpg 135w, https:\/\/payra-monvillage.fr\/wp-content\/uploads\/2024\/04\/IMG-20240401-WA0023-691x1536.jpg 691w, https:\/\/payra-monvillage.fr\/wp-content\/uploads\/2024\/04\/IMG-20240401-WA0023.jpg 720w\" sizes=\"auto, (max-width: 461px) 100vw, 461px\" \/><\/figure>\n\n\n\n<figure class=\"wp-block-image size-large\"><img loading=\"lazy\" decoding=\"async\" width=\"1024\" height=\"848\" data-id=\"3536\" src=\"https:\/\/payra-monvillage.fr\/wp-content\/uploads\/2024\/04\/IMG-20240401-WA0024-1024x848.jpg\" alt=\"\" class=\"wp-image-3536\" srcset=\"https:\/\/payra-monvillage.fr\/wp-content\/uploads\/2024\/04\/IMG-20240401-WA0024-1024x848.jpg 1024w, https:\/\/payra-monvillage.fr\/wp-content\/uploads\/2024\/04\/IMG-20240401-WA0024-300x248.jpg 300w, https:\/\/payra-monvillage.fr\/wp-content\/uploads\/2024\/04\/IMG-20240401-WA0024-768x636.jpg 768w, https:\/\/payra-monvillage.fr\/wp-content\/uploads\/2024\/04\/IMG-20240401-WA0024-1536x1272.jpg 1536w, https:\/\/payra-monvillage.fr\/wp-content\/uploads\/2024\/04\/IMG-20240401-WA0024.jpg 1600w\" sizes=\"auto, (max-width: 767px) 89vw, (max-width: 1000px) 54vw, (max-width: 1071px) 543px, 580px\" \/><\/figure>\n<\/figure>\n\n\n\n<figure class=\"wp-block-gallery has-nested-images columns-default is-cropped wp-block-gallery-4 is-layout-flex wp-block-gallery-is-layout-flex\">\n<figure class=\"wp-block-image size-large\"><img loading=\"lazy\" decoding=\"async\" width=\"1024\" height=\"768\" data-id=\"3537\" src=\"https:\/\/payra-monvillage.fr\/wp-content\/uploads\/2024\/04\/IMG-20240401-WA0017-1024x768.jpg\" alt=\"\" class=\"wp-image-3537\" srcset=\"https:\/\/payra-monvillage.fr\/wp-content\/uploads\/2024\/04\/IMG-20240401-WA0017-1024x768.jpg 1024w, https:\/\/payra-monvillage.fr\/wp-content\/uploads\/2024\/04\/IMG-20240401-WA0017-300x225.jpg 300w, https:\/\/payra-monvillage.fr\/wp-content\/uploads\/2024\/04\/IMG-20240401-WA0017-768x576.jpg 768w, https:\/\/payra-monvillage.fr\/wp-content\/uploads\/2024\/04\/IMG-20240401-WA0017-1536x1152.jpg 1536w, https:\/\/payra-monvillage.fr\/wp-content\/uploads\/2024\/04\/IMG-20240401-WA0017.jpg 1600w\" sizes=\"auto, (max-width: 767px) 89vw, (max-width: 1000px) 54vw, (max-width: 1071px) 543px, 580px\" \/><\/figure>\n\n\n\n<figure class=\"wp-block-image size-large\"><img loading=\"lazy\" decoding=\"async\" width=\"1024\" height=\"461\" data-id=\"3538\" src=\"https:\/\/payra-monvillage.fr\/wp-content\/uploads\/2024\/04\/IMG-20240401-WA0025-1024x461.jpg\" alt=\"\" class=\"wp-image-3538\" srcset=\"https:\/\/payra-monvillage.fr\/wp-content\/uploads\/2024\/04\/IMG-20240401-WA0025-1024x461.jpg 1024w, https:\/\/payra-monvillage.fr\/wp-content\/uploads\/2024\/04\/IMG-20240401-WA0025-300x135.jpg 300w, https:\/\/payra-monvillage.fr\/wp-content\/uploads\/2024\/04\/IMG-20240401-WA0025-768x346.jpg 768w, https:\/\/payra-monvillage.fr\/wp-content\/uploads\/2024\/04\/IMG-20240401-WA0025-1536x691.jpg 1536w, https:\/\/payra-monvillage.fr\/wp-content\/uploads\/2024\/04\/IMG-20240401-WA0025.jpg 1600w\" sizes=\"auto, (max-width: 767px) 89vw, (max-width: 1000px) 54vw, (max-width: 1071px) 543px, 580px\" \/><\/figure>\n<\/figure>\n\n\n\n<blockquote class=\"wp-block-quote is-layout-flow wp-block-quote-is-layout-flow\">\n<p>Nous vous donnons rendez-vous pour la traditionnelle balade du lundi de P\u00e2ques, le 1er avril 2024<\/p>\n\n\n\n<ul class=\"wp-block-list\">\n<li><strong>rendez-vous donc lundi 1&nbsp;avril 2024&nbsp;\u00e0 10 h 30<\/strong><\/li>\n<\/ul>\n\n\n\n<p>au panneau des randonn\u00e9es en bas du village,<\/p>\n\n\n\n<p>pour&nbsp;un covoiturage jusqu&rsquo;au bas du Pech Donnadieu, o\u00f9 nous laisserons quelques voitures et les sacs du pique-nique.<\/p>\n\n\n\n<p>On vous propose une balade d&rsquo;environ 4 km :<\/p>\n\n\n\n<p>D\u00e9part au bas du Pech Donnadieu, contour du Pech par le chemin de St Vitou, puis Guilhem Marty, remont\u00e9e vers Bordeneuve la Tour et retour au bas du Pech.<\/p>\n\n\n\n<p>R\u00e9cup\u00e9ration des sacs et pique-nique partag\u00e9 en haut du Pech, chacun amenant ce qu&rsquo;il veut \u00e0 manger et \u00e0 boire. N&rsquo;oubliez pas vos couverts, assiettes et verres.<\/p>\n\n\n\n<p>Nous pr\u00e9voyons de faire l&rsquo;omelette de P\u00e2ques, Sylvie et Ronald s&rsquo;occupent des oeufs.<\/p>\n\n\n\n<p>Ceux qui ne veulent pas marcher nous rejoindront directement au Pech vers midi.<\/p>\n\n\n\n<p>Merci de nous confirmer votre participation.<\/p>\n\n\n\n<p>On vous attend nombreux<em>.<\/em><\/p>\n\n\n\n<p>Amiti\u00e9s,<\/p>\n\n\n\n<p>B\u00e9atrice pour LES CHEMINS RETROUVES<\/p>\n<\/blockquote>\n","protected":false},"excerpt":{"rendered":"<p>Bonjour \u00e0 tous les adh\u00e9rents, cr\u00e9ation Lulu et Roseline<\/p>\n","protected":false},"author":1,"featured_media":0,"parent":0,"menu_order":0,"comment_status":"closed","ping_status":"closed","template":"","meta":{"footnotes":""},"class_list":["post-3481","page","type-page","status-publish","hentry"],"_links":{"self":[{"href":"https:\/\/payra-monvillage.fr\/index.php\/wp-json\/wp\/v2\/pages\/3481","targetHints":{"allow":["GET"]}}],"collection":[{"href":"https:\/\/payra-monvillage.fr\/index.php\/wp-json\/wp\/v2\/pages"}],"about":[{"href":"https:\/\/payra-monvillage.fr\/index.php\/wp-json\/wp\/v2\/types\/page"}],"author":[{"embeddable":true,"href":"https:\/\/payra-monvillage.fr\/index.php\/wp-json\/wp\/v2\/users\/1"}],"replies":[{"embeddable":true,"href":"https:\/\/payra-monvillage.fr\/index.php\/wp-json\/wp\/v2\/comments?post=3481"}],"version-history":[{"count":4,"href":"https:\/\/payra-monvillage.fr\/index.php\/wp-json\/wp\/v2\/pages\/3481\/revisions"}],"predecessor-version":[{"id":3541,"href":"https:\/\/payra-monvillage.fr\/index.php\/wp-json\/wp\/v2\/pages\/3481\/revisions\/3541"}],"wp:attachment":[{"href":"https:\/\/payra-monvillage.fr\/index.php\/wp-json\/wp\/v2\/media?parent=3481"}],"curies":[{"name":"wp","href":"https:\/\/api.w.org\/{rel}","templated":true}]}}