{"id":3473,"date":"2024-03-16T16:51:29","date_gmt":"2024-03-16T15:51:29","guid":{"rendered":"https:\/\/payra-monvillage.fr\/?page_id=3473"},"modified":"2024-03-16T17:06:44","modified_gmt":"2024-03-16T16:06:44","slug":"jeudi","status":"publish","type":"page","link":"https:\/\/payra-monvillage.fr\/index.php\/jeudi\/","title":{"rendered":"Jeudi 14 mars 2024"},"content":{"rendered":"\n<p>Bonjour , jeudi nous avons nettoy\u00e9 le chemin entre le bas du pech et Bordeneuve de la Tour et rempli le trou ( qui n&rsquo;\u00e9tait pas l&rsquo;entr\u00e9e d&rsquo;une galerie souterraine mais seulement un passage de buse effondr\u00e9 et ravin\u00e9 par l&rsquo;eau de ruisselement) avec de grosses pierres pour que personne ne tombe dedans. Profitez du temps et allez vous promener, l&rsquo;arriv\u00e9e du Printemps est imminente.<\/p>\n\n\n\n<p>Max<\/p>\n\n\n\n<figure class=\"wp-block-gallery has-nested-images columns-default is-cropped wp-block-gallery-1 is-layout-flex wp-block-gallery-is-layout-flex\">\n<figure class=\"wp-block-image size-large\"><img loading=\"lazy\" decoding=\"async\" width=\"768\" height=\"1024\" data-id=\"3474\" src=\"https:\/\/payra-monvillage.fr\/wp-content\/uploads\/2024\/03\/IMG-20240313-WA0002-768x1024.jpg\" alt=\"\" class=\"wp-image-3474\" srcset=\"https:\/\/payra-monvillage.fr\/wp-content\/uploads\/2024\/03\/IMG-20240313-WA0002-768x1023.jpg 768w, https:\/\/payra-monvillage.fr\/wp-content\/uploads\/2024\/03\/IMG-20240313-WA0002-225x300.jpg 225w, https:\/\/payra-monvillage.fr\/wp-content\/uploads\/2024\/03\/IMG-20240313-WA0002-1153x1536.jpg 1153w, https:\/\/payra-monvillage.fr\/wp-content\/uploads\/2024\/03\/IMG-20240313-WA0002.jpg 1200w\" sizes=\"auto, (max-width: 767px) 89vw, (max-width: 1000px) 54vw, (max-width: 1071px) 543px, 580px\" \/><\/figure>\n\n\n\n<figure class=\"wp-block-image size-large\"><img loading=\"lazy\" decoding=\"async\" width=\"1024\" height=\"768\" data-id=\"3475\" src=\"https:\/\/payra-monvillage.fr\/wp-content\/uploads\/2024\/03\/IMG-20240316-WA0000-1024x768.jpg\" alt=\"\" class=\"wp-image-3475\" srcset=\"https:\/\/payra-monvillage.fr\/wp-content\/uploads\/2024\/03\/IMG-20240316-WA0000-1024x768.jpg 1024w, https:\/\/payra-monvillage.fr\/wp-content\/uploads\/2024\/03\/IMG-20240316-WA0000-300x225.jpg 300w, https:\/\/payra-monvillage.fr\/wp-content\/uploads\/2024\/03\/IMG-20240316-WA0000-768x576.jpg 768w, https:\/\/payra-monvillage.fr\/wp-content\/uploads\/2024\/03\/IMG-20240316-WA0000-1536x1153.jpg 1536w, https:\/\/payra-monvillage.fr\/wp-content\/uploads\/2024\/03\/IMG-20240316-WA0000.jpg 1599w\" sizes=\"auto, (max-width: 767px) 89vw, (max-width: 1000px) 54vw, (max-width: 1071px) 543px, 580px\" \/><\/figure>\n<\/figure>\n","protected":false},"excerpt":{"rendered":"<p>Bonjour , jeudi nous avons nettoy\u00e9 le chemin entre le bas du pech et Bordeneuve de la Tour et rempli le trou ( qui n&rsquo;\u00e9tait pas l&rsquo;entr\u00e9e d&rsquo;une galerie souterraine mais seulement un passage de buse effondr\u00e9 et ravin\u00e9 par l&rsquo;eau de ruisselement) avec de grosses pierres pour que personne ne tombe dedans. Profitez du &hellip; <\/p>\n<p class=\"link-more\"><a href=\"https:\/\/payra-monvillage.fr\/index.php\/jeudi\/\" class=\"more-link\">Continuer la lecture<span class=\"screen-reader-text\"> de &laquo;&nbsp;Jeudi 14 mars 2024&nbsp;&raquo;<\/span><\/a><\/p>\n","protected":false},"author":1,"featured_media":0,"parent":0,"menu_order":0,"comment_status":"closed","ping_status":"closed","template":"","meta":{"footnotes":""},"class_list":["post-3473","page","type-page","status-publish","hentry"],"_links":{"self":[{"href":"https:\/\/payra-monvillage.fr\/index.php\/wp-json\/wp\/v2\/pages\/3473","targetHints":{"allow":["GET"]}}],"collection":[{"href":"https:\/\/payra-monvillage.fr\/index.php\/wp-json\/wp\/v2\/pages"}],"about":[{"href":"https:\/\/payra-monvillage.fr\/index.php\/wp-json\/wp\/v2\/types\/page"}],"author":[{"embeddable":true,"href":"https:\/\/payra-monvillage.fr\/index.php\/wp-json\/wp\/v2\/users\/1"}],"replies":[{"embeddable":true,"href":"https:\/\/payra-monvillage.fr\/index.php\/wp-json\/wp\/v2\/comments?post=3473"}],"version-history":[{"count":3,"href":"https:\/\/payra-monvillage.fr\/index.php\/wp-json\/wp\/v2\/pages\/3473\/revisions"}],"predecessor-version":[{"id":3479,"href":"https:\/\/payra-monvillage.fr\/index.php\/wp-json\/wp\/v2\/pages\/3473\/revisions\/3479"}],"wp:attachment":[{"href":"https:\/\/payra-monvillage.fr\/index.php\/wp-json\/wp\/v2\/media?parent=3473"}],"curies":[{"name":"wp","href":"https:\/\/api.w.org\/{rel}","templated":true}]}}