{"id":3431,"date":"2024-02-12T12:56:23","date_gmt":"2024-02-12T11:56:23","guid":{"rendered":"https:\/\/payra-monvillage.fr\/?page_id=3431"},"modified":"2024-02-12T12:56:23","modified_gmt":"2024-02-12T11:56:23","slug":"compte-rendu-de-lassemblee-generale","status":"publish","type":"page","link":"https:\/\/payra-monvillage.fr\/index.php\/compte-rendu-de-lassemblee-generale\/","title":{"rendered":"Compte rendu de l&rsquo;Assembl\u00e9e G\u00e9n\u00e9rale"},"content":{"rendered":"\n<p>Bonjour \u00e0 tous,<\/p>\n\n\n\n<p>Vous trouverez ci-joint le Proc\u00e9s verbal de l&rsquo;Assembl\u00e9e G\u00e9n\u00e9rale des Chemins Retrouv\u00e9s qui a eu lieu le samedi 3 f\u00e9vrier 2024.<\/p>\n\n\n\n<p>Vous pouvez payer la cotisation de 10 \u20ac par esp\u00e8ces, ch\u00e8que ou virement.<\/p>\n\n\n\n<p>A tr\u00e8s bient\u00f4t sur les chemins pour un d\u00e9broussaillage ou une balade.<\/p>\n\n\n\n<p>Amiti\u00e9s,<\/p>\n\n\n\n<p>B\u00e9atrice pour LES CHEMINS RETROUVES<\/p>\n\n\n\n<figure class=\"wp-block-image size-full is-resized\"><img loading=\"lazy\" decoding=\"async\" width=\"641\" height=\"953\" src=\"https:\/\/payra-monvillage.fr\/wp-content\/uploads\/2024\/02\/AGO.jpg\" alt=\"\" class=\"wp-image-3432\" style=\"width:674px;height:auto\" srcset=\"https:\/\/payra-monvillage.fr\/wp-content\/uploads\/2024\/02\/AGO.jpg 641w, https:\/\/payra-monvillage.fr\/wp-content\/uploads\/2024\/02\/AGO-202x300.jpg 202w\" sizes=\"auto, (max-width: 641px) 100vw, 641px\" \/><\/figure>\n\n\n\n<figure class=\"wp-block-image size-large\"><img loading=\"lazy\" decoding=\"async\" width=\"630\" height=\"1024\" src=\"https:\/\/payra-monvillage.fr\/wp-content\/uploads\/2024\/02\/AG2-1-630x1024.jpg\" alt=\"\" class=\"wp-image-3437\" srcset=\"https:\/\/payra-monvillage.fr\/wp-content\/uploads\/2024\/02\/AG2-1-630x1024.jpg 630w, https:\/\/payra-monvillage.fr\/wp-content\/uploads\/2024\/02\/AG2-1-185x300.jpg 185w, https:\/\/payra-monvillage.fr\/wp-content\/uploads\/2024\/02\/AG2-1.jpg 677w\" sizes=\"auto, (max-width: 630px) 100vw, 630px\" \/><\/figure>\n\n\n\n<figure class=\"wp-block-image size-large\"><img loading=\"lazy\" decoding=\"async\" width=\"701\" height=\"1024\" src=\"https:\/\/payra-monvillage.fr\/wp-content\/uploads\/2024\/02\/AG3-1-701x1024.jpg\" alt=\"\" class=\"wp-image-3438\" srcset=\"https:\/\/payra-monvillage.fr\/wp-content\/uploads\/2024\/02\/AG3-1-701x1024.jpg 701w, https:\/\/payra-monvillage.fr\/wp-content\/uploads\/2024\/02\/AG3-1-205x300.jpg 205w, https:\/\/payra-monvillage.fr\/wp-content\/uploads\/2024\/02\/AG3-1.jpg 753w\" sizes=\"auto, (max-width: 701px) 100vw, 701px\" \/><\/figure>\n\n\n\n<figure class=\"wp-block-image size-large\"><img loading=\"lazy\" decoding=\"async\" width=\"677\" height=\"1024\" src=\"https:\/\/payra-monvillage.fr\/wp-content\/uploads\/2024\/02\/AG4-1-677x1024.jpg\" alt=\"\" class=\"wp-image-3439\" srcset=\"https:\/\/payra-monvillage.fr\/wp-content\/uploads\/2024\/02\/AG4-1-677x1024.jpg 677w, https:\/\/payra-monvillage.fr\/wp-content\/uploads\/2024\/02\/AG4-1-198x300.jpg 198w, https:\/\/payra-monvillage.fr\/wp-content\/uploads\/2024\/02\/AG4-1.jpg 727w\" sizes=\"auto, (max-width: 677px) 100vw, 677px\" \/><\/figure>\n","protected":false},"excerpt":{"rendered":"<p>Bonjour \u00e0 tous, Vous trouverez ci-joint le Proc\u00e9s verbal de l&rsquo;Assembl\u00e9e G\u00e9n\u00e9rale des Chemins Retrouv\u00e9s qui a eu lieu le samedi 3 f\u00e9vrier 2024. Vous pouvez payer la cotisation de 10 \u20ac par esp\u00e8ces, ch\u00e8que ou virement. A tr\u00e8s bient\u00f4t sur les chemins pour un d\u00e9broussaillage ou une balade. Amiti\u00e9s, B\u00e9atrice pour LES CHEMINS RETROUVES<\/p>\n","protected":false},"author":1,"featured_media":0,"parent":0,"menu_order":0,"comment_status":"closed","ping_status":"closed","template":"","meta":{"footnotes":""},"class_list":["post-3431","page","type-page","status-publish","hentry"],"_links":{"self":[{"href":"https:\/\/payra-monvillage.fr\/index.php\/wp-json\/wp\/v2\/pages\/3431","targetHints":{"allow":["GET"]}}],"collection":[{"href":"https:\/\/payra-monvillage.fr\/index.php\/wp-json\/wp\/v2\/pages"}],"about":[{"href":"https:\/\/payra-monvillage.fr\/index.php\/wp-json\/wp\/v2\/types\/page"}],"author":[{"embeddable":true,"href":"https:\/\/payra-monvillage.fr\/index.php\/wp-json\/wp\/v2\/users\/1"}],"replies":[{"embeddable":true,"href":"https:\/\/payra-monvillage.fr\/index.php\/wp-json\/wp\/v2\/comments?post=3431"}],"version-history":[{"count":2,"href":"https:\/\/payra-monvillage.fr\/index.php\/wp-json\/wp\/v2\/pages\/3431\/revisions"}],"predecessor-version":[{"id":3440,"href":"https:\/\/payra-monvillage.fr\/index.php\/wp-json\/wp\/v2\/pages\/3431\/revisions\/3440"}],"wp:attachment":[{"href":"https:\/\/payra-monvillage.fr\/index.php\/wp-json\/wp\/v2\/media?parent=3431"}],"curies":[{"name":"wp","href":"https:\/\/api.w.org\/{rel}","templated":true}]}}