{"id":3401,"date":"2024-02-08T08:10:15","date_gmt":"2024-02-08T07:10:15","guid":{"rendered":"https:\/\/payra-monvillage.fr\/?page_id=3401"},"modified":"2024-11-05T20:54:07","modified_gmt":"2024-11-05T19:54:07","slug":"informations-mairie-2024","status":"publish","type":"page","link":"https:\/\/payra-monvillage.fr\/index.php\/informations-mairie-2024\/","title":{"rendered":"Dimanche 11 f\u00e9vrier 2024."},"content":{"rendered":"\n<p><\/p>\n\n\n\n<p>Bonjour<\/p>\n\n\n\n<p>Le secr\u00e9tariat de Mairie sera exceptionnellement ferm\u00e9 ce lundi 5 f\u00e9vrier 2024 en raison d&rsquo;une formation, merci de votre compr\u00e9hension<\/p>\n\n\n\n<p>Vous trouverez en PJ une invitation \u00e0 la projection du film \u00ab\u00a0Pour l&rsquo;honneur\u00a0\u00bb le dimanche 11 f\u00e9vrier 2024 \u00e0 la salle des f\u00eates<\/p>\n\n\n\n<p>Vous en souhaitant bonne r\u00e9ception<\/p>\n\n\n\n<p>Bonne journ\u00e9e<\/p>\n\n\n\n<p>Bien cordialement<\/p>\n\n\n\n<p>INVITATION<br>PROJECTION DU FILM \u00ab POUR L\u2019HONNEUR \u00bb<br>Com\u00e9die avec OLIVIER MARCHAL<br>Une petite \u00e9quipe de rugby du sud de la France voit ses chances<br>de remporter un derby augmenter apr\u00e8s l\u2019arriv\u00e9e de nouveaux<br>joueurs surprenants.<br>DIMANCHE 11 FEVRIER 2024 15 HEURES 30<br>SALLE DES FETES PAYRA SUR L\u2019HERS<br>GRATUIT<br>GOUTER OFFERT (g\u00e2teaux des rois, cr\u00eapes vin chaud\u2026.)<\/p>\n","protected":false},"excerpt":{"rendered":"<p>Bonjour Le secr\u00e9tariat de Mairie sera exceptionnellement ferm\u00e9 ce lundi 5 f\u00e9vrier 2024 en raison d&rsquo;une formation, merci de votre compr\u00e9hension Vous trouverez en PJ une invitation \u00e0 la projection du film \u00ab\u00a0Pour l&rsquo;honneur\u00a0\u00bb le dimanche 11 f\u00e9vrier 2024 \u00e0 la salle des f\u00eates Vous en souhaitant bonne r\u00e9ception Bonne journ\u00e9e Bien cordialement INVITATIONPROJECTION DU &hellip; <\/p>\n<p class=\"link-more\"><a href=\"https:\/\/payra-monvillage.fr\/index.php\/informations-mairie-2024\/\" class=\"more-link\">Continuer la lecture<span class=\"screen-reader-text\"> de &laquo;&nbsp;Dimanche 11 f\u00e9vrier 2024.&nbsp;&raquo;<\/span><\/a><\/p>\n","protected":false},"author":1,"featured_media":0,"parent":0,"menu_order":0,"comment_status":"closed","ping_status":"closed","template":"","meta":{"footnotes":""},"class_list":["post-3401","page","type-page","status-publish","hentry"],"_links":{"self":[{"href":"https:\/\/payra-monvillage.fr\/index.php\/wp-json\/wp\/v2\/pages\/3401","targetHints":{"allow":["GET"]}}],"collection":[{"href":"https:\/\/payra-monvillage.fr\/index.php\/wp-json\/wp\/v2\/pages"}],"about":[{"href":"https:\/\/payra-monvillage.fr\/index.php\/wp-json\/wp\/v2\/types\/page"}],"author":[{"embeddable":true,"href":"https:\/\/payra-monvillage.fr\/index.php\/wp-json\/wp\/v2\/users\/1"}],"replies":[{"embeddable":true,"href":"https:\/\/payra-monvillage.fr\/index.php\/wp-json\/wp\/v2\/comments?post=3401"}],"version-history":[{"count":4,"href":"https:\/\/payra-monvillage.fr\/index.php\/wp-json\/wp\/v2\/pages\/3401\/revisions"}],"predecessor-version":[{"id":4035,"href":"https:\/\/payra-monvillage.fr\/index.php\/wp-json\/wp\/v2\/pages\/3401\/revisions\/4035"}],"wp:attachment":[{"href":"https:\/\/payra-monvillage.fr\/index.php\/wp-json\/wp\/v2\/media?parent=3401"}],"curies":[{"name":"wp","href":"https:\/\/api.w.org\/{rel}","templated":true}]}}