{"id":3396,"date":"2024-02-04T20:42:33","date_gmt":"2024-02-04T19:42:33","guid":{"rendered":"https:\/\/payra-monvillage.fr\/?page_id=3396"},"modified":"2024-02-04T20:42:33","modified_gmt":"2024-02-04T19:42:33","slug":"chemins-retrouves-le-19-janvier-2024","status":"publish","type":"page","link":"https:\/\/payra-monvillage.fr\/index.php\/chemins-retrouves-le-19-janvier-2024\/","title":{"rendered":"Chemins retrouv\u00e9s le 19 janvier 2024"},"content":{"rendered":"\n<p>Assembl\u00e9e G\u00e9n\u00e9rale<\/p>\n\n\n\n<ul class=\"wp-block-list\">\n<p>Bonjour \u00e0 tous,<\/p>\n\n\n\n<p>Vous trouverez ci-joint la convocation \u00e0 l&rsquo;AG des CHEMINS RETROUVES pour le :<\/p>\n\n\n\n<p><strong>&#8211; Samedi 3 f\u00e9vrier \u00e0 16h&nbsp;<\/strong>dans la salles des Associations au dessus de la Mairie<\/p>\n\n\n\n<p>Nous vous esp\u00e9rons nombreux.<\/p>\n\n\n\n<p>Cordialement,<\/p>\n\n\n\n<p>B\u00e9atrice pour LES CHEMINS RETROUVES<\/p>\n\n\n\n<ul class=\"wp-block-list\">\n<li>Payra sur l\u2019HERS, le 19 janvier 2024<\/li>\n\n\n\n<li>Objet : Invitation \u00e0 l\u2019Assembl\u00e9e G\u00e9n\u00e9rale<\/li>\n\n\n\n<li>Madame, Monsieur, Chers Adh\u00e9rents,<\/li>\n\n\n\n<li>Vous \u00eates invit\u00e9s \u00e0 notre Assembl\u00e9e G\u00e9n\u00e9rale 2023 qui aura lieu le :<\/li>\n\n\n\n<li>samedi 3 f\u00e9vrier 2024 \u00e0 16 h \u00e0 la Salles des Associations au dessus de la<\/li>\n\n\n\n<li>Mairie de Payra.<\/li>\n\n\n\n<li>Ordre du jour :<\/li>\n\n\n\n<li>rapport moral, bilan d\u2019activit\u00e9 et bilan financier 2023<\/li>\n\n\n\n<li>projets pour 2024<\/li>\n\n\n\n<li>calendrier des prochaines sorties<\/li>\n\n\n\n<li>questions diverses<br>Vous penserez \u00e0 r\u00e9gler votre cotisation, par ch\u00e8que bancaire, ce jour l\u00e0.<br>Esp\u00e9rant vous retrouver nombreux,<br>Cordialement,<br>Max Haefliger<br>Pr\u00e9sident de l\u2019Association<\/li>\n<\/ul>\n<\/ul>\n","protected":false},"excerpt":{"rendered":"<p>Assembl\u00e9e G\u00e9n\u00e9rale<\/p>\n","protected":false},"author":1,"featured_media":0,"parent":0,"menu_order":0,"comment_status":"closed","ping_status":"closed","template":"","meta":{"footnotes":""},"class_list":["post-3396","page","type-page","status-publish","hentry"],"_links":{"self":[{"href":"https:\/\/payra-monvillage.fr\/index.php\/wp-json\/wp\/v2\/pages\/3396","targetHints":{"allow":["GET"]}}],"collection":[{"href":"https:\/\/payra-monvillage.fr\/index.php\/wp-json\/wp\/v2\/pages"}],"about":[{"href":"https:\/\/payra-monvillage.fr\/index.php\/wp-json\/wp\/v2\/types\/page"}],"author":[{"embeddable":true,"href":"https:\/\/payra-monvillage.fr\/index.php\/wp-json\/wp\/v2\/users\/1"}],"replies":[{"embeddable":true,"href":"https:\/\/payra-monvillage.fr\/index.php\/wp-json\/wp\/v2\/comments?post=3396"}],"version-history":[{"count":2,"href":"https:\/\/payra-monvillage.fr\/index.php\/wp-json\/wp\/v2\/pages\/3396\/revisions"}],"predecessor-version":[{"id":3398,"href":"https:\/\/payra-monvillage.fr\/index.php\/wp-json\/wp\/v2\/pages\/3396\/revisions\/3398"}],"wp:attachment":[{"href":"https:\/\/payra-monvillage.fr\/index.php\/wp-json\/wp\/v2\/media?parent=3396"}],"curies":[{"name":"wp","href":"https:\/\/api.w.org\/{rel}","templated":true}]}}