{"id":3384,"date":"2024-02-03T12:35:32","date_gmt":"2024-02-03T11:35:32","guid":{"rendered":"https:\/\/payra-monvillage.fr\/?page_id=3384"},"modified":"2024-02-03T12:35:32","modified_gmt":"2024-02-03T11:35:32","slug":"theatre-a-payra-sur-lhers","status":"publish","type":"page","link":"https:\/\/payra-monvillage.fr\/index.php\/theatre-a-payra-sur-lhers\/","title":{"rendered":"THEATRE A PAYRA SUR L&rsquo;HERS"},"content":{"rendered":"\n<p><\/p>\n\n\n\n<p>SAMEDI 02 MARS \/ 20H30 \/ PAYRA-SUR-L&rsquo;HERS \/ SALLE DES FETES<br>Le club des 4 Saisons de Payra-sur-l&rsquo;Hers et les Amis de Montauriol organisent une soir\u00e9e<br>th\u00e9\u00e2tre. Une com\u00e9die hilarante jou\u00e9e par la troupe des \u00ab\u00a0Mots dits\u00a0\u00bb de Saint Papoul<br>intitul\u00e9e : \u00ab\u00a0A quelle heure on ment ?\u00a0\u00bb. Prix d&rsquo;entr\u00e9e 7\u20ac, gratuit pour les moins de 12 ans.<br>l 06 22 59 55 41 ou 07 84 54 26 31<\/p>\n","protected":false},"excerpt":{"rendered":"<p>SAMEDI 02 MARS \/ 20H30 \/ PAYRA-SUR-L&rsquo;HERS \/ SALLE DES FETESLe club des 4 Saisons de Payra-sur-l&rsquo;Hers et les Amis de Montauriol organisent une soir\u00e9eth\u00e9\u00e2tre. Une com\u00e9die hilarante jou\u00e9e par la troupe des \u00ab\u00a0Mots dits\u00a0\u00bb de Saint Papoulintitul\u00e9e : \u00ab\u00a0A quelle heure on ment ?\u00a0\u00bb. Prix d&rsquo;entr\u00e9e 7\u20ac, gratuit pour les moins de 12 ans.l &hellip; <\/p>\n<p class=\"link-more\"><a href=\"https:\/\/payra-monvillage.fr\/index.php\/theatre-a-payra-sur-lhers\/\" class=\"more-link\">Continuer la lecture<span class=\"screen-reader-text\"> de &laquo;&nbsp;THEATRE A PAYRA SUR L&rsquo;HERS&nbsp;&raquo;<\/span><\/a><\/p>\n","protected":false},"author":1,"featured_media":0,"parent":0,"menu_order":0,"comment_status":"closed","ping_status":"closed","template":"","meta":{"footnotes":""},"class_list":["post-3384","page","type-page","status-publish","hentry"],"_links":{"self":[{"href":"https:\/\/payra-monvillage.fr\/index.php\/wp-json\/wp\/v2\/pages\/3384","targetHints":{"allow":["GET"]}}],"collection":[{"href":"https:\/\/payra-monvillage.fr\/index.php\/wp-json\/wp\/v2\/pages"}],"about":[{"href":"https:\/\/payra-monvillage.fr\/index.php\/wp-json\/wp\/v2\/types\/page"}],"author":[{"embeddable":true,"href":"https:\/\/payra-monvillage.fr\/index.php\/wp-json\/wp\/v2\/users\/1"}],"replies":[{"embeddable":true,"href":"https:\/\/payra-monvillage.fr\/index.php\/wp-json\/wp\/v2\/comments?post=3384"}],"version-history":[{"count":1,"href":"https:\/\/payra-monvillage.fr\/index.php\/wp-json\/wp\/v2\/pages\/3384\/revisions"}],"predecessor-version":[{"id":3385,"href":"https:\/\/payra-monvillage.fr\/index.php\/wp-json\/wp\/v2\/pages\/3384\/revisions\/3385"}],"wp:attachment":[{"href":"https:\/\/payra-monvillage.fr\/index.php\/wp-json\/wp\/v2\/media?parent=3384"}],"curies":[{"name":"wp","href":"https:\/\/api.w.org\/{rel}","templated":true}]}}