{"id":26,"date":"2023-10-31T11:57:26","date_gmt":"2023-10-31T10:57:26","guid":{"rendered":"http:\/\/payra-monvillage.fr\/?page_id=26"},"modified":"2023-12-27T11:20:40","modified_gmt":"2023-12-27T10:20:40","slug":"lhistoire","status":"publish","type":"page","link":"https:\/\/payra-monvillage.fr\/index.php\/lhistoire\/","title":{"rendered":"L&rsquo;histoire"},"content":{"rendered":"\n<figure class=\"wp-block-image size-full is-resized\"><img loading=\"lazy\" decoding=\"async\" width=\"640\" height=\"480\" src=\"http:\/\/payra-monvillage.fr\/wp-content\/uploads\/2023\/10\/a1f48965411ed2c66853b230cb355e08.jpg\" alt=\"\" class=\"wp-image-17\" style=\"aspect-ratio:1.3333333333333333;object-fit:cover;width:674px;height:auto\" srcset=\"https:\/\/payra-monvillage.fr\/wp-content\/uploads\/2023\/10\/a1f48965411ed2c66853b230cb355e08.jpg 640w, https:\/\/payra-monvillage.fr\/wp-content\/uploads\/2023\/10\/a1f48965411ed2c66853b230cb355e08-300x225.jpg 300w\" sizes=\"auto, (max-width: 640px) 100vw, 640px\" \/><\/figure>\n\n\n\n<p>L&rsquo;origine de Payra sur l&rsquo;hers remonte au IXe si\u00e8cle. <br>C&rsquo;\u00e9tait une ch\u00e2teau fort avec \u00e9glise et couvent, entour\u00e9s de murs et de foss\u00e9s. Il dominait le vieux bourg qui s&rsquo;\u00e9tendait alors sur l&#8217;emplacement du parc actuel. <\/p>\n\n\n\n<p class=\"has-small-font-size\">(D&rsquo;apr\u00e8s les notes de l&rsquo;Instituteur P. Caunes \u00e9crites le 23 novembre 1913.)<\/p>\n\n\n\n<p><strong>\u00e0 l&rsquo;\u00e9poque de la pr\u00e9histoire<\/strong><\/p>\n\n\n\n<p>Des salles qui communiquent entre elles par d&rsquo;\u00e9troits corridors furent d\u00e9couvertes par un laboureur. Le propri\u00e9taire du lieu fit continuer les fouilles Ces salles mesurent environ 4 \u00e0 5 m de long sur 2m 20 de large et 2m 10 de haut. Elles sont creus\u00e9es de main d&rsquo;homme dans le tuf argileux. La couche de terre qui les recouvre est d&rsquo;environ un m\u00e8tre. Elles communiquent avec l&rsquo;ext\u00e9rieur par un seul passage qui est un escalier taill\u00e9 dans le tuf, non visible avant les fouilles. Du cot\u00e9 int\u00e9rieur on remarque de chaque c\u00f4t\u00e9 une entaille dans la paroi, qui a d\u00fb recevoir les chambranles grossiers d&rsquo;une porte, ce qui tendrait \u00e0 prouver que cette caverne artificielle a \u00e9t\u00e9 \u00e0 une \u00e9poque r\u00e9cente, habit\u00e9e du moins momentan\u00e9ment. Par exemple pendant les guerres de religion pour servir de refuge. Un membre de la Soci\u00e9t\u00e9 des arts et sciences de Carcassonne qui est venu visiter la grotte en a conclu que ces grottes artificielles qu&rsquo;il disait s\u00e9pulcrales, remontent \u00e0 la p\u00e9riode pr\u00e9historique.<\/p>\n\n\n\n<p class=\"has-small-font-size\">Remarque : aujourd&rsquo;hui elles ne sont pas visibles parce que les fermiers en ont maladroitement combl\u00e9 l&rsquo;entr\u00e9e. Mais il suffirait d&rsquo;enlever quelques brouett\u00e9es de terres. <br>P. Caune donne la situation pr\u00e9cise: dans un champs au sud ouest de la ferme, \u00e0 50 m de la mare\u2026<\/p>\n\n\n\n<p><strong>La domination Arabe :<\/strong><\/p>\n\n\n\n<p>elle a laiss\u00e9 de nombreuses traces dans les sous sols de maisons : silos, dont beaucoup sont \u00e0 demi d\u00e9truits, dans le tuf.<\/p>\n\n\n\n<p class=\"has-small-font-size\">Voir maison Anglade, Combes , ruines de Gafalot.<\/p>\n\n\n\n<p><strong>L&rsquo;origine de Payra remonte au IX\u00e8me si\u00e8cle.<\/strong><\/p>\n\n\n\n<p>C&rsquo;\u00e9tait un ch\u00e2teau fort avec une \u00e9glise et un couvent entour\u00e9s de murs et de foss\u00e9s.<br>Il dominait le vieux bourg qui s&rsquo;\u00e9tendait alors sur l&#8217;emplacement du parc actuel, o\u00f9 se trouvent une aire de jeux, un terrain de foot ball et de tennis, un barbecue et de nombreux arbres fruitiers.<\/p>\n\n\n\n<p>Le ch\u00e2teau actuel est le m\u00eame que celui de l&rsquo;\u00e9poque f\u00e9odale, mais il fut cependant remani\u00e9, \u00e9chauguette \u00e0 l&rsquo;angle nord ouest; dans la cour la tour de d\u00e9fense ayant servi plus tard de pigeonnier.<\/p>\n\n\n\n<figure class=\"wp-block-gallery has-nested-images columns-default is-cropped wp-block-gallery-1 is-layout-flex wp-block-gallery-is-layout-flex\">\n<figure class=\"wp-block-image size-large\"><img loading=\"lazy\" decoding=\"async\" width=\"480\" height=\"640\" data-id=\"19\" src=\"http:\/\/payra-monvillage.fr\/wp-content\/uploads\/2023\/10\/f5977a00869313e2ce17254fa43ca604.jpg\" alt=\"\" class=\"wp-image-19\" srcset=\"https:\/\/payra-monvillage.fr\/wp-content\/uploads\/2023\/10\/f5977a00869313e2ce17254fa43ca604.jpg 480w, https:\/\/payra-monvillage.fr\/wp-content\/uploads\/2023\/10\/f5977a00869313e2ce17254fa43ca604-225x300.jpg 225w\" sizes=\"auto, (max-width: 480px) 100vw, 480px\" \/><\/figure>\n\n\n\n<figure class=\"wp-block-image size-large\"><img loading=\"lazy\" decoding=\"async\" width=\"640\" height=\"480\" data-id=\"14\" src=\"http:\/\/payra-monvillage.fr\/wp-content\/uploads\/2023\/10\/53f9966eadd10d2ab91f460c8749bdec.jpg\" alt=\"\" class=\"wp-image-14\" srcset=\"https:\/\/payra-monvillage.fr\/wp-content\/uploads\/2023\/10\/53f9966eadd10d2ab91f460c8749bdec.jpg 640w, https:\/\/payra-monvillage.fr\/wp-content\/uploads\/2023\/10\/53f9966eadd10d2ab91f460c8749bdec-300x225.jpg 300w\" sizes=\"auto, (max-width: 640px) 100vw, 640px\" \/><\/figure>\n<\/figure>\n\n\n\n<p>Remani\u00e9 vers la fin du XVI\u00e8me si\u00e8cle par Marguerite de Valois , qui en fit une superbe r\u00e9sidence et un rendez-vous de chasse. Les environs de l&rsquo;\u00e9glise et du Ch\u00e2teau sont encore d\u00e9sign\u00e9s : le quartier de la Reine. On voit pr\u00e8s du village le petit et le grand champs de la Reine.<\/p>\n\n\n\n<p>La seigneurie de Payra appartenait, \u00e0 cette \u00e9poque, \u00e0 la Maison de Marion. Raymond de Marion avait \u00e9t\u00e9 fermier g\u00e9n\u00e9ral ( 1558-1562) de Catherine de M\u00e9dicis, comtesse du Lauragais, m\u00e8re de Marguerite de Valois, Jacques de Marion \u00e9tait en 1584 gouverneur de Montr\u00e9al pour le service du roi de Navarre Henri IV.<\/p>\n\n\n\n<p>En 1592, cette seigneurie passa, par alliance, dans la Maison de Capriol.<\/p>\n\n\n\n<p>Le Ch\u00e2teau de Payra et les terres qui en d\u00e9pendent \u00e9taient (1910) poss\u00e9d\u00e9s par M.le Vicomte d&rsquo;Ex\u00e9a, par suite du mariage en 1839, de son p\u00e8re, avec Mlle de Capriol derni\u00e8re h\u00e9riti\u00e8re du nom.<\/p>\n\n\n\n<p>Le Ch\u00e2teau fut restaur\u00e9 avec go\u00fbt et bien conserv\u00e9 d\u00e9but 20\u00e8me si\u00e8cle, avec une fa\u00e7ade style Renaissance, et un parc ombrag\u00e9. Il poss\u00e8de de belles salles avec des chemin\u00e9es monumentales, et un large escalier en pierre, surmont\u00e9 d&rsquo;un d\u00f4me, d&rsquo;un oratoire vout\u00e9 aux fines nervures ogivales sculpt\u00e9es. Dans la cour une ancienne tour de d\u00e9fense servait de pigeonnier.<\/p>\n\n\n\n<p>Le Ch\u00e2teau fut ensuite acquis par un riche propri\u00e9taire terrien M. Espitalier qui le laissa pendant de nombreuses ann\u00e9es \u00e0 l&rsquo;abandon, avant qu&rsquo;une nouvelle famille entreprenne une restauration.<\/p>\n\n\n\n<figure class=\"wp-block-image size-full\"><img loading=\"lazy\" decoding=\"async\" width=\"1024\" height=\"768\" src=\"http:\/\/payra-monvillage.fr\/wp-content\/uploads\/2023\/10\/65d101febf494dcdc79fbbf0f7f6877a.jpg\" alt=\"\" class=\"wp-image-15\" srcset=\"https:\/\/payra-monvillage.fr\/wp-content\/uploads\/2023\/10\/65d101febf494dcdc79fbbf0f7f6877a.jpg 1024w, https:\/\/payra-monvillage.fr\/wp-content\/uploads\/2023\/10\/65d101febf494dcdc79fbbf0f7f6877a-300x225.jpg 300w, https:\/\/payra-monvillage.fr\/wp-content\/uploads\/2023\/10\/65d101febf494dcdc79fbbf0f7f6877a-768x576.jpg 768w\" sizes=\"auto, (max-width: 767px) 89vw, (max-width: 1000px) 54vw, (max-width: 1071px) 543px, 580px\" \/><\/figure>\n\n\n\n<p>Des membres de la Soci\u00e9t\u00e9 d&rsquo;\u00e9tudes scientifiques de l&rsquo;Aude firent une excursion sur les terres du Lauragais au mois de juillet 1901 et Monsieur Henry Mullot r\u00e9digea le compte rendu de cette journ\u00e9e qui comportait la visite de plusieurs ch\u00e2teaux, notamment celui de Payra.<\/p>\n\n\n\n<figure class=\"wp-block-gallery has-nested-images columns-default is-cropped wp-block-gallery-2 is-layout-flex wp-block-gallery-is-layout-flex\">\n<figure class=\"wp-block-image size-large\"><img loading=\"lazy\" decoding=\"async\" width=\"480\" height=\"640\" data-id=\"3193\" src=\"https:\/\/payra-monvillage.fr\/wp-content\/uploads\/2023\/12\/19-18.jpg\" alt=\"\" class=\"wp-image-3193\" srcset=\"https:\/\/payra-monvillage.fr\/wp-content\/uploads\/2023\/12\/19-18.jpg 480w, https:\/\/payra-monvillage.fr\/wp-content\/uploads\/2023\/12\/19-18-225x300.jpg 225w\" sizes=\"auto, (max-width: 480px) 100vw, 480px\" \/><\/figure>\n<\/figure>\n\n\n\n<p>\u00ab\u00a0La porte d&rsquo;entr\u00e9e a gard\u00e9 son style et son ornementation mais la pierre en est si friable et si tendre que les motifs sculpturaux commencent \u00e0 dispara\u00eetre. Le ch\u00e2teau qui est \u00e0 peu de distance de l&rsquo;\u00e9glise occupe le point culminant du village.<\/p>\n\n\n\n<p>Sa facade principale expos\u00e9e au midi appartient au style Renaissance. Sa construction pourrait \u00eatre fix\u00e9e \u00e0 la fin de la premi\u00e8re moiti\u00e9 du XVI\u00e8me si\u00e8cle ou au commencement de l&rsquo;autre moiti\u00e9.<\/p>\n\n\n\n<p>L&rsquo;orientation de ses fen\u00eatres \u00e0 meneaux est la m\u00eame que celle des fen\u00eatres du premier \u00e9tage du ch\u00e2teau de Marquein, dont la date est connue.<\/p>\n\n\n\n<p>Par contre il y a absence ici de tout moyen de d\u00e9fenses. Faut il voir dans ce fait que la fa\u00e7ade a \u00e9t\u00e9 construite&nbsp;\u00e0 une \u00e9poque de paix? Dans ce cas sa construction aurait pr\u00e9c\u00e9d\u00e9 la premi\u00e8re prise d&rsquo;armes des protestants qui eut lieu dans notre Lauragais en mai 1562.&nbsp;<\/p>\n\n\n\n<p>Il se peut encore que les tours de d\u00e9fenses aient exist\u00e9 et aient \u00e9t\u00e9 d\u00e9truites plus tard sans laisser de traces apparentes, pendant ou \u00e0 la suite des guerres de religion, auxquelles prirent une grande part les Seigneurs Huguenots de Payra.<\/p>\n\n\n\n<p>Devant le ch\u00e2teau est trac\u00e9 un beau parc dont les all\u00e9es bord\u00e9es d&rsquo;arbres s\u00e9culaires conduisent \u00e0 la route qui relie Fanjeaux \u00e0 Saint Michel de Lan\u00e8s.\u00a0\u00bb<\/p>\n\n\n\n<figure class=\"wp-block-gallery has-nested-images columns-default is-cropped wp-block-gallery-3 is-layout-flex wp-block-gallery-is-layout-flex\">\n<figure class=\"wp-block-image size-large\"><img loading=\"lazy\" decoding=\"async\" width=\"594\" height=\"446\" data-id=\"3194\" src=\"https:\/\/payra-monvillage.fr\/wp-content\/uploads\/2023\/12\/20-17.jpg\" alt=\"\" class=\"wp-image-3194\" srcset=\"https:\/\/payra-monvillage.fr\/wp-content\/uploads\/2023\/12\/20-17.jpg 594w, https:\/\/payra-monvillage.fr\/wp-content\/uploads\/2023\/12\/20-17-300x225.jpg 300w\" sizes=\"auto, (max-width: 594px) 100vw, 594px\" \/><\/figure>\n<\/figure>\n\n\n\n<figure class=\"wp-block-gallery has-nested-images columns-default is-cropped wp-block-gallery-4 is-layout-flex wp-block-gallery-is-layout-flex\">\n<figure class=\"wp-block-image size-large\"><img loading=\"lazy\" decoding=\"async\" width=\"480\" height=\"640\" data-id=\"3196\" src=\"https:\/\/payra-monvillage.fr\/wp-content\/uploads\/2023\/12\/21-15.jpg\" alt=\"\" class=\"wp-image-3196\" srcset=\"https:\/\/payra-monvillage.fr\/wp-content\/uploads\/2023\/12\/21-15.jpg 480w, https:\/\/payra-monvillage.fr\/wp-content\/uploads\/2023\/12\/21-15-225x300.jpg 225w\" sizes=\"auto, (max-width: 480px) 100vw, 480px\" \/><\/figure>\n\n\n\n<figure class=\"wp-block-image size-large\"><img loading=\"lazy\" decoding=\"async\" width=\"480\" height=\"640\" data-id=\"3195\" src=\"https:\/\/payra-monvillage.fr\/wp-content\/uploads\/2023\/12\/22-16.jpg\" alt=\"\" class=\"wp-image-3195\" srcset=\"https:\/\/payra-monvillage.fr\/wp-content\/uploads\/2023\/12\/22-16.jpg 480w, https:\/\/payra-monvillage.fr\/wp-content\/uploads\/2023\/12\/22-16-225x300.jpg 225w\" sizes=\"auto, (max-width: 480px) 100vw, 480px\" \/><\/figure>\n<\/figure>\n\n\n\n<p>Du c\u00f4t\u00e9 nord on acc\u00e8de au ch\u00e2teau par un grand portail donnant sur une cour, autour de la quelle sont \u00e9difi\u00e9es les b\u00e2tisses rurales.<\/p>\n\n\n\n<p>L&rsquo;une d&rsquo;elles porte un cadran solaire sur lequel on lit l&rsquo;inscription suivante, dont le caract\u00e8re d\u00e9mocratique et social ne saurait nous \u00e9chapper:<\/p>\n\n\n\n<h2 class=\"wp-block-heading\">\u00ab\u00a0Le soleil luit pour tout le monde\u00a0\u00bb.<\/h2>\n\n\n\n<figure class=\"wp-block-image size-full\"><img loading=\"lazy\" decoding=\"async\" width=\"833\" height=\"681\" src=\"https:\/\/payra-monvillage.fr\/wp-content\/uploads\/2023\/12\/23-16.jpg\" alt=\"\" class=\"wp-image-3197\" srcset=\"https:\/\/payra-monvillage.fr\/wp-content\/uploads\/2023\/12\/23-16.jpg 833w, https:\/\/payra-monvillage.fr\/wp-content\/uploads\/2023\/12\/23-16-300x245.jpg 300w, https:\/\/payra-monvillage.fr\/wp-content\/uploads\/2023\/12\/23-16-768x628.jpg 768w\" sizes=\"auto, (max-width: 767px) 89vw, (max-width: 1000px) 54vw, (max-width: 1071px) 543px, 580px\" \/><\/figure>\n\n\n\n<p>\u00a0\u00bb Dans l&rsquo;int\u00e9rieur du ch\u00e2teau on peut admirer (?) une belle chemin\u00e9e sur laquelle&nbsp;<\/p>\n\n\n\n<p>au milieu d&rsquo;un champ parsem\u00e9 de lis, on voit un dauphin surmont\u00e9 d&rsquo;une couronne de marquis, embl\u00e8me qui rappellent une des Maisons qui ont&nbsp;poss\u00e9d\u00e9 la Seigneurie de Payra.<\/p>\n\n\n\n<p>En&nbsp;effet la famille de Marion originaire de Fanjeaux qui a tenu cette seigneurie&nbsp;et le ch\u00e2teau d\u00e8s le milieu du XVI\u00e8me si\u00e8cle, portait&nbsp;<\/p>\n\n\n\n<p>&#8211; d&rsquo;azur \u00e0 une mer (mar)&nbsp;agit\u00e9e d&rsquo;argent sur laquelle un dauphin, nageant de sinople charg\u00e9 d&rsquo;un chef de gueules \u00e0&nbsp;une \u00e9toile d&rsquo;argent (Armorial&nbsp;d&rsquo;Hozier).<\/p>\n","protected":false},"excerpt":{"rendered":"<p>L&rsquo;origine de Payra sur l&rsquo;hers remonte au IXe si\u00e8cle. C&rsquo;\u00e9tait une ch\u00e2teau fort avec \u00e9glise et couvent, entour\u00e9s de murs et de foss\u00e9s. Il dominait le vieux bourg qui s&rsquo;\u00e9tendait alors sur l&#8217;emplacement du parc actuel. (D&rsquo;apr\u00e8s les notes de l&rsquo;Instituteur P. Caunes \u00e9crites le 23 novembre 1913.) \u00e0 l&rsquo;\u00e9poque de la pr\u00e9histoire Des salles &hellip; <\/p>\n<p class=\"link-more\"><a href=\"https:\/\/payra-monvillage.fr\/index.php\/lhistoire\/\" class=\"more-link\">Continuer la lecture<span class=\"screen-reader-text\"> de &laquo;&nbsp;L&rsquo;histoire&nbsp;&raquo;<\/span><\/a><\/p>\n","protected":false},"author":1,"featured_media":0,"parent":0,"menu_order":0,"comment_status":"closed","ping_status":"closed","template":"","meta":{"footnotes":""},"class_list":["post-26","page","type-page","status-publish","hentry"],"_links":{"self":[{"href":"https:\/\/payra-monvillage.fr\/index.php\/wp-json\/wp\/v2\/pages\/26","targetHints":{"allow":["GET"]}}],"collection":[{"href":"https:\/\/payra-monvillage.fr\/index.php\/wp-json\/wp\/v2\/pages"}],"about":[{"href":"https:\/\/payra-monvillage.fr\/index.php\/wp-json\/wp\/v2\/types\/page"}],"author":[{"embeddable":true,"href":"https:\/\/payra-monvillage.fr\/index.php\/wp-json\/wp\/v2\/users\/1"}],"replies":[{"embeddable":true,"href":"https:\/\/payra-monvillage.fr\/index.php\/wp-json\/wp\/v2\/comments?post=26"}],"version-history":[{"count":4,"href":"https:\/\/payra-monvillage.fr\/index.php\/wp-json\/wp\/v2\/pages\/26\/revisions"}],"predecessor-version":[{"id":3198,"href":"https:\/\/payra-monvillage.fr\/index.php\/wp-json\/wp\/v2\/pages\/26\/revisions\/3198"}],"wp:attachment":[{"href":"https:\/\/payra-monvillage.fr\/index.php\/wp-json\/wp\/v2\/media?parent=26"}],"curies":[{"name":"wp","href":"https:\/\/api.w.org\/{rel}","templated":true}]}}