{"id":2055,"date":"2023-12-04T18:59:39","date_gmt":"2023-12-04T17:59:39","guid":{"rendered":"https:\/\/payra-monvillage.fr\/?page_id=2055"},"modified":"2023-12-04T18:59:39","modified_gmt":"2023-12-04T17:59:39","slug":"mechoui-2017","status":"publish","type":"page","link":"https:\/\/payra-monvillage.fr\/index.php\/mechoui-2017\/","title":{"rendered":"MECHOUI 2017\u00a0"},"content":{"rendered":"\n<h1 class=\"wp-block-heading\">R\u00e9union Mardi 2 Mai 2017&nbsp;<\/h1>\n\n\n\n<figure class=\"wp-block-gallery has-nested-images columns-default is-cropped wp-block-gallery-1 is-layout-flex wp-block-gallery-is-layout-flex\">\n<figure class=\"wp-block-image size-large\"><img loading=\"lazy\" decoding=\"async\" width=\"640\" height=\"480\" data-id=\"2056\" src=\"https:\/\/payra-monvillage.fr\/wp-content\/uploads\/2023\/12\/1-3.jpg\" alt=\"\" class=\"wp-image-2056\" srcset=\"https:\/\/payra-monvillage.fr\/wp-content\/uploads\/2023\/12\/1-3.jpg 640w, https:\/\/payra-monvillage.fr\/wp-content\/uploads\/2023\/12\/1-3-300x225.jpg 300w\" sizes=\"auto, (max-width: 640px) 100vw, 640px\" \/><\/figure>\n\n\n\n<figure class=\"wp-block-image size-large\"><img loading=\"lazy\" decoding=\"async\" width=\"640\" height=\"480\" data-id=\"2057\" src=\"https:\/\/payra-monvillage.fr\/wp-content\/uploads\/2023\/12\/2-3.jpg\" alt=\"\" class=\"wp-image-2057\" srcset=\"https:\/\/payra-monvillage.fr\/wp-content\/uploads\/2023\/12\/2-3.jpg 640w, https:\/\/payra-monvillage.fr\/wp-content\/uploads\/2023\/12\/2-3-300x225.jpg 300w\" sizes=\"auto, (max-width: 640px) 100vw, 640px\" \/><\/figure>\n\n\n\n<figure class=\"wp-block-image size-large\"><img loading=\"lazy\" decoding=\"async\" width=\"640\" height=\"480\" data-id=\"2058\" src=\"https:\/\/payra-monvillage.fr\/wp-content\/uploads\/2023\/12\/3-3.jpg\" alt=\"\" class=\"wp-image-2058\" srcset=\"https:\/\/payra-monvillage.fr\/wp-content\/uploads\/2023\/12\/3-3.jpg 640w, https:\/\/payra-monvillage.fr\/wp-content\/uploads\/2023\/12\/3-3-300x225.jpg 300w\" sizes=\"auto, (max-width: 640px) 100vw, 640px\" \/><\/figure>\n<\/figure>\n\n\n\n<h2 class=\"wp-block-heading\">M\u00e9choui 2017<br>\u00a0Samedi 10 juin 2017<\/h2>\n\n\n\n<figure class=\"wp-block-gallery has-nested-images columns-default is-cropped wp-block-gallery-2 is-layout-flex wp-block-gallery-is-layout-flex\">\n<figure class=\"wp-block-image size-large\"><img loading=\"lazy\" decoding=\"async\" width=\"640\" height=\"480\" data-id=\"2059\" src=\"https:\/\/payra-monvillage.fr\/wp-content\/uploads\/2023\/12\/35-1.jpg\" alt=\"\" class=\"wp-image-2059\" srcset=\"https:\/\/payra-monvillage.fr\/wp-content\/uploads\/2023\/12\/35-1.jpg 640w, https:\/\/payra-monvillage.fr\/wp-content\/uploads\/2023\/12\/35-1-300x225.jpg 300w\" sizes=\"auto, (max-width: 640px) 100vw, 640px\" \/><\/figure>\n<\/figure>\n\n\n\n<figure class=\"wp-block-gallery has-nested-images columns-default is-cropped wp-block-gallery-3 is-layout-flex wp-block-gallery-is-layout-flex\">\n<figure class=\"wp-block-image size-large\"><img loading=\"lazy\" decoding=\"async\" width=\"480\" height=\"640\" data-id=\"2060\" src=\"https:\/\/payra-monvillage.fr\/wp-content\/uploads\/2023\/12\/34-1.jpg\" alt=\"\" class=\"wp-image-2060\" srcset=\"https:\/\/payra-monvillage.fr\/wp-content\/uploads\/2023\/12\/34-1.jpg 480w, https:\/\/payra-monvillage.fr\/wp-content\/uploads\/2023\/12\/34-1-225x300.jpg 225w\" sizes=\"auto, (max-width: 480px) 100vw, 480px\" \/><\/figure>\n\n\n\n<figure class=\"wp-block-image size-large\"><img loading=\"lazy\" decoding=\"async\" width=\"480\" height=\"640\" data-id=\"2061\" src=\"https:\/\/payra-monvillage.fr\/wp-content\/uploads\/2023\/12\/36-1.jpg\" alt=\"\" class=\"wp-image-2061\" srcset=\"https:\/\/payra-monvillage.fr\/wp-content\/uploads\/2023\/12\/36-1.jpg 480w, https:\/\/payra-monvillage.fr\/wp-content\/uploads\/2023\/12\/36-1-225x300.jpg 225w\" sizes=\"auto, (max-width: 480px) 100vw, 480px\" \/><\/figure>\n<\/figure>\n\n\n\n<p>La journ\u00e9e du m\u00e9choui 2017 a \u00e9t\u00e9 comme les ann\u00e9es pr\u00e9c\u00e9dentes un succ\u00e8s avec des animations vari\u00e9es et surtout un repas copieux et d\u00e9licieux.<\/p>\n\n\n\n<p>pour nos cuisiniers il y eut beaucoup de travail pour satisfaire plus de 130 personnes.&nbsp;<\/p>\n\n\n\n<figure class=\"wp-block-gallery has-nested-images columns-default is-cropped wp-block-gallery-4 is-layout-flex wp-block-gallery-is-layout-flex\">\n<figure class=\"wp-block-image size-large\"><img loading=\"lazy\" decoding=\"async\" width=\"640\" height=\"480\" data-id=\"2062\" src=\"https:\/\/payra-monvillage.fr\/wp-content\/uploads\/2023\/12\/31-2.jpg\" alt=\"\" class=\"wp-image-2062\" srcset=\"https:\/\/payra-monvillage.fr\/wp-content\/uploads\/2023\/12\/31-2.jpg 640w, https:\/\/payra-monvillage.fr\/wp-content\/uploads\/2023\/12\/31-2-300x225.jpg 300w\" sizes=\"auto, (max-width: 640px) 100vw, 640px\" \/><\/figure>\n\n\n\n<figure class=\"wp-block-image size-large\"><img loading=\"lazy\" decoding=\"async\" width=\"480\" height=\"640\" data-id=\"2063\" src=\"https:\/\/payra-monvillage.fr\/wp-content\/uploads\/2023\/12\/32-1.jpg\" alt=\"\" class=\"wp-image-2063\" srcset=\"https:\/\/payra-monvillage.fr\/wp-content\/uploads\/2023\/12\/32-1.jpg 480w, https:\/\/payra-monvillage.fr\/wp-content\/uploads\/2023\/12\/32-1-225x300.jpg 225w\" sizes=\"auto, (max-width: 480px) 100vw, 480px\" \/><\/figure>\n\n\n\n<figure class=\"wp-block-image size-large\"><img loading=\"lazy\" decoding=\"async\" width=\"640\" height=\"480\" data-id=\"2064\" src=\"https:\/\/payra-monvillage.fr\/wp-content\/uploads\/2023\/12\/33-1.jpg\" alt=\"\" class=\"wp-image-2064\" srcset=\"https:\/\/payra-monvillage.fr\/wp-content\/uploads\/2023\/12\/33-1.jpg 640w, https:\/\/payra-monvillage.fr\/wp-content\/uploads\/2023\/12\/33-1-300x225.jpg 300w\" sizes=\"auto, (max-width: 640px) 100vw, 640px\" \/><\/figure>\n<\/figure>\n\n\n\n<p><span style=\"color: rgb(0, 0, 0); font-family: &quot;Times New Roman&quot;; font-size: medium; font-style: normal; font-variant-ligatures: normal; font-variant-caps: normal; font-weight: 400; letter-spacing: normal; orphans: 2; text-align: start; text-indent: 0px; text-transform: none; widows: 2; word-spacing: 0px; -webkit-text-stroke-width: 0px; white-space: normal; text-decoration-thickness: initial; text-decoration-style: initial; text-decoration-color: initial; display: inline !important; float: none;\">De jolis bouquet de fleurs confectionn\u00e9s par Lulu, Martine et Roseline ornaient les tables.<\/span><\/p>\n\n\n\n<figure class=\"wp-block-gallery has-nested-images columns-default is-cropped wp-block-gallery-5 is-layout-flex wp-block-gallery-is-layout-flex\">\n<figure class=\"wp-block-image size-large\"><img loading=\"lazy\" decoding=\"async\" width=\"640\" height=\"480\" data-id=\"2065\" src=\"https:\/\/payra-monvillage.fr\/wp-content\/uploads\/2023\/12\/28-2.jpg\" alt=\"\" class=\"wp-image-2065\" srcset=\"https:\/\/payra-monvillage.fr\/wp-content\/uploads\/2023\/12\/28-2.jpg 640w, https:\/\/payra-monvillage.fr\/wp-content\/uploads\/2023\/12\/28-2-300x225.jpg 300w\" sizes=\"auto, (max-width: 640px) 100vw, 640px\" \/><\/figure>\n\n\n\n<figure class=\"wp-block-image size-large\"><img loading=\"lazy\" decoding=\"async\" width=\"640\" height=\"480\" data-id=\"2066\" src=\"https:\/\/payra-monvillage.fr\/wp-content\/uploads\/2023\/12\/29-2.jpg\" alt=\"\" class=\"wp-image-2066\" srcset=\"https:\/\/payra-monvillage.fr\/wp-content\/uploads\/2023\/12\/29-2.jpg 640w, https:\/\/payra-monvillage.fr\/wp-content\/uploads\/2023\/12\/29-2-300x225.jpg 300w\" sizes=\"auto, (max-width: 640px) 100vw, 640px\" \/><\/figure>\n\n\n\n<figure class=\"wp-block-image size-large\"><img loading=\"lazy\" decoding=\"async\" width=\"640\" height=\"480\" data-id=\"2067\" src=\"https:\/\/payra-monvillage.fr\/wp-content\/uploads\/2023\/12\/30-2.jpg\" alt=\"\" class=\"wp-image-2067\" srcset=\"https:\/\/payra-monvillage.fr\/wp-content\/uploads\/2023\/12\/30-2.jpg 640w, https:\/\/payra-monvillage.fr\/wp-content\/uploads\/2023\/12\/30-2-300x225.jpg 300w\" sizes=\"auto, (max-width: 640px) 100vw, 640px\" \/><\/figure>\n<\/figure>\n\n\n\n<p>Moment des retrouvailles autour de la table pour l&rsquo;ap\u00e9ritif. Tandis que nos a\u00een\u00e9s sont confortablement install\u00e9s.<\/p>\n\n\n\n<figure class=\"wp-block-gallery has-nested-images columns-default is-cropped wp-block-gallery-6 is-layout-flex wp-block-gallery-is-layout-flex\">\n<figure class=\"wp-block-image size-large\"><img loading=\"lazy\" decoding=\"async\" width=\"640\" height=\"480\" data-id=\"2068\" src=\"https:\/\/payra-monvillage.fr\/wp-content\/uploads\/2023\/12\/26-4.jpg\" alt=\"\" class=\"wp-image-2068\" srcset=\"https:\/\/payra-monvillage.fr\/wp-content\/uploads\/2023\/12\/26-4.jpg 640w, https:\/\/payra-monvillage.fr\/wp-content\/uploads\/2023\/12\/26-4-300x225.jpg 300w\" sizes=\"auto, (max-width: 640px) 100vw, 640px\" \/><\/figure>\n\n\n\n<figure class=\"wp-block-image size-large\"><img loading=\"lazy\" decoding=\"async\" width=\"640\" height=\"480\" data-id=\"2069\" src=\"https:\/\/payra-monvillage.fr\/wp-content\/uploads\/2023\/12\/27-4.jpg\" alt=\"\" class=\"wp-image-2069\" srcset=\"https:\/\/payra-monvillage.fr\/wp-content\/uploads\/2023\/12\/27-4.jpg 640w, https:\/\/payra-monvillage.fr\/wp-content\/uploads\/2023\/12\/27-4-300x225.jpg 300w\" sizes=\"auto, (max-width: 640px) 100vw, 640px\" \/><\/figure>\n<\/figure>\n\n\n\n<p>Lulu, la Pr\u00e9sidente du club remercie tous les participants et nous souhaite de passer une agr\u00e9able apr\u00e8s midi.<\/p>\n\n\n\n<figure class=\"wp-block-gallery has-nested-images columns-default is-cropped wp-block-gallery-7 is-layout-flex wp-block-gallery-is-layout-flex\">\n<figure class=\"wp-block-image size-large\"><img loading=\"lazy\" decoding=\"async\" width=\"480\" height=\"640\" data-id=\"2070\" src=\"https:\/\/payra-monvillage.fr\/wp-content\/uploads\/2023\/12\/25-4.jpg\" alt=\"\" class=\"wp-image-2070\" srcset=\"https:\/\/payra-monvillage.fr\/wp-content\/uploads\/2023\/12\/25-4.jpg 480w, https:\/\/payra-monvillage.fr\/wp-content\/uploads\/2023\/12\/25-4-225x300.jpg 225w\" sizes=\"auto, (max-width: 480px) 100vw, 480px\" \/><\/figure>\n<\/figure>\n\n\n\n<figure class=\"wp-block-gallery has-nested-images columns-default is-cropped wp-block-gallery-8 is-layout-flex wp-block-gallery-is-layout-flex\">\n<figure class=\"wp-block-image size-large\"><img loading=\"lazy\" decoding=\"async\" width=\"640\" height=\"480\" data-id=\"2071\" src=\"https:\/\/payra-monvillage.fr\/wp-content\/uploads\/2023\/12\/22-4.jpg\" alt=\"\" class=\"wp-image-2071\" srcset=\"https:\/\/payra-monvillage.fr\/wp-content\/uploads\/2023\/12\/22-4.jpg 640w, https:\/\/payra-monvillage.fr\/wp-content\/uploads\/2023\/12\/22-4-300x225.jpg 300w\" sizes=\"auto, (max-width: 640px) 100vw, 640px\" \/><\/figure>\n\n\n\n<figure class=\"wp-block-image size-large\"><img loading=\"lazy\" decoding=\"async\" width=\"480\" height=\"640\" data-id=\"2072\" src=\"https:\/\/payra-monvillage.fr\/wp-content\/uploads\/2023\/12\/23-4.jpg\" alt=\"\" class=\"wp-image-2072\" srcset=\"https:\/\/payra-monvillage.fr\/wp-content\/uploads\/2023\/12\/23-4.jpg 480w, https:\/\/payra-monvillage.fr\/wp-content\/uploads\/2023\/12\/23-4-225x300.jpg 225w\" sizes=\"auto, (max-width: 480px) 100vw, 480px\" \/><\/figure>\n\n\n\n<figure class=\"wp-block-image size-large\"><img loading=\"lazy\" decoding=\"async\" width=\"640\" height=\"480\" data-id=\"2073\" src=\"https:\/\/payra-monvillage.fr\/wp-content\/uploads\/2023\/12\/24-5.jpg\" alt=\"\" class=\"wp-image-2073\" srcset=\"https:\/\/payra-monvillage.fr\/wp-content\/uploads\/2023\/12\/24-5.jpg 640w, https:\/\/payra-monvillage.fr\/wp-content\/uploads\/2023\/12\/24-5-300x225.jpg 300w\" sizes=\"auto, (max-width: 640px) 100vw, 640px\" \/><\/figure>\n<\/figure>\n\n\n\n<p>C&rsquo;est parti pour un service impeccable des nombreux b\u00e9n\u00e9voles.\u00a0<\/p>\n\n\n\n<figure class=\"wp-block-gallery has-nested-images columns-default is-cropped wp-block-gallery-9 is-layout-flex wp-block-gallery-is-layout-flex\">\n<figure class=\"wp-block-image size-large\"><img loading=\"lazy\" decoding=\"async\" width=\"640\" height=\"480\" data-id=\"2074\" src=\"https:\/\/payra-monvillage.fr\/wp-content\/uploads\/2023\/12\/19-4.jpg\" alt=\"\" class=\"wp-image-2074\" srcset=\"https:\/\/payra-monvillage.fr\/wp-content\/uploads\/2023\/12\/19-4.jpg 640w, https:\/\/payra-monvillage.fr\/wp-content\/uploads\/2023\/12\/19-4-300x225.jpg 300w\" sizes=\"auto, (max-width: 640px) 100vw, 640px\" \/><\/figure>\n\n\n\n<figure class=\"wp-block-image size-large\"><img loading=\"lazy\" decoding=\"async\" width=\"640\" height=\"480\" data-id=\"2075\" src=\"https:\/\/payra-monvillage.fr\/wp-content\/uploads\/2023\/12\/20-4.jpg\" alt=\"\" class=\"wp-image-2075\" srcset=\"https:\/\/payra-monvillage.fr\/wp-content\/uploads\/2023\/12\/20-4.jpg 640w, https:\/\/payra-monvillage.fr\/wp-content\/uploads\/2023\/12\/20-4-300x225.jpg 300w\" sizes=\"auto, (max-width: 640px) 100vw, 640px\" \/><\/figure>\n<\/figure>\n\n\n\n<p>Les danses peuvent commencer<\/p>\n\n\n\n<figure class=\"wp-block-gallery has-nested-images columns-default is-cropped wp-block-gallery-10 is-layout-flex wp-block-gallery-is-layout-flex\">\n<figure class=\"wp-block-image size-large\"><img loading=\"lazy\" decoding=\"async\" width=\"640\" height=\"480\" data-id=\"2076\" src=\"https:\/\/payra-monvillage.fr\/wp-content\/uploads\/2023\/12\/17-3.jpg\" alt=\"\" class=\"wp-image-2076\" srcset=\"https:\/\/payra-monvillage.fr\/wp-content\/uploads\/2023\/12\/17-3.jpg 640w, https:\/\/payra-monvillage.fr\/wp-content\/uploads\/2023\/12\/17-3-300x225.jpg 300w\" sizes=\"auto, (max-width: 640px) 100vw, 640px\" \/><\/figure>\n\n\n\n<figure class=\"wp-block-image size-large\"><img loading=\"lazy\" decoding=\"async\" width=\"640\" height=\"480\" data-id=\"2077\" src=\"https:\/\/payra-monvillage.fr\/wp-content\/uploads\/2023\/12\/18-3.jpg\" alt=\"\" class=\"wp-image-2077\" srcset=\"https:\/\/payra-monvillage.fr\/wp-content\/uploads\/2023\/12\/18-3.jpg 640w, https:\/\/payra-monvillage.fr\/wp-content\/uploads\/2023\/12\/18-3-300x225.jpg 300w\" sizes=\"auto, (max-width: 640px) 100vw, 640px\" \/><\/figure>\n<\/figure>\n\n\n\n<p>Nos cuisiniers r\u00f4tisseurs sont chaleureusement f\u00e9licit\u00e9s et applaudis.<\/p>\n\n\n\n<figure class=\"wp-block-gallery has-nested-images columns-default is-cropped wp-block-gallery-11 is-layout-flex wp-block-gallery-is-layout-flex\">\n<figure class=\"wp-block-image size-large\"><img loading=\"lazy\" decoding=\"async\" width=\"480\" height=\"640\" data-id=\"2078\" src=\"https:\/\/payra-monvillage.fr\/wp-content\/uploads\/2023\/12\/14-2.jpg\" alt=\"\" class=\"wp-image-2078\" srcset=\"https:\/\/payra-monvillage.fr\/wp-content\/uploads\/2023\/12\/14-2.jpg 480w, https:\/\/payra-monvillage.fr\/wp-content\/uploads\/2023\/12\/14-2-225x300.jpg 225w\" sizes=\"auto, (max-width: 480px) 100vw, 480px\" \/><\/figure>\n\n\n\n<figure class=\"wp-block-image size-large\"><img loading=\"lazy\" decoding=\"async\" width=\"640\" height=\"480\" data-id=\"2079\" src=\"https:\/\/payra-monvillage.fr\/wp-content\/uploads\/2023\/12\/15-4.jpg\" alt=\"\" class=\"wp-image-2079\" srcset=\"https:\/\/payra-monvillage.fr\/wp-content\/uploads\/2023\/12\/15-4.jpg 640w, https:\/\/payra-monvillage.fr\/wp-content\/uploads\/2023\/12\/15-4-300x225.jpg 300w\" sizes=\"auto, (max-width: 640px) 100vw, 640px\" \/><\/figure>\n\n\n\n<figure class=\"wp-block-image size-large\"><img loading=\"lazy\" decoding=\"async\" width=\"480\" height=\"640\" data-id=\"2080\" src=\"https:\/\/payra-monvillage.fr\/wp-content\/uploads\/2023\/12\/16-2.jpg\" alt=\"\" class=\"wp-image-2080\" srcset=\"https:\/\/payra-monvillage.fr\/wp-content\/uploads\/2023\/12\/16-2.jpg 480w, https:\/\/payra-monvillage.fr\/wp-content\/uploads\/2023\/12\/16-2-225x300.jpg 225w\" sizes=\"auto, (max-width: 480px) 100vw, 480px\" \/><\/figure>\n<\/figure>\n\n\n\n<p>Les danses alternent avec le chant, les blagues, les d\u00e9guisements, un v\u00e9ritable spectacle haut en couleurs.<\/p>\n\n\n\n<figure class=\"wp-block-gallery has-nested-images columns-default is-cropped wp-block-gallery-12 is-layout-flex wp-block-gallery-is-layout-flex\">\n<figure class=\"wp-block-image size-large\"><img loading=\"lazy\" decoding=\"async\" width=\"640\" height=\"480\" data-id=\"2081\" src=\"https:\/\/payra-monvillage.fr\/wp-content\/uploads\/2023\/12\/11-3.jpg\" alt=\"\" class=\"wp-image-2081\" srcset=\"https:\/\/payra-monvillage.fr\/wp-content\/uploads\/2023\/12\/11-3.jpg 640w, https:\/\/payra-monvillage.fr\/wp-content\/uploads\/2023\/12\/11-3-300x225.jpg 300w\" sizes=\"auto, (max-width: 640px) 100vw, 640px\" \/><\/figure>\n\n\n\n<figure class=\"wp-block-image size-large\"><img loading=\"lazy\" decoding=\"async\" width=\"480\" height=\"640\" data-id=\"2082\" src=\"https:\/\/payra-monvillage.fr\/wp-content\/uploads\/2023\/12\/12-3.jpg\" alt=\"\" class=\"wp-image-2082\" srcset=\"https:\/\/payra-monvillage.fr\/wp-content\/uploads\/2023\/12\/12-3.jpg 480w, https:\/\/payra-monvillage.fr\/wp-content\/uploads\/2023\/12\/12-3-225x300.jpg 225w\" sizes=\"auto, (max-width: 480px) 100vw, 480px\" \/><\/figure>\n\n\n\n<figure class=\"wp-block-image size-large\"><img loading=\"lazy\" decoding=\"async\" width=\"640\" height=\"480\" data-id=\"2083\" src=\"https:\/\/payra-monvillage.fr\/wp-content\/uploads\/2023\/12\/13-2.jpg\" alt=\"\" class=\"wp-image-2083\" srcset=\"https:\/\/payra-monvillage.fr\/wp-content\/uploads\/2023\/12\/13-2.jpg 640w, https:\/\/payra-monvillage.fr\/wp-content\/uploads\/2023\/12\/13-2-300x225.jpg 300w\" sizes=\"auto, (max-width: 640px) 100vw, 640px\" \/><\/figure>\n<\/figure>\n\n\n\n<figure class=\"wp-block-gallery has-nested-images columns-default is-cropped wp-block-gallery-13 is-layout-flex wp-block-gallery-is-layout-flex\">\n<figure class=\"wp-block-image size-large\"><img loading=\"lazy\" decoding=\"async\" width=\"640\" height=\"480\" data-id=\"2086\" src=\"https:\/\/payra-monvillage.fr\/wp-content\/uploads\/2023\/12\/8-3.jpg\" alt=\"\" class=\"wp-image-2086\" srcset=\"https:\/\/payra-monvillage.fr\/wp-content\/uploads\/2023\/12\/8-3.jpg 640w, https:\/\/payra-monvillage.fr\/wp-content\/uploads\/2023\/12\/8-3-300x225.jpg 300w\" sizes=\"auto, (max-width: 640px) 100vw, 640px\" \/><\/figure>\n\n\n\n<figure class=\"wp-block-image size-large\"><img loading=\"lazy\" decoding=\"async\" width=\"640\" height=\"480\" data-id=\"2084\" src=\"https:\/\/payra-monvillage.fr\/wp-content\/uploads\/2023\/12\/9-3.jpg\" alt=\"\" class=\"wp-image-2084\" srcset=\"https:\/\/payra-monvillage.fr\/wp-content\/uploads\/2023\/12\/9-3.jpg 640w, https:\/\/payra-monvillage.fr\/wp-content\/uploads\/2023\/12\/9-3-300x225.jpg 300w\" sizes=\"auto, (max-width: 640px) 100vw, 640px\" \/><\/figure>\n\n\n\n<figure class=\"wp-block-image size-large\"><img loading=\"lazy\" decoding=\"async\" width=\"640\" height=\"480\" data-id=\"2085\" src=\"https:\/\/payra-monvillage.fr\/wp-content\/uploads\/2023\/12\/10-4.jpg\" alt=\"\" class=\"wp-image-2085\" srcset=\"https:\/\/payra-monvillage.fr\/wp-content\/uploads\/2023\/12\/10-4.jpg 640w, https:\/\/payra-monvillage.fr\/wp-content\/uploads\/2023\/12\/10-4-300x225.jpg 300w\" sizes=\"auto, (max-width: 640px) 100vw, 640px\" \/><\/figure>\n<\/figure>\n\n\n\n<figure class=\"wp-block-gallery has-nested-images columns-default is-cropped wp-block-gallery-14 is-layout-flex wp-block-gallery-is-layout-flex\">\n<figure class=\"wp-block-image size-large\"><img loading=\"lazy\" decoding=\"async\" width=\"640\" height=\"480\" data-id=\"2087\" src=\"https:\/\/payra-monvillage.fr\/wp-content\/uploads\/2023\/12\/5-3.jpg\" alt=\"\" class=\"wp-image-2087\" srcset=\"https:\/\/payra-monvillage.fr\/wp-content\/uploads\/2023\/12\/5-3.jpg 640w, https:\/\/payra-monvillage.fr\/wp-content\/uploads\/2023\/12\/5-3-300x225.jpg 300w\" sizes=\"auto, (max-width: 640px) 100vw, 640px\" \/><\/figure>\n\n\n\n<figure class=\"wp-block-image size-large\"><img loading=\"lazy\" decoding=\"async\" width=\"640\" height=\"480\" data-id=\"2088\" src=\"https:\/\/payra-monvillage.fr\/wp-content\/uploads\/2023\/12\/6-4.jpg\" alt=\"\" class=\"wp-image-2088\" srcset=\"https:\/\/payra-monvillage.fr\/wp-content\/uploads\/2023\/12\/6-4.jpg 640w, https:\/\/payra-monvillage.fr\/wp-content\/uploads\/2023\/12\/6-4-300x225.jpg 300w\" sizes=\"auto, (max-width: 640px) 100vw, 640px\" \/><\/figure>\n\n\n\n<figure class=\"wp-block-image size-large\"><img loading=\"lazy\" decoding=\"async\" width=\"640\" height=\"480\" data-id=\"2089\" src=\"https:\/\/payra-monvillage.fr\/wp-content\/uploads\/2023\/12\/7-4.jpg\" alt=\"\" class=\"wp-image-2089\" srcset=\"https:\/\/payra-monvillage.fr\/wp-content\/uploads\/2023\/12\/7-4.jpg 640w, https:\/\/payra-monvillage.fr\/wp-content\/uploads\/2023\/12\/7-4-300x225.jpg 300w\" sizes=\"auto, (max-width: 640px) 100vw, 640px\" \/><\/figure>\n<\/figure>\n\n\n\n<p>Et comme toutes bonnes choses il y a une fin et c&rsquo;est avec regrets que cette belle apr\u00e8s midi s&rsquo;est termin\u00e9e.<\/p>\n\n\n\n<p>A l&rsquo;an qu\u00e9 ven.<\/p>\n","protected":false},"excerpt":{"rendered":"<p>R\u00e9union Mardi 2 Mai 2017&nbsp; M\u00e9choui 2017\u00a0Samedi 10 juin 2017 La journ\u00e9e du m\u00e9choui 2017 a \u00e9t\u00e9 comme les ann\u00e9es pr\u00e9c\u00e9dentes un succ\u00e8s avec des animations vari\u00e9es et surtout un repas copieux et d\u00e9licieux. pour nos cuisiniers il y eut beaucoup de travail pour satisfaire plus de 130 personnes.&nbsp; De jolis bouquet de fleurs confectionn\u00e9s &hellip; <\/p>\n<p class=\"link-more\"><a href=\"https:\/\/payra-monvillage.fr\/index.php\/mechoui-2017\/\" class=\"more-link\">Continuer la lecture<span class=\"screen-reader-text\"> de &laquo;&nbsp;MECHOUI 2017\u00a0&nbsp;&raquo;<\/span><\/a><\/p>\n","protected":false},"author":1,"featured_media":0,"parent":0,"menu_order":0,"comment_status":"closed","ping_status":"closed","template":"","meta":{"footnotes":""},"class_list":["post-2055","page","type-page","status-publish","hentry"],"_links":{"self":[{"href":"https:\/\/payra-monvillage.fr\/index.php\/wp-json\/wp\/v2\/pages\/2055","targetHints":{"allow":["GET"]}}],"collection":[{"href":"https:\/\/payra-monvillage.fr\/index.php\/wp-json\/wp\/v2\/pages"}],"about":[{"href":"https:\/\/payra-monvillage.fr\/index.php\/wp-json\/wp\/v2\/types\/page"}],"author":[{"embeddable":true,"href":"https:\/\/payra-monvillage.fr\/index.php\/wp-json\/wp\/v2\/users\/1"}],"replies":[{"embeddable":true,"href":"https:\/\/payra-monvillage.fr\/index.php\/wp-json\/wp\/v2\/comments?post=2055"}],"version-history":[{"count":2,"href":"https:\/\/payra-monvillage.fr\/index.php\/wp-json\/wp\/v2\/pages\/2055\/revisions"}],"predecessor-version":[{"id":2091,"href":"https:\/\/payra-monvillage.fr\/index.php\/wp-json\/wp\/v2\/pages\/2055\/revisions\/2091"}],"wp:attachment":[{"href":"https:\/\/payra-monvillage.fr\/index.php\/wp-json\/wp\/v2\/media?parent=2055"}],"curies":[{"name":"wp","href":"https:\/\/api.w.org\/{rel}","templated":true}]}}