{"id":1983,"date":"2023-12-04T09:35:42","date_gmt":"2023-12-04T08:35:42","guid":{"rendered":"https:\/\/payra-monvillage.fr\/?page_id=1983"},"modified":"2023-12-04T09:35:42","modified_gmt":"2023-12-04T08:35:42","slug":"chemins-retrouves-2016","status":"publish","type":"page","link":"https:\/\/payra-monvillage.fr\/index.php\/chemins-retrouves-2016\/","title":{"rendered":"chemins retrouv\u00e9s 2016"},"content":{"rendered":"\n<h2 class=\"wp-block-heading\">Balades autour de Payra<\/h2>\n\n\n\n<figure class=\"wp-block-image size-full\"><img loading=\"lazy\" decoding=\"async\" width=\"842\" height=\"595\" src=\"https:\/\/payra-monvillage.fr\/wp-content\/uploads\/2023\/12\/49.jpg\" alt=\"\" class=\"wp-image-1984\" srcset=\"https:\/\/payra-monvillage.fr\/wp-content\/uploads\/2023\/12\/49.jpg 842w, https:\/\/payra-monvillage.fr\/wp-content\/uploads\/2023\/12\/49-300x212.jpg 300w, https:\/\/payra-monvillage.fr\/wp-content\/uploads\/2023\/12\/49-768x543.jpg 768w\" sizes=\"auto, (max-width: 767px) 89vw, (max-width: 1000px) 54vw, (max-width: 1071px) 543px, 580px\" \/><\/figure>\n\n\n\n<p>Grand tour du Calvaire<\/p>\n\n\n\n<figure class=\"wp-block-image size-full\"><img loading=\"lazy\" decoding=\"async\" width=\"842\" height=\"595\" src=\"https:\/\/payra-monvillage.fr\/wp-content\/uploads\/2023\/12\/50.jpg\" alt=\"\" class=\"wp-image-1985\" srcset=\"https:\/\/payra-monvillage.fr\/wp-content\/uploads\/2023\/12\/50.jpg 842w, https:\/\/payra-monvillage.fr\/wp-content\/uploads\/2023\/12\/50-300x212.jpg 300w, https:\/\/payra-monvillage.fr\/wp-content\/uploads\/2023\/12\/50-768x543.jpg 768w\" sizes=\"auto, (max-width: 767px) 89vw, (max-width: 1000px) 54vw, (max-width: 1071px) 543px, 580px\" \/><\/figure>\n\n\n\n<p>Grand tour du Pech Donnadieu<\/p>\n\n\n\n<figure class=\"wp-block-image size-full\"><img loading=\"lazy\" decoding=\"async\" width=\"842\" height=\"595\" src=\"https:\/\/payra-monvillage.fr\/wp-content\/uploads\/2023\/12\/51.jpg\" alt=\"\" class=\"wp-image-1986\" srcset=\"https:\/\/payra-monvillage.fr\/wp-content\/uploads\/2023\/12\/51.jpg 842w, https:\/\/payra-monvillage.fr\/wp-content\/uploads\/2023\/12\/51-300x212.jpg 300w, https:\/\/payra-monvillage.fr\/wp-content\/uploads\/2023\/12\/51-768x543.jpg 768w\" sizes=\"auto, (max-width: 767px) 89vw, (max-width: 1000px) 54vw, (max-width: 1071px) 543px, 580px\" \/><\/figure>\n\n\n\n<p>Petite balade du Pech Donnadieu<\/p>\n\n\n\n<figure class=\"wp-block-image size-full\"><img loading=\"lazy\" decoding=\"async\" width=\"842\" height=\"595\" src=\"https:\/\/payra-monvillage.fr\/wp-content\/uploads\/2023\/12\/52.jpg\" alt=\"\" class=\"wp-image-1987\" srcset=\"https:\/\/payra-monvillage.fr\/wp-content\/uploads\/2023\/12\/52.jpg 842w, https:\/\/payra-monvillage.fr\/wp-content\/uploads\/2023\/12\/52-300x212.jpg 300w, https:\/\/payra-monvillage.fr\/wp-content\/uploads\/2023\/12\/52-768x543.jpg 768w\" sizes=\"auto, (max-width: 767px) 89vw, (max-width: 1000px) 54vw, (max-width: 1071px) 543px, 580px\" \/><\/figure>\n\n\n\n<p>Petite balade du Calvaire<\/p>\n\n\n\n<figure class=\"wp-block-gallery has-nested-images columns-default is-cropped wp-block-gallery-1 is-layout-flex wp-block-gallery-is-layout-flex\">\n<figure class=\"wp-block-image size-large\"><img loading=\"lazy\" decoding=\"async\" width=\"841\" height=\"579\" data-id=\"1988\" src=\"https:\/\/payra-monvillage.fr\/wp-content\/uploads\/2023\/12\/53.jpg\" alt=\"\" class=\"wp-image-1988\" srcset=\"https:\/\/payra-monvillage.fr\/wp-content\/uploads\/2023\/12\/53.jpg 841w, https:\/\/payra-monvillage.fr\/wp-content\/uploads\/2023\/12\/53-300x207.jpg 300w, https:\/\/payra-monvillage.fr\/wp-content\/uploads\/2023\/12\/53-768x529.jpg 768w\" sizes=\"auto, (max-width: 767px) 89vw, (max-width: 1000px) 54vw, (max-width: 1071px) 543px, 580px\" \/><\/figure>\n<\/figure>\n\n\n\n<figure class=\"wp-block-image size-full\"><img loading=\"lazy\" decoding=\"async\" width=\"839\" height=\"577\" src=\"https:\/\/payra-monvillage.fr\/wp-content\/uploads\/2023\/12\/54.jpg\" alt=\"\" class=\"wp-image-1989\" srcset=\"https:\/\/payra-monvillage.fr\/wp-content\/uploads\/2023\/12\/54.jpg 839w, https:\/\/payra-monvillage.fr\/wp-content\/uploads\/2023\/12\/54-300x206.jpg 300w, https:\/\/payra-monvillage.fr\/wp-content\/uploads\/2023\/12\/54-768x528.jpg 768w\" sizes=\"auto, (max-width: 767px) 89vw, (max-width: 1000px) 54vw, (max-width: 1071px) 543px, 580px\" \/><\/figure>\n\n\n\n<figure class=\"wp-block-image size-full\"><img loading=\"lazy\" decoding=\"async\" width=\"835\" height=\"575\" src=\"https:\/\/payra-monvillage.fr\/wp-content\/uploads\/2023\/12\/55.jpg\" alt=\"\" class=\"wp-image-1990\" srcset=\"https:\/\/payra-monvillage.fr\/wp-content\/uploads\/2023\/12\/55.jpg 835w, https:\/\/payra-monvillage.fr\/wp-content\/uploads\/2023\/12\/55-300x207.jpg 300w, https:\/\/payra-monvillage.fr\/wp-content\/uploads\/2023\/12\/55-768x529.jpg 768w\" sizes=\"auto, (max-width: 767px) 89vw, (max-width: 1000px) 54vw, (max-width: 1071px) 543px, 580px\" \/><\/figure>\n\n\n\n<p>Triptyques cr\u00e9\u00e9 par B\u00e9atrice Del Villar<\/p>\n","protected":false},"excerpt":{"rendered":"<p>Balades autour de Payra Grand tour du Calvaire Grand tour du Pech Donnadieu Petite balade du Pech Donnadieu Petite balade du Calvaire Triptyques cr\u00e9\u00e9 par B\u00e9atrice Del Villar<\/p>\n","protected":false},"author":1,"featured_media":0,"parent":0,"menu_order":0,"comment_status":"closed","ping_status":"closed","template":"","meta":{"footnotes":""},"class_list":["post-1983","page","type-page","status-publish","hentry"],"_links":{"self":[{"href":"https:\/\/payra-monvillage.fr\/index.php\/wp-json\/wp\/v2\/pages\/1983","targetHints":{"allow":["GET"]}}],"collection":[{"href":"https:\/\/payra-monvillage.fr\/index.php\/wp-json\/wp\/v2\/pages"}],"about":[{"href":"https:\/\/payra-monvillage.fr\/index.php\/wp-json\/wp\/v2\/types\/page"}],"author":[{"embeddable":true,"href":"https:\/\/payra-monvillage.fr\/index.php\/wp-json\/wp\/v2\/users\/1"}],"replies":[{"embeddable":true,"href":"https:\/\/payra-monvillage.fr\/index.php\/wp-json\/wp\/v2\/comments?post=1983"}],"version-history":[{"count":1,"href":"https:\/\/payra-monvillage.fr\/index.php\/wp-json\/wp\/v2\/pages\/1983\/revisions"}],"predecessor-version":[{"id":1991,"href":"https:\/\/payra-monvillage.fr\/index.php\/wp-json\/wp\/v2\/pages\/1983\/revisions\/1991"}],"wp:attachment":[{"href":"https:\/\/payra-monvillage.fr\/index.php\/wp-json\/wp\/v2\/media?parent=1983"}],"curies":[{"name":"wp","href":"https:\/\/api.w.org\/{rel}","templated":true}]}}